{"id":5993,"date":"2024-02-07T06:32:03","date_gmt":"2024-02-07T06:32:03","guid":{"rendered":"https:\/\/wpachem.com\/?post_type=product&#038;p=5993"},"modified":"2024-02-07T06:35:31","modified_gmt":"2024-02-07T06:35:31","slug":"asiaticoside-cas-16830-15-2","status":"publish","type":"product","link":"https:\/\/wpachem.com\/tr\/urun\/asiaticoside-cas-16830-15-2\/","title":{"rendered":"Asiatikosit CAS 16830-15-2"},"content":{"rendered":"<p><strong>\u00d6zellik<\/strong><\/p>\n<p>Sar\u0131dan a\u00e7\u0131k kahverengiye kadar de\u011fi\u015fen kristal bir yap\u0131dad\u0131r.<\/p>\n<p><strong>Ba\u015fvuru:<\/strong><\/p>\n<p>Asiaticoside&#039;\u0131n geni\u015f bir t\u0131bbi uygulama yelpazesi vard\u0131r. Anti-inflamatuar, antioksidan ve antibakteriyel biyolojik aktivitelere sahip oldu\u011funa inan\u0131lmaktad\u0131r.<br \/>\nAsiaticoside, romatoid artrit, periodontitis vb. gibi iltihapla ili\u015fkili hastal\u0131klar\u0131n tedavisinde kullan\u0131labilir. Madecassoside ayr\u0131ca sindirimi ve ba\u011f\u0131rsak hareketlili\u011fini art\u0131rarak gastrointestinal sa\u011fl\u0131\u011f\u0131n iyile\u015ftirilmesine yard\u0131mc\u0131 olur.<\/p>","protected":false},"excerpt":{"rendered":"<p>\u00dcr\u00fcn ad\u0131: Asiaticoside<\/p>\n<p>Cas No:16830-15-2<\/p>\n<p>MF:C48H78O19<\/p>\n<p>G\u00f6r\u00fcn\u00fcm: Sar\u0131 ila a\u00e7\u0131k kahverengi kristal<\/p>","protected":false},"featured_media":5849,"template":"","meta":{"_acf_changed":false,"_gspb_post_css":""},"product_brand":[],"product_cat":[55,124,122,103,59],"product_tag":[],"class_list":{"0":"post-5993","1":"product","2":"type-product","3":"status-publish","4":"has-post-thumbnail","6":"product_cat-food-additives","7":"product_cat-food-additives-plant-extract","8":"product_cat-plant-extract","9":"product_cat-nutrition-enhancer","10":"product_cat-acidity-regulators","12":"first","13":"instock","14":"shipping-taxable","15":"product-type-simple"},"acf":[],"_links":{"self":[{"href":"https:\/\/wpachem.com\/tr\/wp-json\/wp\/v2\/product\/5993","targetHints":{"allow":["GET"]}}],"collection":[{"href":"https:\/\/wpachem.com\/tr\/wp-json\/wp\/v2\/product"}],"about":[{"href":"https:\/\/wpachem.com\/tr\/wp-json\/wp\/v2\/types\/product"}],"version-history":[{"count":0,"href":"https:\/\/wpachem.com\/tr\/wp-json\/wp\/v2\/product\/5993\/revisions"}],"wp:featuredmedia":[{"embeddable":true,"href":"https:\/\/wpachem.com\/tr\/wp-json\/wp\/v2\/media\/5849"}],"wp:attachment":[{"href":"https:\/\/wpachem.com\/tr\/wp-json\/wp\/v2\/media?parent=5993"}],"wp:term":[{"taxonomy":"product_brand","embeddable":true,"href":"https:\/\/wpachem.com\/tr\/wp-json\/wp\/v2\/product_brand?post=5993"},{"taxonomy":"product_cat","embeddable":true,"href":"https:\/\/wpachem.com\/tr\/wp-json\/wp\/v2\/product_cat?post=5993"},{"taxonomy":"product_tag","embeddable":true,"href":"https:\/\/wpachem.com\/tr\/wp-json\/wp\/v2\/product_tag?post=5993"}],"curies":[{"name":"wp","href":"https:\/\/api.w.org\/{rel}","templated":true}]}}