{"id":5995,"date":"2024-02-07T06:39:33","date_gmt":"2024-02-07T06:39:33","guid":{"rendered":"https:\/\/wpachem.com\/?post_type=product&#038;p=5995"},"modified":"2024-02-07T06:39:34","modified_gmt":"2024-02-07T06:39:34","slug":"eucalyptus-oil-cas-8000-48-4","status":"publish","type":"product","link":"https:\/\/wpachem.com\/tr\/urun\/eucalyptus-oil-cas-8000-48-4\/","title":{"rendered":"Okalipt\u00fcs Ya\u011f\u0131 CAS 8000-48-4"},"content":{"rendered":"<p><strong>\u00d6zellik<\/strong><\/p>\n<p>Renksizden a\u00e7\u0131k sar\u0131ya kadar de\u011fi\u015fen renkte, okalipt\u00fcs kokulu, keskin, serin t\u0131bbi kokulu.<\/p>\n<p><strong>Ba\u015fvuru:<\/strong><\/p>\n<ol>\n<li>\u00c7o\u011funlukla di\u015f macunu, di\u015f tozu, talk pudras\u0131, sabun, so\u011futma ya\u011f\u0131, r\u00fczgar kremi ve di\u011fer sa\u011fl\u0131k farmas\u00f6tik \u00fcr\u00fcnlerinde kullan\u0131l\u0131r. Ayr\u0131ca g\u00fcnl\u00fck kimyasal \u00fcr\u00fcnlerin baz\u0131 aromalar\u0131n\u0131n haz\u0131rlanmas\u0131nda az miktarda kullan\u0131labilir.<\/li>\n<li>Yenilebilir baharatlar. Genellikle sak\u0131z ve \u00f6ks\u00fcr\u00fck \u015fekeri aromas\u0131 haz\u0131rlamak i\u00e7in kullan\u0131l\u0131r.<\/li>\n<\/ol>","protected":false},"excerpt":{"rendered":"<p>\u00dcr\u00fcn ad\u0131: Okalipt\u00fcs Ya\u011f\u0131<\/p>\n<p>Kasa numaras\u0131:8000-48-4<\/p>\n<p>MF:C10H18O<\/p>\n<p>G\u00f6r\u00fcn\u00fcm: Renksiz ila a\u00e7\u0131k sar\u0131 s\u0131v\u0131<\/p>","protected":false},"featured_media":4816,"template":"","meta":{"_acf_changed":false,"_gspb_post_css":""},"product_brand":[],"product_cat":[61],"product_tag":[],"class_list":{"0":"post-5995","1":"product","2":"type-product","3":"status-publish","4":"has-post-thumbnail","6":"product_cat-flavor-and-fragrance","8":"first","9":"instock","10":"shipping-taxable","11":"product-type-simple"},"acf":[],"_links":{"self":[{"href":"https:\/\/wpachem.com\/tr\/wp-json\/wp\/v2\/product\/5995","targetHints":{"allow":["GET"]}}],"collection":[{"href":"https:\/\/wpachem.com\/tr\/wp-json\/wp\/v2\/product"}],"about":[{"href":"https:\/\/wpachem.com\/tr\/wp-json\/wp\/v2\/types\/product"}],"version-history":[{"count":0,"href":"https:\/\/wpachem.com\/tr\/wp-json\/wp\/v2\/product\/5995\/revisions"}],"wp:featuredmedia":[{"embeddable":true,"href":"https:\/\/wpachem.com\/tr\/wp-json\/wp\/v2\/media\/4816"}],"wp:attachment":[{"href":"https:\/\/wpachem.com\/tr\/wp-json\/wp\/v2\/media?parent=5995"}],"wp:term":[{"taxonomy":"product_brand","embeddable":true,"href":"https:\/\/wpachem.com\/tr\/wp-json\/wp\/v2\/product_brand?post=5995"},{"taxonomy":"product_cat","embeddable":true,"href":"https:\/\/wpachem.com\/tr\/wp-json\/wp\/v2\/product_cat?post=5995"},{"taxonomy":"product_tag","embeddable":true,"href":"https:\/\/wpachem.com\/tr\/wp-json\/wp\/v2\/product_tag?post=5995"}],"curies":[{"name":"wp","href":"https:\/\/api.w.org\/{rel}","templated":true}]}}