{"id":5997,"date":"2024-02-07T06:35:56","date_gmt":"2024-02-07T06:35:56","guid":{"rendered":"https:\/\/wpachem.com\/?post_type=product&#038;p=5997"},"modified":"2024-02-07T06:53:41","modified_gmt":"2024-02-07T06:53:41","slug":"azelaic-acid-cas-123-99-9","status":"publish","type":"product","link":"https:\/\/wpachem.com\/tr\/urun\/azelaic-acid-cas-123-99-9\/","title":{"rendered":"Azelaik asit CAS 123-99-9"},"content":{"rendered":"<p><strong>\u00d6zellik<\/strong><\/p>\n<p>Beyaz kristal veya kat\u0131 toz halindeki madde<\/p>\n<p><strong>Ba\u015fvuru:<\/strong><\/p>\n<p>Kaplamalar ve Re\u00e7ineler: Azelaik asit, kaplama yap\u0131\u015fmas\u0131n\u0131, esnekli\u011fini ve dayan\u0131kl\u0131l\u0131\u011f\u0131n\u0131 art\u0131rmak i\u00e7in kaplamalar\u0131n ve re\u00e7inelerin \u00fcretiminde yayg\u0131n olarak kullan\u0131l\u0131r.<br \/>\nSa\u011fl\u0131k \u00dcr\u00fcnleri: Azelaik asit ayr\u0131ca yumu\u015fat\u0131c\u0131, yumu\u015fat\u0131c\u0131 ve nemlendirici etkileri nedeniyle cilt ve sa\u00e7 bak\u0131m \u00fcr\u00fcnlerinde bir bile\u015fen olarak kullan\u0131l\u0131r.<br \/>\nKimyasal ara maddeler: Azelaik asit, polimerler, boyalar ve kokular gibi di\u011fer bile\u015fiklerin sentezinde de ara madde olarak kullan\u0131labilir.<\/p>","protected":false},"excerpt":{"rendered":"<p>\u00dcr\u00fcn ad\u0131: Azelaik asit<\/p>\n<p>Kasa Numaras\u0131: 123-99-9<\/p>\n<p>MF:C9H16O4<\/p>\n<p>G\u00f6r\u00fcn\u00fcm: Beyaz kristal veya kat\u0131 toz halinde madde<\/p>","protected":false},"featured_media":5179,"template":"","meta":{"_acf_changed":false,"_gspb_post_css":""},"product_brand":[],"product_cat":[60,132,136,128],"product_tag":[],"class_list":{"0":"post-5997","1":"product","2":"type-product","3":"status-publish","4":"has-post-thumbnail","6":"product_cat-cosmetic-ingredients","7":"product_cat-moisturizing","8":"product_cat-repairing","9":"product_cat-tanning-agent","11":"first","12":"instock","13":"shipping-taxable","14":"product-type-simple"},"acf":[],"_links":{"self":[{"href":"https:\/\/wpachem.com\/tr\/wp-json\/wp\/v2\/product\/5997","targetHints":{"allow":["GET"]}}],"collection":[{"href":"https:\/\/wpachem.com\/tr\/wp-json\/wp\/v2\/product"}],"about":[{"href":"https:\/\/wpachem.com\/tr\/wp-json\/wp\/v2\/types\/product"}],"version-history":[{"count":0,"href":"https:\/\/wpachem.com\/tr\/wp-json\/wp\/v2\/product\/5997\/revisions"}],"wp:featuredmedia":[{"embeddable":true,"href":"https:\/\/wpachem.com\/tr\/wp-json\/wp\/v2\/media\/5179"}],"wp:attachment":[{"href":"https:\/\/wpachem.com\/tr\/wp-json\/wp\/v2\/media?parent=5997"}],"wp:term":[{"taxonomy":"product_brand","embeddable":true,"href":"https:\/\/wpachem.com\/tr\/wp-json\/wp\/v2\/product_brand?post=5997"},{"taxonomy":"product_cat","embeddable":true,"href":"https:\/\/wpachem.com\/tr\/wp-json\/wp\/v2\/product_cat?post=5997"},{"taxonomy":"product_tag","embeddable":true,"href":"https:\/\/wpachem.com\/tr\/wp-json\/wp\/v2\/product_tag?post=5997"}],"curies":[{"name":"wp","href":"https:\/\/api.w.org\/{rel}","templated":true}]}}