{"id":6001,"date":"2024-02-07T06:58:58","date_gmt":"2024-02-07T06:58:58","guid":{"rendered":"https:\/\/wpachem.com\/?post_type=product&#038;p=6001"},"modified":"2024-02-07T07:02:40","modified_gmt":"2024-02-07T07:02:40","slug":"vitamin-e-acetate-cas-7695-91-2","status":"publish","type":"product","link":"https:\/\/wpachem.com\/tr\/urun\/vitamin-e-acetate-cas-7695-91-2\/","title":{"rendered":"E Vitamini Asetat CAS 7695-91-2"},"content":{"rendered":"<p><strong>\u00d6zellik<\/strong><\/p>\n<p>Renksiz ila sar\u0131 ya\u011fl\u0131 s\u0131v\u0131<\/p>\n<p><strong>Ba\u015fvuru:<\/strong><\/p>\n<p>E vitamini asetat\u0131 g\u0131da, sa\u011fl\u0131k \u00fcr\u00fcnleri ve kozmetiklerde yayg\u0131n olarak kullan\u0131lmaktad\u0131r.<\/p>\n<p>G\u0131da sekt\u00f6r\u00fcnde g\u0131dalar\u0131n raf \u00f6mr\u00fcn\u00fc uzatmak amac\u0131yla antioksidan olarak kullan\u0131l\u0131r.<\/p>\n<p>Sa\u011fl\u0131k \u00fcr\u00fcnleri alan\u0131nda antioksidan kapasiteyi art\u0131rmak ve sa\u011fl\u0131\u011f\u0131 iyile\u015ftirmek amac\u0131yla besin takviyelerine E vitamini asetat eklenmektedir.<\/p>\n<p>Kozmetiklerde, ya\u015flanan ciltlerin neden oldu\u011fu k\u0131r\u0131\u015f\u0131kl\u0131klar\u0131 ve koyu lekeleri azaltmaya yard\u0131mc\u0131 olmak amac\u0131yla s\u0131kl\u0131kla ya\u015flanma kar\u015f\u0131t\u0131 bir bile\u015fen olarak kullan\u0131l\u0131r.<\/p>","protected":false},"excerpt":{"rendered":"<p>\u00dcr\u00fcn ad\u0131: DL-Laktik asit<\/p>\n<p>Kasa No:50-21-5<\/p>\n<p>MF:C3H6O3<\/p>\n<p>G\u00f6r\u00fcn\u00fcm: Renksiz ila sar\u0131 ya\u011fl\u0131 s\u0131v\u0131<\/p>","protected":false},"featured_media":5867,"template":"","meta":{"_acf_changed":false,"_gspb_post_css":""},"product_brand":[],"product_cat":[55,131,136,103,57,60],"product_tag":[],"class_list":{"0":"post-6001","1":"product","2":"type-product","3":"status-publish","4":"has-post-thumbnail","6":"product_cat-food-additives","7":"product_cat-antioxidant","8":"product_cat-repairing","9":"product_cat-nutrition-enhancer","10":"product_cat-preservative","11":"product_cat-cosmetic-ingredients","13":"first","14":"instock","15":"shipping-taxable","16":"product-type-simple"},"acf":[],"_links":{"self":[{"href":"https:\/\/wpachem.com\/tr\/wp-json\/wp\/v2\/product\/6001","targetHints":{"allow":["GET"]}}],"collection":[{"href":"https:\/\/wpachem.com\/tr\/wp-json\/wp\/v2\/product"}],"about":[{"href":"https:\/\/wpachem.com\/tr\/wp-json\/wp\/v2\/types\/product"}],"version-history":[{"count":0,"href":"https:\/\/wpachem.com\/tr\/wp-json\/wp\/v2\/product\/6001\/revisions"}],"wp:featuredmedia":[{"embeddable":true,"href":"https:\/\/wpachem.com\/tr\/wp-json\/wp\/v2\/media\/5867"}],"wp:attachment":[{"href":"https:\/\/wpachem.com\/tr\/wp-json\/wp\/v2\/media?parent=6001"}],"wp:term":[{"taxonomy":"product_brand","embeddable":true,"href":"https:\/\/wpachem.com\/tr\/wp-json\/wp\/v2\/product_brand?post=6001"},{"taxonomy":"product_cat","embeddable":true,"href":"https:\/\/wpachem.com\/tr\/wp-json\/wp\/v2\/product_cat?post=6001"},{"taxonomy":"product_tag","embeddable":true,"href":"https:\/\/wpachem.com\/tr\/wp-json\/wp\/v2\/product_tag?post=6001"}],"curies":[{"name":"wp","href":"https:\/\/api.w.org\/{rel}","templated":true}]}}