{"id":6003,"date":"2024-02-07T07:06:30","date_gmt":"2024-02-07T07:06:30","guid":{"rendered":"https:\/\/wpachem.com\/?post_type=product&#038;p=6003"},"modified":"2024-02-07T07:17:28","modified_gmt":"2024-02-07T07:17:28","slug":"polyglycerin-10-cas-9041-07-0","status":"publish","type":"product","link":"https:\/\/wpachem.com\/tr\/urun\/polyglycerin-10-cas-9041-07-0\/","title":{"rendered":"POL\u0130GL\u0130SER\u0130N-10 CAS 9041-07-0"},"content":{"rendered":"<p><strong>\u00d6zellik<\/strong><\/p>\n<p>Soluk Sar\u0131 ila A\u00e7\u0131k Sar\u0131 s\u0131v\u0131<\/p>\n<p><strong>Ba\u015fvuru:<\/strong><\/p>\n<p>Poligliserol-10, y\u00fcz temizleyicileri, cilt kremleri, losyonlar, \u015fampuanlar vb. gibi \u00e7e\u015fitli kozmetik \u00fcr\u00fcnlerinde kullan\u0131labilir. Cildi ve sa\u00e7\u0131 temizlemeye yard\u0131mc\u0131 olur, yumu\u015fak ve nemli kalmas\u0131n\u0131 sa\u011flar.<br \/>\nAyr\u0131ca \u00fcr\u00fcn\u00fcn stabilitesini art\u0131r\u0131r ve dokusunu iyile\u015ftirir<\/p>","protected":false},"excerpt":{"rendered":"<p>\u00dcr\u00fcn ad\u0131: POL\u0130GL\u0130SER\u0130N-10<\/p>\n<p>Cas No:9041-07-0<\/p>\n<p>MF:C30H62O21<\/p>\n<p>G\u00f6r\u00fcn\u00fcm: Soluk Sar\u0131 ila A\u00e7\u0131k Sar\u0131 s\u0131v\u0131<\/p>","protected":false},"featured_media":3322,"template":"","meta":{"_acf_changed":false,"_gspb_post_css":""},"product_brand":[],"product_cat":[60,132,128],"product_tag":[],"class_list":{"0":"post-6003","1":"product","2":"type-product","3":"status-publish","4":"has-post-thumbnail","6":"product_cat-cosmetic-ingredients","7":"product_cat-moisturizing","8":"product_cat-tanning-agent","10":"first","11":"instock","12":"shipping-taxable","13":"product-type-simple"},"acf":[],"_links":{"self":[{"href":"https:\/\/wpachem.com\/tr\/wp-json\/wp\/v2\/product\/6003","targetHints":{"allow":["GET"]}}],"collection":[{"href":"https:\/\/wpachem.com\/tr\/wp-json\/wp\/v2\/product"}],"about":[{"href":"https:\/\/wpachem.com\/tr\/wp-json\/wp\/v2\/types\/product"}],"version-history":[{"count":0,"href":"https:\/\/wpachem.com\/tr\/wp-json\/wp\/v2\/product\/6003\/revisions"}],"wp:featuredmedia":[{"embeddable":true,"href":"https:\/\/wpachem.com\/tr\/wp-json\/wp\/v2\/media\/3322"}],"wp:attachment":[{"href":"https:\/\/wpachem.com\/tr\/wp-json\/wp\/v2\/media?parent=6003"}],"wp:term":[{"taxonomy":"product_brand","embeddable":true,"href":"https:\/\/wpachem.com\/tr\/wp-json\/wp\/v2\/product_brand?post=6003"},{"taxonomy":"product_cat","embeddable":true,"href":"https:\/\/wpachem.com\/tr\/wp-json\/wp\/v2\/product_cat?post=6003"},{"taxonomy":"product_tag","embeddable":true,"href":"https:\/\/wpachem.com\/tr\/wp-json\/wp\/v2\/product_tag?post=6003"}],"curies":[{"name":"wp","href":"https:\/\/api.w.org\/{rel}","templated":true}]}}