{"id":6004,"date":"2024-02-07T07:21:10","date_gmt":"2024-02-07T07:21:10","guid":{"rendered":"https:\/\/wpachem.com\/?post_type=product&#038;p=6004"},"modified":"2024-02-07T07:22:02","modified_gmt":"2024-02-07T07:22:02","slug":"natural-camphor","status":"publish","type":"product","link":"https:\/\/wpachem.com\/tr\/urun\/natural-camphor\/","title":{"rendered":"Do\u011fal kafur"},"content":{"rendered":"<p><strong>\u00d6zellik<\/strong><\/p>\n<p>Kafur ya\u011f\u0131na benzer bir kokuya sahip \u015feffaf kristal<\/p>\n<p><strong>Ba\u015fvuru:<\/strong><\/p>\n<p>\u0130la\u00e7 ve kimyasallar i\u00e7in \u00f6nemli bir temel hammaddedir ve plastik, sahte fildi\u015fi, vernik, patlay\u0131c\u0131, b\u00f6cek kovucu, koruyucu maddeler vb. \u00fcretiminde plastikle\u015ftirici olarak kullan\u0131labilir.<\/p>","protected":false},"excerpt":{"rendered":"<p>\u00dcr\u00fcn ad\u0131: Do\u011fal kafur<\/p>\n<p>G\u00f6r\u00fcn\u00fcm: Beyaz kristal<\/p>","protected":false},"featured_media":6007,"template":"","meta":{"_acf_changed":false,"_gspb_post_css":""},"product_brand":[],"product_cat":[61],"product_tag":[],"class_list":{"0":"post-6004","1":"product","2":"type-product","3":"status-publish","4":"has-post-thumbnail","6":"product_cat-flavor-and-fragrance","8":"first","9":"instock","10":"shipping-taxable","11":"product-type-simple"},"acf":[],"_links":{"self":[{"href":"https:\/\/wpachem.com\/tr\/wp-json\/wp\/v2\/product\/6004","targetHints":{"allow":["GET"]}}],"collection":[{"href":"https:\/\/wpachem.com\/tr\/wp-json\/wp\/v2\/product"}],"about":[{"href":"https:\/\/wpachem.com\/tr\/wp-json\/wp\/v2\/types\/product"}],"version-history":[{"count":0,"href":"https:\/\/wpachem.com\/tr\/wp-json\/wp\/v2\/product\/6004\/revisions"}],"wp:featuredmedia":[{"embeddable":true,"href":"https:\/\/wpachem.com\/tr\/wp-json\/wp\/v2\/media\/6007"}],"wp:attachment":[{"href":"https:\/\/wpachem.com\/tr\/wp-json\/wp\/v2\/media?parent=6004"}],"wp:term":[{"taxonomy":"product_brand","embeddable":true,"href":"https:\/\/wpachem.com\/tr\/wp-json\/wp\/v2\/product_brand?post=6004"},{"taxonomy":"product_cat","embeddable":true,"href":"https:\/\/wpachem.com\/tr\/wp-json\/wp\/v2\/product_cat?post=6004"},{"taxonomy":"product_tag","embeddable":true,"href":"https:\/\/wpachem.com\/tr\/wp-json\/wp\/v2\/product_tag?post=6004"}],"curies":[{"name":"wp","href":"https:\/\/api.w.org\/{rel}","templated":true}]}}