{"id":6006,"date":"2024-02-07T07:17:41","date_gmt":"2024-02-07T07:17:41","guid":{"rendered":"https:\/\/wpachem.com\/?post_type=product&#038;p=6006"},"modified":"2024-02-07T07:26:27","modified_gmt":"2024-02-07T07:26:27","slug":"sodium-polyglutamate-cas-28829-38-1","status":"publish","type":"product","link":"https:\/\/wpachem.com\/tr\/urun\/sodium-polyglutamate-cas-28829-38-1\/","title":{"rendered":"SODYUM POL\u0130GLUTAMAT CAS 28829-38-1"},"content":{"rendered":"<p><strong>\u00d6zellik<\/strong><\/p>\n<p>Beyaz kristal toz veya kristal par\u00e7ac\u0131klar<\/p>\n<p><strong>Ba\u015fvuru:<\/strong><\/p>\n<p>1. G\u0131da end\u00fcstrisi: G\u0131da katk\u0131 maddesi olarak sodyum poliglutamat, g\u0131dan\u0131n lezzetini ve dokusunu art\u0131rabilir ve g\u0131dan\u0131n kalitesini iyile\u015ftirebilir.<br \/>\n2. Farmas\u00f6tik alan: Sodyum poliglutamat, ila\u00e7lar\u0131n daha iyi emilmesine ve sal\u0131nmas\u0131na yard\u0131mc\u0131 olabilen ila\u00e7lar\u0131n s\u00fcrekli sal\u0131ml\u0131 ajanlar\u0131 ve yat\u0131\u015ft\u0131r\u0131c\u0131 ajanlar\u0131 haz\u0131rlamak i\u00e7in kullan\u0131labilir.<br \/>\n3. Kozmetik end\u00fcstrisi: Sodyum poliglutamat nemlendirici ve k\u0131r\u0131\u015f\u0131kl\u0131k \u00f6nleyici etkiye sahiptir ve cilt bak\u0131m \u00fcr\u00fcnleri ve kozmetiklerde kullan\u0131labilir.<\/p>","protected":false},"excerpt":{"rendered":"<p>\u00dcr\u00fcn ad\u0131: SODYUM POL\u0130GLUTAMAT<\/p>\n<p>Cas No:28829-38-1<\/p>\n<p>G\u00f6r\u00fcn\u00fcm: Beyaz kristal toz veya kristal par\u00e7ac\u0131klar<\/p>","protected":false},"featured_media":5182,"template":"","meta":{"_acf_changed":false,"_gspb_post_css":""},"product_brand":[],"product_cat":[55,60,101,132,136],"product_tag":[],"class_list":{"0":"post-6006","1":"product","2":"type-product","3":"status-publish","4":"has-post-thumbnail","6":"product_cat-food-additives","7":"product_cat-cosmetic-ingredients","8":"product_cat-flavour-enhancer-food-additives","9":"product_cat-moisturizing","10":"product_cat-repairing","12":"first","13":"instock","14":"shipping-taxable","15":"product-type-simple"},"acf":[],"_links":{"self":[{"href":"https:\/\/wpachem.com\/tr\/wp-json\/wp\/v2\/product\/6006","targetHints":{"allow":["GET"]}}],"collection":[{"href":"https:\/\/wpachem.com\/tr\/wp-json\/wp\/v2\/product"}],"about":[{"href":"https:\/\/wpachem.com\/tr\/wp-json\/wp\/v2\/types\/product"}],"version-history":[{"count":0,"href":"https:\/\/wpachem.com\/tr\/wp-json\/wp\/v2\/product\/6006\/revisions"}],"wp:featuredmedia":[{"embeddable":true,"href":"https:\/\/wpachem.com\/tr\/wp-json\/wp\/v2\/media\/5182"}],"wp:attachment":[{"href":"https:\/\/wpachem.com\/tr\/wp-json\/wp\/v2\/media?parent=6006"}],"wp:term":[{"taxonomy":"product_brand","embeddable":true,"href":"https:\/\/wpachem.com\/tr\/wp-json\/wp\/v2\/product_brand?post=6006"},{"taxonomy":"product_cat","embeddable":true,"href":"https:\/\/wpachem.com\/tr\/wp-json\/wp\/v2\/product_cat?post=6006"},{"taxonomy":"product_tag","embeddable":true,"href":"https:\/\/wpachem.com\/tr\/wp-json\/wp\/v2\/product_tag?post=6006"}],"curies":[{"name":"wp","href":"https:\/\/api.w.org\/{rel}","templated":true}]}}