{"id":6012,"date":"2024-02-07T07:23:36","date_gmt":"2024-02-07T07:23:36","guid":{"rendered":"https:\/\/wpachem.com\/?post_type=product&#038;p=6012"},"modified":"2024-02-07T07:23:36","modified_gmt":"2024-02-07T07:23:36","slug":"d-camphor-cas-464-49-3","status":"publish","type":"product","link":"https:\/\/wpachem.com\/tr\/urun\/d-camphor-cas-464-49-3\/","title":{"rendered":"D-KAFOR CAS 464-49-3"},"content":{"rendered":"<p><strong>\u00d6zellik<\/strong><\/p>\n<p>Beyaz kristal, suda az \u00e7\u00f6z\u00fcn\u00fcr, alkol ve hafif ya\u011fda kolayca \u00e7\u00f6z\u00fcn\u00fcr, ya\u011fda kolayca \u00e7\u00f6z\u00fcn\u00fcr, gliserolde \u00e7ok az \u00e7\u00f6z\u00fcn\u00fcr<\/p>\n<p><strong>Ba\u015fvuru:<\/strong><\/p>\n<p>\u0130la\u00e7 ve kimyasallar i\u00e7in \u00f6nemli bir temel hammaddedir ve plastik, sahte fildi\u015fi, vernik, patlay\u0131c\u0131, b\u00f6cek kovucu, koruyucu maddeler vb. \u00fcretiminde plastikle\u015ftirici olarak kullan\u0131labilir.<\/p>","protected":false},"excerpt":{"rendered":"<p>\u00dcr\u00fcn ad\u0131: Do\u011fal kafur<\/p>\n<p>Kasa no.:464-49-3<\/p>\n<p>MF:C10H16O<\/p>\n<p>G\u00f6r\u00fcn\u00fcm: Beyaz kristal<\/p>","protected":false},"featured_media":6008,"template":"","meta":{"_acf_changed":false,"_gspb_post_css":""},"product_brand":[],"product_cat":[61],"product_tag":[],"class_list":{"0":"post-6012","1":"product","2":"type-product","3":"status-publish","4":"has-post-thumbnail","6":"product_cat-flavor-and-fragrance","8":"first","9":"instock","10":"shipping-taxable","11":"product-type-simple"},"acf":[],"_links":{"self":[{"href":"https:\/\/wpachem.com\/tr\/wp-json\/wp\/v2\/product\/6012","targetHints":{"allow":["GET"]}}],"collection":[{"href":"https:\/\/wpachem.com\/tr\/wp-json\/wp\/v2\/product"}],"about":[{"href":"https:\/\/wpachem.com\/tr\/wp-json\/wp\/v2\/types\/product"}],"version-history":[{"count":0,"href":"https:\/\/wpachem.com\/tr\/wp-json\/wp\/v2\/product\/6012\/revisions"}],"wp:featuredmedia":[{"embeddable":true,"href":"https:\/\/wpachem.com\/tr\/wp-json\/wp\/v2\/media\/6008"}],"wp:attachment":[{"href":"https:\/\/wpachem.com\/tr\/wp-json\/wp\/v2\/media?parent=6012"}],"wp:term":[{"taxonomy":"product_brand","embeddable":true,"href":"https:\/\/wpachem.com\/tr\/wp-json\/wp\/v2\/product_brand?post=6012"},{"taxonomy":"product_cat","embeddable":true,"href":"https:\/\/wpachem.com\/tr\/wp-json\/wp\/v2\/product_cat?post=6012"},{"taxonomy":"product_tag","embeddable":true,"href":"https:\/\/wpachem.com\/tr\/wp-json\/wp\/v2\/product_tag?post=6012"}],"curies":[{"name":"wp","href":"https:\/\/api.w.org\/{rel}","templated":true}]}}