{"id":6018,"date":"2024-02-07T07:32:35","date_gmt":"2024-02-07T07:32:35","guid":{"rendered":"https:\/\/wpachem.com\/?post_type=product&#038;p=6018"},"modified":"2024-02-07T07:32:35","modified_gmt":"2024-02-07T07:32:35","slug":"thymol-cas-89-83-8","status":"publish","type":"product","link":"https:\/\/wpachem.com\/tr\/urun\/thymol-cas-89-83-8\/","title":{"rendered":"Timol CAS 89-83-8"},"content":{"rendered":"<p><strong>\u00d6zellik<\/strong><\/p>\n<p>Kekik benzeri bir kokuya sahip beyaz kristal veya kristal toz<\/p>\n<p><strong>Ba\u015fvuru:<\/strong><\/p>\n<p>Timol, fenolden daha g\u00fc\u00e7l\u00fc bir bakteri \u00f6ld\u00fcr\u00fcc\u00fc etkiye sahiptir ve d\u00fc\u015f\u00fck toksisiteye sahiptir. A\u011f\u0131z ve bo\u011faz mukozas\u0131nda bakteri \u00f6ld\u00fcr\u00fcc\u00fc ve mantar \u00f6ld\u00fcr\u00fcc\u00fc etkiye sahiptir ve \u00e7\u00fcr\u00fck bo\u015flu\u011funda korozyon \u00f6nleyici ve lokal anestezi etkisine sahiptir. A\u011f\u0131z ve bo\u011faz, dermatofitoz, radyomikoz ve otit dezenfeksiyonu ve sterilizasyonu i\u00e7in kullan\u0131l\u0131r. Trakeal sillerin hareketini te\u015fvik edebilir, trakeal mukus salg\u0131lanmas\u0131na yard\u0131mc\u0131 olur, balgam s\u00f6kt\u00fcr\u00fcc\u00fc rol\u00fcn\u00fc kolayca oynar ve bakteri \u00f6ld\u00fcr\u00fcc\u00fc etkiye sahiptir, bu nedenle bron\u015fit, bo\u011fmaca vb. tedavisinde kullan\u0131labilir.<\/p>","protected":false},"excerpt":{"rendered":"<p>\u00dcr\u00fcn ad\u0131: Timol<\/p>\n<p>Kasa numaras\u0131:89-83-8<\/p>\n<p>MF:C10H14O<\/p>\n<p>G\u00f6r\u00fcn\u00fcm: Beyaz kristal<\/p>","protected":false},"featured_media":6007,"template":"","meta":{"_acf_changed":false,"_gspb_post_css":""},"product_brand":[],"product_cat":[61],"product_tag":[],"class_list":{"0":"post-6018","1":"product","2":"type-product","3":"status-publish","4":"has-post-thumbnail","6":"product_cat-flavor-and-fragrance","8":"first","9":"instock","10":"shipping-taxable","11":"product-type-simple"},"acf":[],"_links":{"self":[{"href":"https:\/\/wpachem.com\/tr\/wp-json\/wp\/v2\/product\/6018","targetHints":{"allow":["GET"]}}],"collection":[{"href":"https:\/\/wpachem.com\/tr\/wp-json\/wp\/v2\/product"}],"about":[{"href":"https:\/\/wpachem.com\/tr\/wp-json\/wp\/v2\/types\/product"}],"version-history":[{"count":0,"href":"https:\/\/wpachem.com\/tr\/wp-json\/wp\/v2\/product\/6018\/revisions"}],"wp:featuredmedia":[{"embeddable":true,"href":"https:\/\/wpachem.com\/tr\/wp-json\/wp\/v2\/media\/6007"}],"wp:attachment":[{"href":"https:\/\/wpachem.com\/tr\/wp-json\/wp\/v2\/media?parent=6018"}],"wp:term":[{"taxonomy":"product_brand","embeddable":true,"href":"https:\/\/wpachem.com\/tr\/wp-json\/wp\/v2\/product_brand?post=6018"},{"taxonomy":"product_cat","embeddable":true,"href":"https:\/\/wpachem.com\/tr\/wp-json\/wp\/v2\/product_cat?post=6018"},{"taxonomy":"product_tag","embeddable":true,"href":"https:\/\/wpachem.com\/tr\/wp-json\/wp\/v2\/product_tag?post=6018"}],"curies":[{"name":"wp","href":"https:\/\/api.w.org\/{rel}","templated":true}]}}