{"id":6020,"date":"2024-02-07T07:31:48","date_gmt":"2024-02-07T07:31:48","guid":{"rendered":"https:\/\/wpachem.com\/?post_type=product&#038;p=6020"},"modified":"2024-02-07T07:43:44","modified_gmt":"2024-02-07T07:43:44","slug":"tranexamic-acid-cas-1197-18-8","status":"publish","type":"product","link":"https:\/\/wpachem.com\/tr\/urun\/tranexamic-acid-cas-1197-18-8\/","title":{"rendered":"Traneksamik Asit CAS 1197-18-8"},"content":{"rendered":"<p><strong>\u00d6zellik<\/strong><\/p>\n<p>Renksiz kristal kat\u0131<\/p>\n<p><strong>Ba\u015fvuru:<\/strong><\/p>\n<p>\u0130la\u00e7 alan\u0131: Re\u00e7etesiz sat\u0131lan bir ila\u00e7 olarak, genellikle egzama, kurde\u015fen ve cilt alerjileri gibi a\u011fr\u0131 ve ka\u015f\u0131nt\u0131ya ba\u011fl\u0131 cilt hastal\u0131klar\u0131n\u0131 tedavi etmek i\u00e7in kullan\u0131l\u0131r.<\/p>\n<p>Kozmetik alan\u0131: Aminometilsiklohekzankarboksilik asit, em\u00fclsiyonlar\u0131 ve em\u00fclgat\u00f6rleri stabilize edebildi\u011finden, cilt bak\u0131m \u00fcr\u00fcnleri ve kozmetiklerde koruyucu ve antibakteriyel madde olarak s\u0131kl\u0131kla kullan\u0131l\u0131r.<\/p>","protected":false},"excerpt":{"rendered":"<p>\u00dcr\u00fcn ad\u0131: Traneksamik Asit<\/p>\n<p>Cas No:1197-18-8<\/p>\n<p>MF:C8H15NO2<\/p>\n<p>G\u00f6r\u00fcn\u00fcm: Renksiz kristal kat\u0131<\/p>","protected":false},"featured_media":5182,"template":"","meta":{"_acf_changed":false,"_gspb_post_css":""},"product_brand":[],"product_cat":[60,135],"product_tag":[],"class_list":{"0":"post-6020","1":"product","2":"type-product","3":"status-publish","4":"has-post-thumbnail","6":"product_cat-cosmetic-ingredients","7":"product_cat-preservative-cosmetic-ingredients","9":"first","10":"instock","11":"shipping-taxable","12":"product-type-simple"},"acf":[],"_links":{"self":[{"href":"https:\/\/wpachem.com\/tr\/wp-json\/wp\/v2\/product\/6020","targetHints":{"allow":["GET"]}}],"collection":[{"href":"https:\/\/wpachem.com\/tr\/wp-json\/wp\/v2\/product"}],"about":[{"href":"https:\/\/wpachem.com\/tr\/wp-json\/wp\/v2\/types\/product"}],"version-history":[{"count":0,"href":"https:\/\/wpachem.com\/tr\/wp-json\/wp\/v2\/product\/6020\/revisions"}],"wp:featuredmedia":[{"embeddable":true,"href":"https:\/\/wpachem.com\/tr\/wp-json\/wp\/v2\/media\/5182"}],"wp:attachment":[{"href":"https:\/\/wpachem.com\/tr\/wp-json\/wp\/v2\/media?parent=6020"}],"wp:term":[{"taxonomy":"product_brand","embeddable":true,"href":"https:\/\/wpachem.com\/tr\/wp-json\/wp\/v2\/product_brand?post=6020"},{"taxonomy":"product_cat","embeddable":true,"href":"https:\/\/wpachem.com\/tr\/wp-json\/wp\/v2\/product_cat?post=6020"},{"taxonomy":"product_tag","embeddable":true,"href":"https:\/\/wpachem.com\/tr\/wp-json\/wp\/v2\/product_tag?post=6020"}],"curies":[{"name":"wp","href":"https:\/\/api.w.org\/{rel}","templated":true}]}}