{"id":6025,"date":"2024-02-07T07:44:34","date_gmt":"2024-02-07T07:44:34","guid":{"rendered":"https:\/\/wpachem.com\/?post_type=product&#038;p=6025"},"modified":"2024-02-07T07:54:35","modified_gmt":"2024-02-07T07:54:35","slug":"licorice-cas-84775-66-6","status":"publish","type":"product","link":"https:\/\/wpachem.com\/tr\/urun\/licorice-cas-84775-66-6\/","title":{"rendered":"Meyan k\u00f6k\u00fc CAS 84775-66-6"},"content":{"rendered":"<p><strong>\u00d6zellik<\/strong><\/p>\n<p>Kahverengi-sar\u0131 veya kahverengi-siyah yar\u0131 kat\u0131 form<\/p>\n<p><strong>Ba\u015fvuru:<\/strong><\/p>\n<p>1. Geleneksel \u00c7in t\u0131bb\u0131nda meyan k\u00f6k\u00fc \u00f6z\u00fct\u00fc \u00f6ks\u00fcr\u00fck, bo\u011faz a\u011fr\u0131s\u0131, \u00fclser, haz\u0131ms\u0131zl\u0131k, gastrit ve di\u011fer hastal\u0131klar\u0131 tedavi etmek i\u00e7in yayg\u0131n olarak kullan\u0131l\u0131r. \u0130ltihap \u00f6nleyici, analjezik ve \u00fclser \u00f6nleyici \u00f6zelliklere sahiptir.<\/p>\n<p>2. G\u0131da katk\u0131 maddesi: Tatl\u0131 tad\u0131 nedeniyle meyan k\u00f6k\u00fc \u00f6z\u00fct\u00fc g\u0131da katk\u0131 maddesi ve aroma maddesi olarak kullan\u0131l\u0131r ve genellikle \u015fekerlemelerde, sak\u0131zlarda, tatland\u0131r\u0131c\u0131larda ve i\u00e7eceklerde bulunur.<\/p>\n<p>3. Kozmetikler: Meyan k\u00f6k\u00fc \u00f6z\u00fct\u00fc, yat\u0131\u015ft\u0131r\u0131c\u0131 ve nemlendirici etkileri nedeniyle kozmetiklerde de kullan\u0131l\u0131r.<\/p>","protected":false},"excerpt":{"rendered":"<p>\u00dcr\u00fcn ad\u0131: Meyan k\u00f6k\u00fc<\/p>\n<p>Cas No:84775-66-6<\/p>\n<p>G\u00f6r\u00fcn\u00fcm: Kahverengi-sar\u0131 veya kahverengi-siyah yar\u0131 kat\u0131 form<\/p>","protected":false},"featured_media":6027,"template":"","meta":{"_acf_changed":false,"_gspb_post_css":""},"product_brand":[],"product_cat":[55,132,136,101,60],"product_tag":[],"class_list":{"0":"post-6025","1":"product","2":"type-product","3":"status-publish","4":"has-post-thumbnail","6":"product_cat-food-additives","7":"product_cat-moisturizing","8":"product_cat-repairing","9":"product_cat-flavour-enhancer-food-additives","10":"product_cat-cosmetic-ingredients","12":"first","13":"instock","14":"shipping-taxable","15":"product-type-simple"},"acf":[],"_links":{"self":[{"href":"https:\/\/wpachem.com\/tr\/wp-json\/wp\/v2\/product\/6025","targetHints":{"allow":["GET"]}}],"collection":[{"href":"https:\/\/wpachem.com\/tr\/wp-json\/wp\/v2\/product"}],"about":[{"href":"https:\/\/wpachem.com\/tr\/wp-json\/wp\/v2\/types\/product"}],"version-history":[{"count":0,"href":"https:\/\/wpachem.com\/tr\/wp-json\/wp\/v2\/product\/6025\/revisions"}],"wp:featuredmedia":[{"embeddable":true,"href":"https:\/\/wpachem.com\/tr\/wp-json\/wp\/v2\/media\/6027"}],"wp:attachment":[{"href":"https:\/\/wpachem.com\/tr\/wp-json\/wp\/v2\/media?parent=6025"}],"wp:term":[{"taxonomy":"product_brand","embeddable":true,"href":"https:\/\/wpachem.com\/tr\/wp-json\/wp\/v2\/product_brand?post=6025"},{"taxonomy":"product_cat","embeddable":true,"href":"https:\/\/wpachem.com\/tr\/wp-json\/wp\/v2\/product_cat?post=6025"},{"taxonomy":"product_tag","embeddable":true,"href":"https:\/\/wpachem.com\/tr\/wp-json\/wp\/v2\/product_tag?post=6025"}],"curies":[{"name":"wp","href":"https:\/\/api.w.org\/{rel}","templated":true}]}}