{"id":6026,"date":"2024-02-07T07:57:51","date_gmt":"2024-02-07T07:57:51","guid":{"rendered":"https:\/\/wpachem.com\/?post_type=product&#038;p=6026"},"modified":"2024-02-19T02:32:07","modified_gmt":"2024-02-19T02:32:07","slug":"beta-carotene-cas-7235-40-7","status":"publish","type":"product","link":"https:\/\/wpachem.com\/tr\/urun\/beta-carotene-cas-7235-40-7\/","title":{"rendered":"Do\u011fal G\u0131da Boyas\u0131 Beta Karoten CAS 7235-40-7"},"content":{"rendered":"<p><strong>\u00d6zellik<\/strong><\/p>\n<p>Beta-karoten (beta-karoten), do\u011fada her yerde bulunan ve en kararl\u0131 do\u011fal pigment olan karotenoidlere aittir, turuncu-sar\u0131 ya\u011fda \u00e7\u00f6z\u00fcnen bir bile\u015fiktir, parlak rombohekzaedral Chemicalbook veya kristal tozdur, esas olarak ye\u015fil bitkilerden ve sar\u0131, turuncu meyvelerden ve di\u011fer do\u011fal g\u0131dalardan elde edilir. Beta-karotenin seyreltik \u00e7\u00f6zeltileri turuncu-sar\u0131 ila sar\u0131d\u0131r, daha y\u00fcksek konsantrasyonlarda turuncudur ve \u00e7\u00f6z\u00fcc\u00fcn\u00fcn polaritesine ba\u011fl\u0131 olarak hafif\u00e7e k\u0131rm\u0131z\u0131 olabilir.<\/p>\n<p><strong>Ba\u015fvuru:<\/strong><\/p>\n<p>Yenilebilir turuncu pigment; Besin takviyeleri. Ba\u015fl\u0131ca margarin, eri\u015fte, pasta, i\u00e7ecek ve sa\u011fl\u0131kl\u0131 g\u0131dalarda kullan\u0131l\u0131r.<br \/>\nYem vitamini beslenme g\u00fc\u00e7lendirici ve renklendirici olarak.<br \/>\n\u0130n vitro serbest radikal kaynakl\u0131 peroksidasyonu inhibe etmesi nedeniyle pro-oksidan veya antioksidan g\u00f6revi g\u00f6ren bir antioksidan. \u0130\u015fitme kayb\u0131n\u0131 ve sa\u00e7 h\u00fccresi hasar\u0131n\u0131 azaltan fareler i\u00e7in bir diyet takviyesi.<\/p>","protected":false},"excerpt":{"rendered":"<p>\u00dcr\u00fcn ad\u0131:Beta Karoten<\/p>\n<p>Kasa numaras\u0131: 7235-40-7<\/p>\n<p>MF:C40H56<\/p>\n<p>G\u00f6r\u00fcn\u00fcm: K\u0131rm\u0131z\u0131ms\u0131 mordan koyu k\u0131rm\u0131z\u0131ya kadar kristal toz<\/p>","protected":false},"featured_media":3706,"template":"","meta":{"_acf_changed":false,"_gspb_post_css":""},"product_brand":[],"product_cat":[120],"product_tag":[],"class_list":{"0":"post-6026","1":"product","2":"type-product","3":"status-publish","4":"has-post-thumbnail","6":"product_cat-food-colorants","8":"first","9":"instock","10":"shipping-taxable","11":"product-type-simple"},"acf":[],"_links":{"self":[{"href":"https:\/\/wpachem.com\/tr\/wp-json\/wp\/v2\/product\/6026","targetHints":{"allow":["GET"]}}],"collection":[{"href":"https:\/\/wpachem.com\/tr\/wp-json\/wp\/v2\/product"}],"about":[{"href":"https:\/\/wpachem.com\/tr\/wp-json\/wp\/v2\/types\/product"}],"version-history":[{"count":0,"href":"https:\/\/wpachem.com\/tr\/wp-json\/wp\/v2\/product\/6026\/revisions"}],"wp:featuredmedia":[{"embeddable":true,"href":"https:\/\/wpachem.com\/tr\/wp-json\/wp\/v2\/media\/3706"}],"wp:attachment":[{"href":"https:\/\/wpachem.com\/tr\/wp-json\/wp\/v2\/media?parent=6026"}],"wp:term":[{"taxonomy":"product_brand","embeddable":true,"href":"https:\/\/wpachem.com\/tr\/wp-json\/wp\/v2\/product_brand?post=6026"},{"taxonomy":"product_cat","embeddable":true,"href":"https:\/\/wpachem.com\/tr\/wp-json\/wp\/v2\/product_cat?post=6026"},{"taxonomy":"product_tag","embeddable":true,"href":"https:\/\/wpachem.com\/tr\/wp-json\/wp\/v2\/product_tag?post=6026"}],"curies":[{"name":"wp","href":"https:\/\/api.w.org\/{rel}","templated":true}]}}