{"id":6029,"date":"2024-02-07T07:54:44","date_gmt":"2024-02-07T07:54:44","guid":{"rendered":"https:\/\/wpachem.com\/?post_type=product&#038;p=6029"},"modified":"2024-02-07T08:00:18","modified_gmt":"2024-02-07T08:00:18","slug":"3-o-ethyl-l-ascorbic-acid-cas-86404-04-8","status":"publish","type":"product","link":"https:\/\/wpachem.com\/tr\/urun\/3-o-ethyl-l-ascorbic-acid-cas-86404-04-8\/","title":{"rendered":"3-O-Etil-L-askorbik asit CAS 86404-04-8"},"content":{"rendered":"<p><strong>\u00d6zellik<\/strong><\/p>\n<p>Beyaz kristal veya kristal toz<\/p>\n<p><strong>Ba\u015fvuru:<\/strong><\/p>\n<p>Cilt bak\u0131m \u00fcr\u00fcnlerinde ve kozmetiklerde etkili bir antioksidan ve beyazlat\u0131c\u0131 madde olarak yayg\u0131n olarak kullan\u0131l\u0131r. Cilde derinlemesine n\u00fcfuz edebilir ve kolayca oksitlenmez, bu nedenle cilt bak\u0131m \u00fcr\u00fcnlerinde y\u00fcksek stabiliteye ve dayan\u0131kl\u0131l\u0131\u011fa sahiptir.<\/p>","protected":false},"excerpt":{"rendered":"<p>\u00dcr\u00fcn ad\u0131: 3-O-Etil-L-askorbik asit<\/p>\n<p>Cas No:86404-04-8<\/p>\n<p>MF:C8H12O6<\/p>\n<p>G\u00f6r\u00fcn\u00fcm: Beyaz kristal veya kristal toz<\/p>","protected":false},"featured_media":2159,"template":"","meta":{"_acf_changed":false,"_gspb_post_css":""},"product_brand":[],"product_cat":[60,131,129],"product_tag":[],"class_list":{"0":"post-6029","1":"product","2":"type-product","3":"status-publish","4":"has-post-thumbnail","6":"product_cat-cosmetic-ingredients","7":"product_cat-antioxidant","8":"product_cat-whitening-agent","10":"first","11":"instock","12":"shipping-taxable","13":"product-type-simple"},"acf":[],"_links":{"self":[{"href":"https:\/\/wpachem.com\/tr\/wp-json\/wp\/v2\/product\/6029","targetHints":{"allow":["GET"]}}],"collection":[{"href":"https:\/\/wpachem.com\/tr\/wp-json\/wp\/v2\/product"}],"about":[{"href":"https:\/\/wpachem.com\/tr\/wp-json\/wp\/v2\/types\/product"}],"version-history":[{"count":0,"href":"https:\/\/wpachem.com\/tr\/wp-json\/wp\/v2\/product\/6029\/revisions"}],"wp:featuredmedia":[{"embeddable":true,"href":"https:\/\/wpachem.com\/tr\/wp-json\/wp\/v2\/media\/2159"}],"wp:attachment":[{"href":"https:\/\/wpachem.com\/tr\/wp-json\/wp\/v2\/media?parent=6029"}],"wp:term":[{"taxonomy":"product_brand","embeddable":true,"href":"https:\/\/wpachem.com\/tr\/wp-json\/wp\/v2\/product_brand?post=6029"},{"taxonomy":"product_cat","embeddable":true,"href":"https:\/\/wpachem.com\/tr\/wp-json\/wp\/v2\/product_cat?post=6029"},{"taxonomy":"product_tag","embeddable":true,"href":"https:\/\/wpachem.com\/tr\/wp-json\/wp\/v2\/product_tag?post=6029"}],"curies":[{"name":"wp","href":"https:\/\/api.w.org\/{rel}","templated":true}]}}