{"id":6031,"date":"2024-02-07T08:07:38","date_gmt":"2024-02-07T08:07:38","guid":{"rendered":"https:\/\/wpachem.com\/?post_type=product&#038;p=6031"},"modified":"2024-02-19T02:31:57","modified_gmt":"2024-02-19T02:31:57","slug":"gardenia-yellow-cas-94238-00-3","status":"publish","type":"product","link":"https:\/\/wpachem.com\/tr\/urun\/gardenia-yellow-cas-94238-00-3\/","title":{"rendered":"Do\u011fal G\u0131da Boyas\u0131 Gardenya Sar\u0131 CAS 94238-00-3"},"content":{"rendered":"<p><strong>\u00d6zellik<\/strong><\/p>\n<p>Sar\u0131 cisim, s\u0131v\u0131 veya macun, hatta sar\u0131dan turuncu-sar\u0131ya kadar kristal toz.<\/p>\n<p><strong>Ba\u015fvuru:<\/strong><\/p>\n<ol>\n<li>Gardenya sar\u0131 pigmenti esas olarak un \u00fcr\u00fcnlerinin renklendirilmesinde kullan\u0131l\u0131r. Son y\u0131llarda, gardenya sar\u0131 pigmenti, protein ve ni\u015fasta i\u00e7in iyi boyanabilirli\u011fi kullan\u0131larak \u015fekerleme, bal paras\u0131, dondurma ve di\u011fer yiyeceklerde yayg\u0131n olarak kullan\u0131lm\u0131\u015ft\u0131r. Gardenya sar\u0131 pigmentinin kapsaml\u0131 geli\u015fiminde, gardenya sar\u0131 pigmenti ve gardenya mavi pigmenti Japonya&#039;da ye\u015fil pigmente kar\u0131\u015ft\u0131r\u0131lm\u0131\u015f ve iyi ekonomik faydalar elde edilmi\u015ftir. Gardenya sar\u0131 pigmenti, protein, ni\u015fasta vb. i\u00e7in m\u00fckemmel boyama yetene\u011fine sahiptir ve pasta, \u015fekerleme, un, i\u00e7ecek, j\u00f6le, kurabiye, dondurma ve di\u011fer yiyeceklerde yayg\u0131n olarak kullan\u0131labilir.<\/li>\n<li>Kozmetikte kullan\u0131labilir. Gardenya sar\u0131 pigmentinin kozmetik end\u00fcstrisinde uygulama i\u00e7in ko\u015fullara sahip oldu\u011fu d\u00fc\u015f\u00fcn\u00fclmektedir.<\/li>\n<\/ol>","protected":false},"excerpt":{"rendered":"<p>\u00dcr\u00fcn ad\u0131: Gardenya Sar\u0131<\/p>\n<p>Kasa numaras\u0131: 94238-00-3<\/p>\n<p>MF:C44H64O24<\/p>\n<p>G\u00f6r\u00fcn\u00fcm: Sar\u0131 ila turuncu-sar\u0131 kristal toz<\/p>","protected":false},"featured_media":4727,"template":"","meta":{"_acf_changed":false,"_gspb_post_css":""},"product_brand":[],"product_cat":[120],"product_tag":[],"class_list":{"0":"post-6031","1":"product","2":"type-product","3":"status-publish","4":"has-post-thumbnail","6":"product_cat-food-colorants","8":"first","9":"instock","10":"shipping-taxable","11":"product-type-simple"},"acf":[],"_links":{"self":[{"href":"https:\/\/wpachem.com\/tr\/wp-json\/wp\/v2\/product\/6031","targetHints":{"allow":["GET"]}}],"collection":[{"href":"https:\/\/wpachem.com\/tr\/wp-json\/wp\/v2\/product"}],"about":[{"href":"https:\/\/wpachem.com\/tr\/wp-json\/wp\/v2\/types\/product"}],"version-history":[{"count":0,"href":"https:\/\/wpachem.com\/tr\/wp-json\/wp\/v2\/product\/6031\/revisions"}],"wp:featuredmedia":[{"embeddable":true,"href":"https:\/\/wpachem.com\/tr\/wp-json\/wp\/v2\/media\/4727"}],"wp:attachment":[{"href":"https:\/\/wpachem.com\/tr\/wp-json\/wp\/v2\/media?parent=6031"}],"wp:term":[{"taxonomy":"product_brand","embeddable":true,"href":"https:\/\/wpachem.com\/tr\/wp-json\/wp\/v2\/product_brand?post=6031"},{"taxonomy":"product_cat","embeddable":true,"href":"https:\/\/wpachem.com\/tr\/wp-json\/wp\/v2\/product_cat?post=6031"},{"taxonomy":"product_tag","embeddable":true,"href":"https:\/\/wpachem.com\/tr\/wp-json\/wp\/v2\/product_tag?post=6031"}],"curies":[{"name":"wp","href":"https:\/\/api.w.org\/{rel}","templated":true}]}}