{"id":6033,"date":"2024-02-07T08:02:33","date_gmt":"2024-02-07T08:02:33","guid":{"rendered":"https:\/\/wpachem.com\/?post_type=product&#038;p=6033"},"modified":"2024-02-07T08:05:16","modified_gmt":"2024-02-07T08:05:16","slug":"l-carnosine-cas-305-84-0-2","status":"publish","type":"product","link":"https:\/\/wpachem.com\/tr\/urun\/l-carnosine-cas-305-84-0-2\/","title":{"rendered":"L-Karnosin CAS 305-84-0"},"content":{"rendered":"<p><strong>\u00d6zellik<\/strong><\/p>\n<p>Beyaz toz<\/p>\n<p><strong>Ba\u015fvuru:<\/strong><\/p>\n<p>\u00d6ncelikle, h\u00fccre hasar\u0131n\u0131 ve oksidatif stresi azaltabilen antioksidan \u00f6zelliklere sahiptir. Ek olarak, L-karnosin ba\u011f\u0131\u015f\u0131kl\u0131k sistemi i\u015flevini art\u0131rabilir, cilt dokusunu iyile\u015ftirebilir, yara iyile\u015fmesini destekleyebilir ve karaci\u011feri koruyabilir. Bu nedenle, genellikle ila\u00e7larda, sa\u011fl\u0131k \u00fcr\u00fcnlerinde ve kozmetiklerde kullan\u0131l\u0131r.<\/p>","protected":false},"excerpt":{"rendered":"<p>\u00dcr\u00fcn ad\u0131: L-Karnosin<\/p>\n<p>Cas No:305-84-0<\/p>\n<p>MF:C9H14N4O3<\/p>\n<p>G\u00f6r\u00fcn\u00fcm: Beyaz toz<\/p>","protected":false},"featured_media":2216,"template":"","meta":{"_acf_changed":false,"_gspb_post_css":""},"product_brand":[],"product_cat":[60,131],"product_tag":[],"class_list":{"0":"post-6033","1":"product","2":"type-product","3":"status-publish","4":"has-post-thumbnail","6":"product_cat-cosmetic-ingredients","7":"product_cat-antioxidant","9":"first","10":"instock","11":"shipping-taxable","12":"product-type-simple"},"acf":[],"_links":{"self":[{"href":"https:\/\/wpachem.com\/tr\/wp-json\/wp\/v2\/product\/6033","targetHints":{"allow":["GET"]}}],"collection":[{"href":"https:\/\/wpachem.com\/tr\/wp-json\/wp\/v2\/product"}],"about":[{"href":"https:\/\/wpachem.com\/tr\/wp-json\/wp\/v2\/types\/product"}],"version-history":[{"count":0,"href":"https:\/\/wpachem.com\/tr\/wp-json\/wp\/v2\/product\/6033\/revisions"}],"wp:featuredmedia":[{"embeddable":true,"href":"https:\/\/wpachem.com\/tr\/wp-json\/wp\/v2\/media\/2216"}],"wp:attachment":[{"href":"https:\/\/wpachem.com\/tr\/wp-json\/wp\/v2\/media?parent=6033"}],"wp:term":[{"taxonomy":"product_brand","embeddable":true,"href":"https:\/\/wpachem.com\/tr\/wp-json\/wp\/v2\/product_brand?post=6033"},{"taxonomy":"product_cat","embeddable":true,"href":"https:\/\/wpachem.com\/tr\/wp-json\/wp\/v2\/product_cat?post=6033"},{"taxonomy":"product_tag","embeddable":true,"href":"https:\/\/wpachem.com\/tr\/wp-json\/wp\/v2\/product_tag?post=6033"}],"curies":[{"name":"wp","href":"https:\/\/api.w.org\/{rel}","templated":true}]}}