{"id":6035,"date":"2024-02-07T08:06:28","date_gmt":"2024-02-07T08:06:28","guid":{"rendered":"https:\/\/wpachem.com\/?post_type=product&#038;p=6035"},"modified":"2024-02-07T08:16:39","modified_gmt":"2024-02-07T08:16:39","slug":"tea-tree-oil-from-melaleuca-alternifolia-cas-68647-73-4","status":"publish","type":"product","link":"https:\/\/wpachem.com\/tr\/urun\/tea-tree-oil-from-melaleuca-alternifolia-cas-68647-73-4\/","title":{"rendered":"Melaleuca alternifolia&#039;dan \u00e7ay a\u011fac\u0131 ya\u011f\u0131 CAS 68647-73-4"},"content":{"rendered":"<p><strong>\u00d6zellik<\/strong><\/p>\n<p>A\u00e7\u0131k sar\u0131 ya\u011fl\u0131 s\u0131v\u0131<\/p>\n<p><strong>Ba\u015fvuru:<\/strong><\/p>\n<p>1. Antibakteriyel ve antiinflamatuar etkiler: \u00c7ay a\u011fac\u0131 esansiyel ya\u011f\u0131 g\u00fc\u00e7l\u00fc antibakteriyel ve antiinflamatuar \u00f6zelliklere sahiptir ve akne, egzama ve ka\u015f\u0131nt\u0131l\u0131 cilt gibi \u00e7e\u015fitli cilt enfeksiyonlar\u0131n\u0131 ve iltihaplar\u0131n\u0131 tedavi etmek i\u00e7in kullan\u0131labilir.<\/p>\n<p>2. Temizleyici ve b\u00fcz\u00fcc\u00fc etkiler: \u00c7ay a\u011fac\u0131 esansiyel ya\u011f\u0131, cildi ve sa\u00e7\u0131 temizlemek i\u00e7in kullan\u0131labilen etkili bir do\u011fal temizleyicidir. Ayr\u0131ca g\u00f6zenekleri k\u00fc\u00e7\u00fcltebilen ve cildinizin dokusunu iyile\u015ftirebilen b\u00fcz\u00fcc\u00fc \u00f6zelliklere de sahiptir.<\/p>\n<p>3. Rahatlat\u0131c\u0131 ve sakinle\u015ftirici etkiler: \u00c7ay a\u011fac\u0131 esansiyel ya\u011f\u0131, kas a\u011fr\u0131s\u0131n\u0131, artriti ve di\u011fer fiziksel rahats\u0131zl\u0131klar\u0131 yat\u0131\u015ft\u0131rmak ve gidermek i\u00e7in kullan\u0131labilir. Ayr\u0131ca gerginli\u011fi ve kayg\u0131y\u0131 gidermeye ve rahatlamay\u0131 ve uykuyu te\u015fvik etmeye yard\u0131mc\u0131 olabilir.<\/p>","protected":false},"excerpt":{"rendered":"<p>\u00dcr\u00fcn ad\u0131: \u00c7ay a\u011fac\u0131 ya\u011f\u0131<\/p>\n<p>Cas No:68647-73-4<\/p>\n<p>G\u00f6r\u00fcn\u00fcm: A\u00e7\u0131k sar\u0131 ya\u011fl\u0131 s\u0131v\u0131<\/p>","protected":false},"featured_media":3321,"template":"","meta":{"_acf_changed":false,"_gspb_post_css":""},"product_brand":[],"product_cat":[55,131,136,101,60],"product_tag":[],"class_list":{"0":"post-6035","1":"product","2":"type-product","3":"status-publish","4":"has-post-thumbnail","6":"product_cat-food-additives","7":"product_cat-antioxidant","8":"product_cat-repairing","9":"product_cat-flavour-enhancer-food-additives","10":"product_cat-cosmetic-ingredients","12":"first","13":"instock","14":"shipping-taxable","15":"product-type-simple"},"acf":[],"_links":{"self":[{"href":"https:\/\/wpachem.com\/tr\/wp-json\/wp\/v2\/product\/6035","targetHints":{"allow":["GET"]}}],"collection":[{"href":"https:\/\/wpachem.com\/tr\/wp-json\/wp\/v2\/product"}],"about":[{"href":"https:\/\/wpachem.com\/tr\/wp-json\/wp\/v2\/types\/product"}],"version-history":[{"count":0,"href":"https:\/\/wpachem.com\/tr\/wp-json\/wp\/v2\/product\/6035\/revisions"}],"wp:featuredmedia":[{"embeddable":true,"href":"https:\/\/wpachem.com\/tr\/wp-json\/wp\/v2\/media\/3321"}],"wp:attachment":[{"href":"https:\/\/wpachem.com\/tr\/wp-json\/wp\/v2\/media?parent=6035"}],"wp:term":[{"taxonomy":"product_brand","embeddable":true,"href":"https:\/\/wpachem.com\/tr\/wp-json\/wp\/v2\/product_brand?post=6035"},{"taxonomy":"product_cat","embeddable":true,"href":"https:\/\/wpachem.com\/tr\/wp-json\/wp\/v2\/product_cat?post=6035"},{"taxonomy":"product_tag","embeddable":true,"href":"https:\/\/wpachem.com\/tr\/wp-json\/wp\/v2\/product_tag?post=6035"}],"curies":[{"name":"wp","href":"https:\/\/api.w.org\/{rel}","templated":true}]}}