{"id":6038,"date":"2024-02-07T08:16:13","date_gmt":"2024-02-07T08:16:13","guid":{"rendered":"https:\/\/wpachem.com\/?post_type=product&#038;p=6038"},"modified":"2024-02-19T02:31:48","modified_gmt":"2024-02-19T02:31:48","slug":"monascus-yellow-color-cas-74-79-3","status":"publish","type":"product","link":"https:\/\/wpachem.com\/tr\/urun\/monascus-yellow-color-cas-74-79-3\/","title":{"rendered":"Do\u011fal G\u0131da Boyas\u0131 Monascus Sar\u0131 Renk CAS 74-79-3"},"content":{"rendered":"<p><strong>\u00d6zellik<\/strong><\/p>\n<p>Monascus pigmenti, monascus monascus&#039;un ikincil bir metabolitidir. Yap\u0131s\u0131 bir poliketon bile\u015fi\u011fidir. Monascus pigmenti, bir t\u00fcr karma\u015f\u0131k pigmenttir ve tan\u0131mlanm\u0131\u015f ve adland\u0131r\u0131lm\u0131\u015f 6 t\u00fcr monascus pigmenti vard\u0131r.<\/p>\n<p><strong>Ba\u015fvuru:<\/strong><\/p>\n<p>Monascus pigmenti mikrobiyal fermantasyonla haz\u0131rlan\u0131r ve toksisite deneyiyle g\u00fcvenli ve toksik olmad\u0131\u011f\u0131 kan\u0131tlanm\u0131\u015ft\u0131r. Monascus pigmenti \u015fu anda g\u0131da, ila\u00e7, kimya end\u00fcstrisi ve di\u011fer bir\u00e7ok end\u00fcstride kullan\u0131lmaktad\u0131r. Monascus i\u00e7eri\u011fi en y\u00fcksek olan\u0131d\u0131r ve \u00f6nemli bir g\u0131da pigmenti olan sar\u0131 pigment pazar talebinin %&#039;sini kaplar, bu nedenle monascus sar\u0131s\u0131n\u0131n geli\u015ftirilmesi ve kullan\u0131m\u0131 \u00e7ok geni\u015f bir ticari beklentiye sahiptir.<\/p>","protected":false},"excerpt":{"rendered":"<p>\u00dcr\u00fcn ad\u0131: Monascus Sar\u0131<\/p>\n<p>G\u00f6r\u00fcn\u00fcm: Sar\u0131 ila turuncu-sar\u0131 kristal toz<\/p>","protected":false},"featured_media":4728,"template":"","meta":{"_acf_changed":false,"_gspb_post_css":""},"product_brand":[],"product_cat":[120],"product_tag":[],"class_list":{"0":"post-6038","1":"product","2":"type-product","3":"status-publish","4":"has-post-thumbnail","6":"product_cat-food-colorants","8":"first","9":"instock","10":"shipping-taxable","11":"product-type-simple"},"acf":[],"_links":{"self":[{"href":"https:\/\/wpachem.com\/tr\/wp-json\/wp\/v2\/product\/6038","targetHints":{"allow":["GET"]}}],"collection":[{"href":"https:\/\/wpachem.com\/tr\/wp-json\/wp\/v2\/product"}],"about":[{"href":"https:\/\/wpachem.com\/tr\/wp-json\/wp\/v2\/types\/product"}],"version-history":[{"count":0,"href":"https:\/\/wpachem.com\/tr\/wp-json\/wp\/v2\/product\/6038\/revisions"}],"wp:featuredmedia":[{"embeddable":true,"href":"https:\/\/wpachem.com\/tr\/wp-json\/wp\/v2\/media\/4728"}],"wp:attachment":[{"href":"https:\/\/wpachem.com\/tr\/wp-json\/wp\/v2\/media?parent=6038"}],"wp:term":[{"taxonomy":"product_brand","embeddable":true,"href":"https:\/\/wpachem.com\/tr\/wp-json\/wp\/v2\/product_brand?post=6038"},{"taxonomy":"product_cat","embeddable":true,"href":"https:\/\/wpachem.com\/tr\/wp-json\/wp\/v2\/product_cat?post=6038"},{"taxonomy":"product_tag","embeddable":true,"href":"https:\/\/wpachem.com\/tr\/wp-json\/wp\/v2\/product_tag?post=6038"}],"curies":[{"name":"wp","href":"https:\/\/api.w.org\/{rel}","templated":true}]}}