{"id":6040,"date":"2024-02-07T08:22:02","date_gmt":"2024-02-07T08:22:02","guid":{"rendered":"https:\/\/wpachem.com\/?post_type=product&#038;p=6040"},"modified":"2024-04-26T05:38:20","modified_gmt":"2024-04-26T05:38:20","slug":"monascus-red-color-cas-874807-57-5","status":"publish","type":"product","link":"https:\/\/wpachem.com\/tr\/urun\/monascus-red-color-cas-874807-57-5\/","title":{"rendered":"Do\u011fal G\u0131da Boyas\u0131 Monascus K\u0131rm\u0131z\u0131 Renk CAS 874807-57-5"},"content":{"rendered":"<p><strong>\u00d6zellik<\/strong><\/p>\n<p>Koyu k\u0131rm\u0131z\u0131 toz, ya\u011fl\u0131, tats\u0131z ve kokusuz. Etanol ve propilen glikolde \u00e7\u00f6z\u00fcn\u00fcr, suda \u00e7\u00f6z\u00fcnmez. Renk yetene\u011fi g\u00fc\u00e7l\u00fcd\u00fcr, renk tonu pH de\u011ferinden daha az etkilenir, \u0131s\u0131 direnci ve metal iyon \u00f6zelli\u011fi iyidir, ancak \u0131\u015f\u0131k direnci biraz zay\u0131ft\u0131r ve g\u00fcne\u015f \u0131\u015f\u0131\u011f\u0131 solacakt\u0131r. Etanol \u00e7\u00f6zeltisinde iyi bir stabiliteye sahiptir.<\/p>\n<p><strong>Ba\u015fvuru:<\/strong><\/p>\n<p>G\u0131da boyas\u0131 maddesi olarak \u00c7in&#039;in h\u00fck\u00fcmleri, uygun kullan\u0131m ihtiyac\u0131na g\u00f6re kurabiye, \u015fi\u015firilmi\u015f g\u0131da, \u015farap, \u015fekerleme, pi\u015fmi\u015f et \u00fcr\u00fcnleri, soya peyniri, j\u00f6le, baharat sosu, dondurma, dondurma i\u00e7in kullan\u0131labilir.<\/p>","protected":false},"excerpt":{"rendered":"<p>\u00dcr\u00fcn ad\u0131: Monascus K\u0131rm\u0131z\u0131 Renk<\/p>\n<p>G\u00f6r\u00fcn\u00fcm: Koyu k\u0131rm\u0131z\u0131 toz<\/p>","protected":false},"featured_media":3722,"template":"","meta":{"_acf_changed":false,"_gspb_post_css":""},"product_brand":[],"product_cat":[120],"product_tag":[],"class_list":{"0":"post-6040","1":"product","2":"type-product","3":"status-publish","4":"has-post-thumbnail","6":"product_cat-food-colorants","8":"first","9":"instock","10":"shipping-taxable","11":"product-type-simple"},"acf":[],"_links":{"self":[{"href":"https:\/\/wpachem.com\/tr\/wp-json\/wp\/v2\/product\/6040","targetHints":{"allow":["GET"]}}],"collection":[{"href":"https:\/\/wpachem.com\/tr\/wp-json\/wp\/v2\/product"}],"about":[{"href":"https:\/\/wpachem.com\/tr\/wp-json\/wp\/v2\/types\/product"}],"version-history":[{"count":0,"href":"https:\/\/wpachem.com\/tr\/wp-json\/wp\/v2\/product\/6040\/revisions"}],"wp:featuredmedia":[{"embeddable":true,"href":"https:\/\/wpachem.com\/tr\/wp-json\/wp\/v2\/media\/3722"}],"wp:attachment":[{"href":"https:\/\/wpachem.com\/tr\/wp-json\/wp\/v2\/media?parent=6040"}],"wp:term":[{"taxonomy":"product_brand","embeddable":true,"href":"https:\/\/wpachem.com\/tr\/wp-json\/wp\/v2\/product_brand?post=6040"},{"taxonomy":"product_cat","embeddable":true,"href":"https:\/\/wpachem.com\/tr\/wp-json\/wp\/v2\/product_cat?post=6040"},{"taxonomy":"product_tag","embeddable":true,"href":"https:\/\/wpachem.com\/tr\/wp-json\/wp\/v2\/product_tag?post=6040"}],"curies":[{"name":"wp","href":"https:\/\/api.w.org\/{rel}","templated":true}]}}