{"id":6042,"date":"2024-02-07T08:16:51","date_gmt":"2024-02-07T08:16:51","guid":{"rendered":"https:\/\/wpachem.com\/?post_type=product&#038;p=6042"},"modified":"2024-02-07T08:22:49","modified_gmt":"2024-02-07T08:22:49","slug":"polysilicone-15-cas-207574-74-1-parsol-slx","status":"publish","type":"product","link":"https:\/\/wpachem.com\/tr\/urun\/polysilicone-15-cas-207574-74-1-parsol-slx\/","title":{"rendered":"PEG-15 CAS 207574-74-1 PARSOL SLX"},"content":{"rendered":"<p><strong>\u00d6zellik<\/strong><\/p>\n<p>Renksiz ila a\u00e7\u0131k sar\u0131 \u015feffaf s\u0131v\u0131<\/p>\n<p><strong>Ba\u015fvuru:<\/strong><\/p>\n<p>Kozmetik ve kremler, losyonlar, g\u00fcne\u015f kremleri, \u015fampuanlar vb. ki\u015fisel bak\u0131m \u00fcr\u00fcnlerinde s\u0131kl\u0131kla bir bile\u015fen olarak kullan\u0131l\u0131r. Cildi nemlendirip korurken, \u00fcr\u00fcnlerin hissini ve kayganl\u0131\u011f\u0131n\u0131 art\u0131r\u0131r.<\/p>","protected":false},"excerpt":{"rendered":"<p>\u00dcr\u00fcn ad\u0131: PARSOL SLX\/PEG-15<\/p>\n<p>Cas No:207574-74-1<\/p>\n<p>G\u00f6r\u00fcn\u00fcm: Renksiz ila a\u00e7\u0131k sar\u0131 \u015feffaf s\u0131v\u0131<\/p>","protected":false},"featured_media":5867,"template":"","meta":{"_acf_changed":false,"_gspb_post_css":""},"product_brand":[],"product_cat":[60,132,136],"product_tag":[],"class_list":{"0":"post-6042","1":"product","2":"type-product","3":"status-publish","4":"has-post-thumbnail","6":"product_cat-cosmetic-ingredients","7":"product_cat-moisturizing","8":"product_cat-repairing","10":"first","11":"instock","12":"shipping-taxable","13":"product-type-simple"},"acf":[],"_links":{"self":[{"href":"https:\/\/wpachem.com\/tr\/wp-json\/wp\/v2\/product\/6042","targetHints":{"allow":["GET"]}}],"collection":[{"href":"https:\/\/wpachem.com\/tr\/wp-json\/wp\/v2\/product"}],"about":[{"href":"https:\/\/wpachem.com\/tr\/wp-json\/wp\/v2\/types\/product"}],"version-history":[{"count":0,"href":"https:\/\/wpachem.com\/tr\/wp-json\/wp\/v2\/product\/6042\/revisions"}],"wp:featuredmedia":[{"embeddable":true,"href":"https:\/\/wpachem.com\/tr\/wp-json\/wp\/v2\/media\/5867"}],"wp:attachment":[{"href":"https:\/\/wpachem.com\/tr\/wp-json\/wp\/v2\/media?parent=6042"}],"wp:term":[{"taxonomy":"product_brand","embeddable":true,"href":"https:\/\/wpachem.com\/tr\/wp-json\/wp\/v2\/product_brand?post=6042"},{"taxonomy":"product_cat","embeddable":true,"href":"https:\/\/wpachem.com\/tr\/wp-json\/wp\/v2\/product_cat?post=6042"},{"taxonomy":"product_tag","embeddable":true,"href":"https:\/\/wpachem.com\/tr\/wp-json\/wp\/v2\/product_tag?post=6042"}],"curies":[{"name":"wp","href":"https:\/\/api.w.org\/{rel}","templated":true}]}}