{"id":6044,"date":"2024-02-07T08:21:42","date_gmt":"2024-02-07T08:21:42","guid":{"rendered":"https:\/\/wpachem.com\/?post_type=product&#038;p=6044"},"modified":"2024-02-07T08:27:15","modified_gmt":"2024-02-07T08:27:15","slug":"r-mandelic-acid-cas-611-71-2","status":"publish","type":"product","link":"https:\/\/wpachem.com\/tr\/urun\/r-mandelic-acid-cas-611-71-2\/","title":{"rendered":"(R)-(-)-Mandelik asit CAS 611-71-2"},"content":{"rendered":"<p><strong>\u00d6zellik<\/strong><\/p>\n<p>Beyaz kristal tozu<\/p>\n<p><strong>Ba\u015fvuru:<\/strong><\/p>\n<p>D-mandelik asit antioksidan, antibakteriyel ve antiviral etkilere sahip olup g\u0131da, sa\u011fl\u0131k \u00fcr\u00fcnleri ve ila\u00e7larda yayg\u0131n olarak kullan\u0131lmaktad\u0131r.<br \/>\nG\u0131dalar\u0131n oksidatif bozulmas\u0131n\u0131 \u00f6nleyebilir ve g\u0131dalar\u0131n raf \u00f6mr\u00fcn\u00fc uzatabilir;<br \/>\nSa\u011fl\u0131k \u00fcr\u00fcnlerinde ya\u015flanma kar\u015f\u0131t\u0131 rol oynayabilir ve ba\u011f\u0131\u015f\u0131kl\u0131\u011f\u0131 art\u0131rabilir;<br \/>\n\u0130la\u00e7 geli\u015ftirmede D-mandelik asit ayn\u0131 zamanda ila\u00e7 ta\u015f\u0131y\u0131c\u0131 sistemlerinin bir par\u00e7as\u0131 olarak da kullan\u0131l\u0131r.<\/p>","protected":false},"excerpt":{"rendered":"<p>\u00dcr\u00fcn ad\u0131: (R)-(-)-Mandelik asit<\/p>\n<p>Cas No:611-71-2<\/p>\n<p>MF:C8H8O3<\/p>\n<p>G\u00f6r\u00fcn\u00fcm: Beyaz kristal toz<\/p>","protected":false},"featured_media":2183,"template":"","meta":{"_acf_changed":false,"_gspb_post_css":""},"product_brand":[],"product_cat":[55,103],"product_tag":[],"class_list":{"0":"post-6044","1":"product","2":"type-product","3":"status-publish","4":"has-post-thumbnail","6":"product_cat-food-additives","7":"product_cat-nutrition-enhancer","9":"first","10":"instock","11":"shipping-taxable","12":"product-type-simple"},"acf":[],"_links":{"self":[{"href":"https:\/\/wpachem.com\/tr\/wp-json\/wp\/v2\/product\/6044","targetHints":{"allow":["GET"]}}],"collection":[{"href":"https:\/\/wpachem.com\/tr\/wp-json\/wp\/v2\/product"}],"about":[{"href":"https:\/\/wpachem.com\/tr\/wp-json\/wp\/v2\/types\/product"}],"version-history":[{"count":0,"href":"https:\/\/wpachem.com\/tr\/wp-json\/wp\/v2\/product\/6044\/revisions"}],"wp:featuredmedia":[{"embeddable":true,"href":"https:\/\/wpachem.com\/tr\/wp-json\/wp\/v2\/media\/2183"}],"wp:attachment":[{"href":"https:\/\/wpachem.com\/tr\/wp-json\/wp\/v2\/media?parent=6044"}],"wp:term":[{"taxonomy":"product_brand","embeddable":true,"href":"https:\/\/wpachem.com\/tr\/wp-json\/wp\/v2\/product_brand?post=6044"},{"taxonomy":"product_cat","embeddable":true,"href":"https:\/\/wpachem.com\/tr\/wp-json\/wp\/v2\/product_cat?post=6044"},{"taxonomy":"product_tag","embeddable":true,"href":"https:\/\/wpachem.com\/tr\/wp-json\/wp\/v2\/product_tag?post=6044"}],"curies":[{"name":"wp","href":"https:\/\/api.w.org\/{rel}","templated":true}]}}