{"id":6047,"date":"2024-02-07T08:29:07","date_gmt":"2024-02-07T08:29:07","guid":{"rendered":"https:\/\/wpachem.com\/?post_type=product&#038;p=6047"},"modified":"2024-02-19T02:31:19","modified_gmt":"2024-02-19T02:31:19","slug":"carmine-color-cas-1390-65-4","status":"publish","type":"product","link":"https:\/\/wpachem.com\/tr\/urun\/carmine-color-cas-1390-65-4\/","title":{"rendered":"Do\u011fal G\u0131da Boyas\u0131 Karmin Rengi CAS 1390-65-4"},"content":{"rendered":"<p><strong>\u00d6zellik<\/strong><\/p>\n<p>Karmin, karmin veya karmin olarak da adland\u0131r\u0131l\u0131r. Suda \u00e7\u00f6z\u00fcnen sentetik pigment, parlak sar\u0131 a\u00e7\u0131k k\u0131rm\u0131z\u0131, tek renkli \u00e7e\u015fit. G\u0131da, i\u00e7ecek, ila\u00e7, kozmetik, yem, t\u00fct\u00fcn, oyuncak, g\u0131da ambalaj malzemeleri vb.&#039;nin renklendirilmesinde g\u00fcvenle kullan\u0131labilir.<\/p>\n<p><strong>Ba\u015fvuru:<\/strong><\/p>\n<p>Cochineal, alkol ve ya\u011fda \u00e7\u00f6z\u00fcnmeyen, oksidasyona duyarl\u0131 ve proteinle ba\u011flanmas\u0131 kolay, suda da\u011f\u0131lm\u0131\u015f bir tozdur. Ayr\u0131ca s\u00fct \u00fcr\u00fcnleri, et \u00fcr\u00fcnleri, \u015fekerleme, aperatif, me\u015frubat, elma sirkesi, ek\u015fi s\u00fct, f\u0131r\u0131nlanm\u0131\u015f \u00fcr\u00fcnler, re\u00e7eller, j\u00f6leler, kozmetikler, s\u00fct \u00fcr\u00fcnleri, ila\u00e7larda renklendirmek i\u00e7in kullan\u0131l\u0131r.<\/p>","protected":false},"excerpt":{"rendered":"<p>\u00dcr\u00fcn ad\u0131: Monascus K\u0131rm\u0131z\u0131 Renk<\/p>\n<p>MF\uff1aC22H20O13<\/p>\n<p>CAS\uff1a1390-65-4<\/p>\n<p>G\u00f6r\u00fcn\u00fcm: Hafif kokulu koyu k\u0131rm\u0131z\u0131 s\u0131v\u0131.<\/p>","protected":false},"featured_media":3771,"template":"","meta":{"_acf_changed":false,"_gspb_post_css":""},"product_brand":[],"product_cat":[120],"product_tag":[],"class_list":{"0":"post-6047","1":"product","2":"type-product","3":"status-publish","4":"has-post-thumbnail","6":"product_cat-food-colorants","8":"first","9":"instock","10":"shipping-taxable","11":"product-type-simple"},"acf":[],"_links":{"self":[{"href":"https:\/\/wpachem.com\/tr\/wp-json\/wp\/v2\/product\/6047","targetHints":{"allow":["GET"]}}],"collection":[{"href":"https:\/\/wpachem.com\/tr\/wp-json\/wp\/v2\/product"}],"about":[{"href":"https:\/\/wpachem.com\/tr\/wp-json\/wp\/v2\/types\/product"}],"version-history":[{"count":0,"href":"https:\/\/wpachem.com\/tr\/wp-json\/wp\/v2\/product\/6047\/revisions"}],"wp:featuredmedia":[{"embeddable":true,"href":"https:\/\/wpachem.com\/tr\/wp-json\/wp\/v2\/media\/3771"}],"wp:attachment":[{"href":"https:\/\/wpachem.com\/tr\/wp-json\/wp\/v2\/media?parent=6047"}],"wp:term":[{"taxonomy":"product_brand","embeddable":true,"href":"https:\/\/wpachem.com\/tr\/wp-json\/wp\/v2\/product_brand?post=6047"},{"taxonomy":"product_cat","embeddable":true,"href":"https:\/\/wpachem.com\/tr\/wp-json\/wp\/v2\/product_cat?post=6047"},{"taxonomy":"product_tag","embeddable":true,"href":"https:\/\/wpachem.com\/tr\/wp-json\/wp\/v2\/product_tag?post=6047"}],"curies":[{"name":"wp","href":"https:\/\/api.w.org\/{rel}","templated":true}]}}