{"id":6050,"date":"2024-02-07T08:27:38","date_gmt":"2024-02-07T08:27:38","guid":{"rendered":"https:\/\/wpachem.com\/?post_type=product&#038;p=6050"},"modified":"2024-02-07T08:41:22","modified_gmt":"2024-02-07T08:41:22","slug":"ectoine-cas-96702-03-3","status":"publish","type":"product","link":"https:\/\/wpachem.com\/tr\/urun\/ectoine-cas-96702-03-3\/","title":{"rendered":"EKTO\u0130N CAS 96702-03-3"},"content":{"rendered":"<p><strong>\u00d6zellik<\/strong><\/p>\n<p>Beyaz toz<\/p>\n<p><strong>Ba\u015fvuru:<\/strong><\/p>\n<p>Kozmetikte; nemlendirici, k\u0131r\u0131\u015f\u0131kl\u0131k kar\u015f\u0131t\u0131, ya\u015flanma kar\u015f\u0131t\u0131 etki g\u00f6stermek amac\u0131yla krem ve losyon gibi cilt bak\u0131m \u00fcr\u00fcnlerinde kullan\u0131labilir.<\/p>\n<p>Eczac\u0131l\u0131k alan\u0131nda ila\u00e7lar\u0131n stabilitesini ve ge\u00e7irgenli\u011fini art\u0131rmak amac\u0131yla ila\u00e7 katk\u0131 maddelerinin haz\u0131rlanmas\u0131nda kullan\u0131labilir.<\/p>\n<p>Ayr\u0131ca tar\u0131msal alanda bitkilerin kurakl\u0131\u011fa dayan\u0131kl\u0131l\u0131\u011f\u0131n\u0131 ve tuz-alkali stresine kar\u015f\u0131 direncini art\u0131rmak amac\u0131yla da kullan\u0131labilir.<\/p>","protected":false},"excerpt":{"rendered":"<p>\u00dcr\u00fcn ad\u0131: EKTO\u0130N<\/p>\n<p>Cas No:96702-03-3<\/p>\n<p>MF:C6H10N2O2<\/p>\n<p>G\u00f6r\u00fcn\u00fcm: Beyaz toz<\/p>","protected":false},"featured_media":2168,"template":"","meta":{"_acf_changed":false,"_gspb_post_css":""},"product_brand":[],"product_cat":[60,132,136],"product_tag":[],"class_list":{"0":"post-6050","1":"product","2":"type-product","3":"status-publish","4":"has-post-thumbnail","6":"product_cat-cosmetic-ingredients","7":"product_cat-moisturizing","8":"product_cat-repairing","10":"first","11":"instock","12":"shipping-taxable","13":"product-type-simple"},"acf":[],"_links":{"self":[{"href":"https:\/\/wpachem.com\/tr\/wp-json\/wp\/v2\/product\/6050","targetHints":{"allow":["GET"]}}],"collection":[{"href":"https:\/\/wpachem.com\/tr\/wp-json\/wp\/v2\/product"}],"about":[{"href":"https:\/\/wpachem.com\/tr\/wp-json\/wp\/v2\/types\/product"}],"version-history":[{"count":0,"href":"https:\/\/wpachem.com\/tr\/wp-json\/wp\/v2\/product\/6050\/revisions"}],"wp:featuredmedia":[{"embeddable":true,"href":"https:\/\/wpachem.com\/tr\/wp-json\/wp\/v2\/media\/2168"}],"wp:attachment":[{"href":"https:\/\/wpachem.com\/tr\/wp-json\/wp\/v2\/media?parent=6050"}],"wp:term":[{"taxonomy":"product_brand","embeddable":true,"href":"https:\/\/wpachem.com\/tr\/wp-json\/wp\/v2\/product_brand?post=6050"},{"taxonomy":"product_cat","embeddable":true,"href":"https:\/\/wpachem.com\/tr\/wp-json\/wp\/v2\/product_cat?post=6050"},{"taxonomy":"product_tag","embeddable":true,"href":"https:\/\/wpachem.com\/tr\/wp-json\/wp\/v2\/product_tag?post=6050"}],"curies":[{"name":"wp","href":"https:\/\/api.w.org\/{rel}","templated":true}]}}