{"id":6052,"date":"2024-01-12T06:15:16","date_gmt":"2024-01-12T06:15:16","guid":{"rendered":"https:\/\/wpapigments.com\/?post_type=product&amp;p=6052"},"modified":"2024-01-12T06:15:16","modified_gmt":"2024-01-12T06:15:16","slug":"pigment-green-50-blueish-cobalt-green-5550a-p-g-50-cas-no-68186-85-6","status":"publish","type":"product","link":"https:\/\/wpachem.com\/tr\/urun\/pigment-green-50-blueish-cobalt-green-5550a-p-g-50-cas-no-68186-85-6\/","title":{"rendered":"Pigment Ye\u015fil 50 (Mavi Kobalt Ye\u015fil 5550A)\/PG50 CAS No. 68186-85-6"},"content":{"rendered":"<p><strong>\u00d6zellik<\/strong><\/p>\n<p><strong><b>Anne<\/b><\/strong><strong><b>Ben<\/b><\/strong><strong><b>n \u00d6zellikleri<\/b><\/strong>: ye\u015fil toz<\/p>\n<p><strong><b>Ba\u015fvuru:<\/b><\/strong><\/p>\n<ul>\n<li>M\u00fcrekkep Kullan\u0131m\u0131: Solvent bazl\u0131M\u00fcrekkep<\/li>\n<li>Boya Kullan\u0131m\u0131:End\u00fcstriyel Boya,Oto Boya,Bina kaplama\/malzemeleri<\/li>\n<li>Plastik Kullan\u0131m\u0131: PVC, di\u011fer Plastik<\/li>\n<\/ul>","protected":false},"excerpt":{"rendered":"<p><strong><b>\u00dcr\u00fcn Ad\u0131<\/b><\/strong><strong><b>:<\/b><\/strong><strong>\u00a0<\/strong>Mavi Kobalt Ye\u015fili 5550A<\/p>\n<p><strong>Renk \u0130ndeksi:<\/strong>\u00a050 ya\u015f \u00fcst\u00fc<\/p>\n<p><strong>D\u0131\u015f g\u00f6r\u00fcn\u00fc\u015f:<\/strong>\u00a0ye\u015fil toz<\/p>\n<p><strong>CAS Numaras\u0131.<\/strong><strong>: <\/strong>68187-11-1<\/p>","protected":false},"featured_media":7658,"template":"","meta":{"_acf_changed":false,"_gspb_post_css":""},"product_brand":[],"product_cat":[54],"product_tag":[],"class_list":{"0":"post-6052","1":"product","2":"type-product","3":"status-publish","4":"has-post-thumbnail","6":"product_cat-inorganic-pigments","8":"first","9":"instock","10":"shipping-taxable","11":"product-type-simple"},"acf":[],"_links":{"self":[{"href":"https:\/\/wpachem.com\/tr\/wp-json\/wp\/v2\/product\/6052","targetHints":{"allow":["GET"]}}],"collection":[{"href":"https:\/\/wpachem.com\/tr\/wp-json\/wp\/v2\/product"}],"about":[{"href":"https:\/\/wpachem.com\/tr\/wp-json\/wp\/v2\/types\/product"}],"version-history":[{"count":0,"href":"https:\/\/wpachem.com\/tr\/wp-json\/wp\/v2\/product\/6052\/revisions"}],"wp:featuredmedia":[{"embeddable":true,"href":"https:\/\/wpachem.com\/tr\/wp-json\/wp\/v2\/media\/7658"}],"wp:attachment":[{"href":"https:\/\/wpachem.com\/tr\/wp-json\/wp\/v2\/media?parent=6052"}],"wp:term":[{"taxonomy":"product_brand","embeddable":true,"href":"https:\/\/wpachem.com\/tr\/wp-json\/wp\/v2\/product_brand?post=6052"},{"taxonomy":"product_cat","embeddable":true,"href":"https:\/\/wpachem.com\/tr\/wp-json\/wp\/v2\/product_cat?post=6052"},{"taxonomy":"product_tag","embeddable":true,"href":"https:\/\/wpachem.com\/tr\/wp-json\/wp\/v2\/product_tag?post=6052"}],"curies":[{"name":"wp","href":"https:\/\/api.w.org\/{rel}","templated":true}]}}