{"id":6054,"date":"2024-02-07T08:42:28","date_gmt":"2024-02-07T08:42:28","guid":{"rendered":"https:\/\/wpachem.com\/?post_type=product&#038;p=6054"},"modified":"2024-02-07T09:39:36","modified_gmt":"2024-02-07T09:39:36","slug":"pomegranate-bark-extract-cas-84961-57-9","status":"publish","type":"product","link":"https:\/\/wpachem.com\/tr\/urun\/pomegranate-bark-extract-cas-84961-57-9\/","title":{"rendered":"Nar Kabu\u011fu \u00d6z\u00fct\u00fc CAS 84961-57-9"},"content":{"rendered":"<p><strong>\u00d6zellik<\/strong><\/p>\n<p>Kahverengi toz<\/p>\n<p><strong>Ba\u015fvuru:<\/strong><\/p>\n<p>1. G\u0131da ve i\u00e7ecek katk\u0131 maddeleri: Nar kabu\u011fu \u00f6z\u00fct\u00fc, g\u0131da ve i\u00e7eceklerde do\u011fal renklendirici, koruyucu ve antioksidan olarak kullan\u0131labilir.<\/p>\n<p>2. \u0130la\u00e7 ve sa\u011fl\u0131k \u00fcr\u00fcnleri: Nar kabu\u011fu \u00f6z\u00fct\u00fc, kalp-damar sa\u011fl\u0131\u011f\u0131na faydal\u0131 oldu\u011fu gibi, anti-diyabetik, antikanser ve ba\u011f\u0131\u015f\u0131kl\u0131k sistemini d\u00fczenleyici etkilere de sahiptir.<\/p>\n<p>3. Cilt bak\u0131m \u00fcr\u00fcnleri: Nar kabu\u011fu \u00f6z\u00fct\u00fc antioksidan ve iltihap giderici \u00f6zellikleri nedeniyle s\u0131kl\u0131kla beyazlatma, ya\u015flanma kar\u015f\u0131t\u0131 ve iltihap giderici olarak kozmetiklere eklenir.<\/p>","protected":false},"excerpt":{"rendered":"<p>\u00dcr\u00fcn ad\u0131: Nar Kabu\u011fu \u00d6z\u00fc<\/p>\n<p>Cas No:84961-57-9<\/p>\n<p>G\u00f6r\u00fcn\u00fcm: Kahverengi toz<\/p>","protected":false},"featured_media":6061,"template":"","meta":{"_acf_changed":false,"_gspb_post_css":""},"product_brand":[],"product_cat":[60,125,124,120,122,136,129,55,101,57],"product_tag":[],"class_list":{"0":"post-6054","1":"product","2":"type-product","3":"status-publish","4":"has-post-thumbnail","6":"product_cat-cosmetic-ingredients","7":"product_cat-cosmetic-raw-materials","8":"product_cat-food-additives-plant-extract","9":"product_cat-food-colorants","10":"product_cat-plant-extract","11":"product_cat-repairing","12":"product_cat-whitening-agent","13":"product_cat-food-additives","14":"product_cat-flavour-enhancer-food-additives","15":"product_cat-preservative","17":"first","18":"instock","19":"shipping-taxable","20":"product-type-simple"},"acf":[],"_links":{"self":[{"href":"https:\/\/wpachem.com\/tr\/wp-json\/wp\/v2\/product\/6054","targetHints":{"allow":["GET"]}}],"collection":[{"href":"https:\/\/wpachem.com\/tr\/wp-json\/wp\/v2\/product"}],"about":[{"href":"https:\/\/wpachem.com\/tr\/wp-json\/wp\/v2\/types\/product"}],"version-history":[{"count":0,"href":"https:\/\/wpachem.com\/tr\/wp-json\/wp\/v2\/product\/6054\/revisions"}],"wp:featuredmedia":[{"embeddable":true,"href":"https:\/\/wpachem.com\/tr\/wp-json\/wp\/v2\/media\/6061"}],"wp:attachment":[{"href":"https:\/\/wpachem.com\/tr\/wp-json\/wp\/v2\/media?parent=6054"}],"wp:term":[{"taxonomy":"product_brand","embeddable":true,"href":"https:\/\/wpachem.com\/tr\/wp-json\/wp\/v2\/product_brand?post=6054"},{"taxonomy":"product_cat","embeddable":true,"href":"https:\/\/wpachem.com\/tr\/wp-json\/wp\/v2\/product_cat?post=6054"},{"taxonomy":"product_tag","embeddable":true,"href":"https:\/\/wpachem.com\/tr\/wp-json\/wp\/v2\/product_tag?post=6054"}],"curies":[{"name":"wp","href":"https:\/\/api.w.org\/{rel}","templated":true}]}}