{"id":6055,"date":"2024-02-07T08:48:34","date_gmt":"2024-02-07T08:48:34","guid":{"rendered":"https:\/\/wpachem.com\/?post_type=product&#038;p=6055"},"modified":"2024-02-19T02:31:07","modified_gmt":"2024-02-19T02:31:07","slug":"beetroot-red-color-cas-7659-95-2","status":"publish","type":"product","link":"https:\/\/wpachem.com\/tr\/urun\/beetroot-red-color-cas-7659-95-2\/","title":{"rendered":"Do\u011fal G\u0131da Boyas\u0131 Pancar K\u0131rm\u0131z\u0131 Rengi CAS 7659-95-2"},"content":{"rendered":"<p><strong>\u00d6zellik<\/strong><\/p>\n<p>Pancar k\u0131rm\u0131z\u0131s\u0131 pigmenti, yenilebilir k\u0131rm\u0131z\u0131 pancar\u0131n hammadde olarak \u00e7\u0131kar\u0131lmas\u0131, ayr\u0131lmas\u0131, konsantre edilmesi ve kurutulmas\u0131yla olu\u015fan do\u011fal bir pigmenttir. Ana bile\u015fen pancar antosiyaninidir. Pancar k\u0131rm\u0131z\u0131s\u0131, k\u0131rm\u0131z\u0131 mordan koyu mora kadar de\u011fi\u015fen bir s\u0131v\u0131, toz formundad\u0131r, suda kolayca \u00e7\u00f6z\u00fcn\u00fcr, sulu \u00e7\u00f6zeltisi k\u0131rm\u0131z\u0131dan mora kadar de\u011fi\u015fen, parlak renklidir.<\/p>\n<p><strong>Ba\u015fvuru:<\/strong><\/p>\n<p>So\u011fuk i\u00e7eceklerin, s\u00fct \u00fcr\u00fcnlerinin, meyve \u00fcr\u00fcnlerinin ve \u0131s\u0131t\u0131lmas\u0131 gerekmeyen, i\u00e7ecek olarak kullan\u0131lmayan g\u0131dalar\u0131n vb. renklendirilmesinde k\u0131rm\u0131z\u0131-mor renklendirici olarak kullan\u0131labilir.<br \/>\nDo\u011fal k\u0131rm\u0131z\u0131ms\u0131-mor g\u0131da boyas\u0131.<\/p>","protected":false},"excerpt":{"rendered":"<p>\u00dcr\u00fcn ad\u0131: Monascus K\u0131rm\u0131z\u0131 Renk<\/p>\n<p>MF\uff1aC22H20O13<\/p>\n<p>CAS\uff1a1390-65-4<\/p>\n<p>G\u00f6r\u00fcn\u00fcm: K\u0131rm\u0131z\u0131 ila mor macun veya toz<\/p>","protected":false},"featured_media":3710,"template":"","meta":{"_acf_changed":false,"_gspb_post_css":""},"product_brand":[],"product_cat":[120],"product_tag":[],"class_list":{"0":"post-6055","1":"product","2":"type-product","3":"status-publish","4":"has-post-thumbnail","6":"product_cat-food-colorants","8":"first","9":"instock","10":"shipping-taxable","11":"product-type-simple"},"acf":[],"_links":{"self":[{"href":"https:\/\/wpachem.com\/tr\/wp-json\/wp\/v2\/product\/6055","targetHints":{"allow":["GET"]}}],"collection":[{"href":"https:\/\/wpachem.com\/tr\/wp-json\/wp\/v2\/product"}],"about":[{"href":"https:\/\/wpachem.com\/tr\/wp-json\/wp\/v2\/types\/product"}],"version-history":[{"count":0,"href":"https:\/\/wpachem.com\/tr\/wp-json\/wp\/v2\/product\/6055\/revisions"}],"wp:featuredmedia":[{"embeddable":true,"href":"https:\/\/wpachem.com\/tr\/wp-json\/wp\/v2\/media\/3710"}],"wp:attachment":[{"href":"https:\/\/wpachem.com\/tr\/wp-json\/wp\/v2\/media?parent=6055"}],"wp:term":[{"taxonomy":"product_brand","embeddable":true,"href":"https:\/\/wpachem.com\/tr\/wp-json\/wp\/v2\/product_brand?post=6055"},{"taxonomy":"product_cat","embeddable":true,"href":"https:\/\/wpachem.com\/tr\/wp-json\/wp\/v2\/product_cat?post=6055"},{"taxonomy":"product_tag","embeddable":true,"href":"https:\/\/wpachem.com\/tr\/wp-json\/wp\/v2\/product_tag?post=6055"}],"curies":[{"name":"wp","href":"https:\/\/api.w.org\/{rel}","templated":true}]}}