{"id":6057,"date":"2024-02-07T09:26:42","date_gmt":"2024-02-07T09:26:42","guid":{"rendered":"https:\/\/wpachem.com\/?post_type=product&#038;p=6057"},"modified":"2024-02-19T02:30:58","modified_gmt":"2024-02-19T02:30:58","slug":"paprika-oleoresin-cas-465-42-9","status":"publish","type":"product","link":"https:\/\/wpachem.com\/tr\/urun\/paprika-oleoresin-cas-465-42-9\/","title":{"rendered":"Do\u011fal G\u0131da Boyas\u0131 Paprika Oleoresin CAS 465-42-9"},"content":{"rendered":"<p><strong>\u00d6zellik<\/strong><\/p>\n<p>Koyu k\u0131rm\u0131z\u0131 toz, parlak renk, g\u00fc\u00e7l\u00fc renklendirme g\u00fcc\u00fc, iyi \u0131\u015f\u0131k direnci ve \u00fcr\u00fcn \u0131s\u0131ya dayan\u0131kl\u0131l\u0131k, asit, alkali \u00f6zelliklerine sahiptir ve metal iyonlar\u0131ndan etkilenmez, gres, etanol vb. i\u00e7inde \u00e7\u00f6z\u00fcn\u00fcr, y\u00fcksek safl\u0131kta, d\u00fc\u015f\u00fck \u00e7\u00f6z\u00fcn\u00fcr kal\u0131nt\u0131, d\u00fc\u015f\u00fck metal iyonlar\u0131, daha az kirlilik, baharatl\u0131 tat yok<\/p>\n<p><strong>Ba\u015fvuru:<\/strong><\/p>\n<ol>\n<li>G\u0131da, sa\u011fl\u0131k \u00fcr\u00fcnleri, ila\u00e7, kozmetik, yem ve di\u011fer end\u00fcstrilerde yayg\u0131n olarak kullan\u0131labilir, haz\u0131r eri\u015fte, yemekler, su \u00fcr\u00fcnleri, et, hamur i\u015fleri, salata ya\u011f\u0131, krema, meyve suyu, i\u00e7ecekler, beslenme ve sa\u011fl\u0131k \u00fcr\u00fcnleri, \u00fcst d\u00fczey ruj ve di\u011fer \u00fcr\u00fcnlerde en ideal renklendirici maddedir.<\/li>\n<li>Meyve suyu, i\u00e7ecek, kar\u0131\u015f\u0131k \u015farap, dondurma, \u015fekerleme, bisk\u00fcvi dolgusu, pasta, ekmek, tur\u015fu, \u00e7e\u015fni, pide, k\u0131zarm\u0131\u015f yiyecekler, \u015fi\u015firilmi\u015f haz\u0131r kahvalt\u0131l\u0131k gevrekler ve di\u011fer g\u0131da boyas\u0131 olarak kullan\u0131labilir.<\/li>\n<\/ol>","protected":false},"excerpt":{"rendered":"<p>\u00dcr\u00fcn ad\u0131: Paprika Oleoresin<\/p>\n<p>MF\uff1aC22H20O13<\/p>\n<p>CAS\uff1a465-42-9<\/p>\n<p>G\u00f6r\u00fcn\u00fcm: Koyu k\u0131rm\u0131z\u0131 toz<\/p>","protected":false},"featured_media":3710,"template":"","meta":{"_acf_changed":false,"_gspb_post_css":""},"product_brand":[],"product_cat":[120],"product_tag":[],"class_list":{"0":"post-6057","1":"product","2":"type-product","3":"status-publish","4":"has-post-thumbnail","6":"product_cat-food-colorants","8":"first","9":"instock","10":"shipping-taxable","11":"product-type-simple"},"acf":[],"_links":{"self":[{"href":"https:\/\/wpachem.com\/tr\/wp-json\/wp\/v2\/product\/6057","targetHints":{"allow":["GET"]}}],"collection":[{"href":"https:\/\/wpachem.com\/tr\/wp-json\/wp\/v2\/product"}],"about":[{"href":"https:\/\/wpachem.com\/tr\/wp-json\/wp\/v2\/types\/product"}],"version-history":[{"count":0,"href":"https:\/\/wpachem.com\/tr\/wp-json\/wp\/v2\/product\/6057\/revisions"}],"wp:featuredmedia":[{"embeddable":true,"href":"https:\/\/wpachem.com\/tr\/wp-json\/wp\/v2\/media\/3710"}],"wp:attachment":[{"href":"https:\/\/wpachem.com\/tr\/wp-json\/wp\/v2\/media?parent=6057"}],"wp:term":[{"taxonomy":"product_brand","embeddable":true,"href":"https:\/\/wpachem.com\/tr\/wp-json\/wp\/v2\/product_brand?post=6057"},{"taxonomy":"product_cat","embeddable":true,"href":"https:\/\/wpachem.com\/tr\/wp-json\/wp\/v2\/product_cat?post=6057"},{"taxonomy":"product_tag","embeddable":true,"href":"https:\/\/wpachem.com\/tr\/wp-json\/wp\/v2\/product_tag?post=6057"}],"curies":[{"name":"wp","href":"https:\/\/api.w.org\/{rel}","templated":true}]}}