{"id":6060,"date":"2024-02-07T09:29:24","date_gmt":"2024-02-07T09:29:24","guid":{"rendered":"https:\/\/wpachem.com\/?post_type=product&#038;p=6060"},"modified":"2024-02-07T09:45:10","modified_gmt":"2024-02-07T09:45:10","slug":"pomegranate-bark-extract-cas-84961-57-9-2","status":"publish","type":"product","link":"https:\/\/wpachem.com\/tr\/urun\/pomegranate-bark-extract-cas-84961-57-9-2\/","title":{"rendered":"3,3\u2032-Dihidroksi-beta,beta-karoten-4,4\u2032-dion CAS 472-61-7 Astaksantin"},"content":{"rendered":"<p><strong>\u00d6zellik<\/strong><\/p>\n<p>K\u0131z\u0131l\u0131ms\u0131 kahverengi toz<\/p>\n<p><strong>Ba\u015fvuru:<\/strong><\/p>\n<p>1. G\u0131da Sanayi: Astaksantin, hamur i\u015fleri, bisk\u00fcviler, meyve sular\u0131, s\u00fct \u00fcr\u00fcnleri ve \u00e7e\u015fniler gibi g\u0131dalar\u0131n rengini art\u0131rmak i\u00e7in do\u011fal renklendirici olarak kullan\u0131labilir.<\/p>\n<p>2. Kozmetik end\u00fcstrisi: Astaksantinin antioksidan ve g\u00fczellik etkileri nedeniyle y\u00fcz kremleri, rujlar, g\u00f6z farlar\u0131 vb. gibi kozmetiklerde yayg\u0131n olarak kullan\u0131lmaktad\u0131r.<\/p>","protected":false},"excerpt":{"rendered":"<p>\u00dcr\u00fcn ad\u0131: Astaksantin<\/p>\n<p>Cas No:9472-61-7<\/p>\n<p>MF:C40H52O4<\/p>\n<p>G\u00f6r\u00fcn\u00fcm: K\u0131rm\u0131z\u0131ms\u0131 kahverengi toz<\/p>","protected":false},"featured_media":6069,"template":"","meta":{"_acf_changed":false,"_gspb_post_css":""},"product_brand":[],"product_cat":[60,131,125,124,120,122,136,55],"product_tag":[],"class_list":{"0":"post-6060","1":"product","2":"type-product","3":"status-publish","4":"has-post-thumbnail","6":"product_cat-cosmetic-ingredients","7":"product_cat-antioxidant","8":"product_cat-cosmetic-raw-materials","9":"product_cat-food-additives-plant-extract","10":"product_cat-food-colorants","11":"product_cat-plant-extract","12":"product_cat-repairing","13":"product_cat-food-additives","15":"first","16":"instock","17":"shipping-taxable","18":"product-type-simple"},"acf":[],"_links":{"self":[{"href":"https:\/\/wpachem.com\/tr\/wp-json\/wp\/v2\/product\/6060","targetHints":{"allow":["GET"]}}],"collection":[{"href":"https:\/\/wpachem.com\/tr\/wp-json\/wp\/v2\/product"}],"about":[{"href":"https:\/\/wpachem.com\/tr\/wp-json\/wp\/v2\/types\/product"}],"version-history":[{"count":0,"href":"https:\/\/wpachem.com\/tr\/wp-json\/wp\/v2\/product\/6060\/revisions"}],"wp:featuredmedia":[{"embeddable":true,"href":"https:\/\/wpachem.com\/tr\/wp-json\/wp\/v2\/media\/6069"}],"wp:attachment":[{"href":"https:\/\/wpachem.com\/tr\/wp-json\/wp\/v2\/media?parent=6060"}],"wp:term":[{"taxonomy":"product_brand","embeddable":true,"href":"https:\/\/wpachem.com\/tr\/wp-json\/wp\/v2\/product_brand?post=6060"},{"taxonomy":"product_cat","embeddable":true,"href":"https:\/\/wpachem.com\/tr\/wp-json\/wp\/v2\/product_cat?post=6060"},{"taxonomy":"product_tag","embeddable":true,"href":"https:\/\/wpachem.com\/tr\/wp-json\/wp\/v2\/product_tag?post=6060"}],"curies":[{"name":"wp","href":"https:\/\/api.w.org\/{rel}","templated":true}]}}