{"id":6062,"date":"2024-02-07T09:40:50","date_gmt":"2024-02-07T09:40:50","guid":{"rendered":"https:\/\/wpachem.com\/?post_type=product&#038;p=6062"},"modified":"2024-02-19T02:28:34","modified_gmt":"2024-02-19T02:28:34","slug":"purple-sweet-potato-color","status":"publish","type":"product","link":"https:\/\/wpachem.com\/tr\/urun\/purple-sweet-potato-color\/","title":{"rendered":"Do\u011fal G\u0131da Boyas\u0131 Mor Tatl\u0131 Patates Rengi"},"content":{"rendered":"<div class=\"huaci-result-wrapper\">\n<p><strong>\u00d6zellik<\/strong><\/p>\n<p class=\"target color_text_1\">Mor patates tozu, hammadde olarak taze y\u00fcksek kaliteli mor patatestir, k\u0131r\u0131lm\u0131\u015f, kurutulmu\u015f ve di\u011fer i\u015flemlerden ge\u00e7irilmi\u015ftir, \u00fcr\u00fcn a\u00e7\u0131k mor ila mor suda \u00e7\u00f6z\u00fcn\u00fcr tozdur, kendine \u00f6zg\u00fc kokusu vard\u0131r, g\u00fc\u00e7l\u00fc mor patates kokusu ile kokusuzdur, sadece mor patatesin besinlerini korumakla kalmaz, ayn\u0131 zamanda renklendirme i\u015flevine de sahiptir. \u0130yi suda \u00e7\u00f6z\u00fcn\u00fcrl\u00fck, \u0131s\u0131 direnci, \u0131\u015f\u0131k direnci, iyi stabilite ve g\u00fc\u00e7l\u00fc renklendirme yetene\u011fi \u00f6zelliklerine sahiptir. Uygulama alan\u0131 \u00e7ok geni\u015ftir.<\/p>\n<p><strong>Ba\u015fvuru:<\/strong><\/p>\n<ol>\n<li>Mor patates tozu esas olarak tangyuan, dondurulmu\u015f k\u00f6fte, buharda pi\u015firilmi\u015f \u00e7\u00f6rek, toz toplar ve di\u011fer \u00fcr\u00fcnler i\u00e7in dondurulmu\u015f g\u0131dalarda kullan\u0131l\u0131r ve esas olarak \u00fcr\u00fcn\u00fcn kabu\u011funu renklendirmek ve lezzetini art\u0131rmak i\u00e7in kullan\u0131l\u0131r. \u00dcretim s\u00fcrecinde bu\u011fday ununun bir k\u0131sm\u0131n\u0131 de\u011fi\u015ftirmek i\u00e7in kullan\u0131labilir, ayn\u0131 zamanda mor patates tozu dondurulmu\u015f yo\u011furtta, dondurmada da kullan\u0131labilir.<\/li>\n<li>\u00a0F\u0131r\u0131nc\u0131l\u0131k sekt\u00f6r\u00fcnde, f\u0131r\u0131n aksesuarlar\u0131 olarak yiyeceklere eklenebilen mor patates tozu en yayg\u0131n kullan\u0131lan\u0131d\u0131r. Mor patates ekme\u011fi ve kurabiyeleri gibi yayg\u0131n \u00fcr\u00fcnler yaln\u0131zca ekme\u011fin g\u00f6r\u00fcn\u00fcm seviyesini iyile\u015ftirmekle kalmaz, ayn\u0131 zamanda mor patatesin e\u015fsiz kokusunu da giderebilir. \u00d6zellikle son y\u0131llarda, bir\u00e7ok \u00e7evrimi\u00e7i k\u0131rm\u0131z\u0131 kek d\u00fckkan\u0131, t\u00fcketiciler aras\u0131nda olduk\u00e7a pop\u00fcler olan mor patatesler \u00fczerine \u00e7ok say\u0131da &quot;patlay\u0131c\u0131&quot; \u00fcr\u00fcn piyasaya s\u00fcrd\u00fc. Ayr\u0131ca, mor patates tozunun bir di\u011fer harika rol\u00fc, ister ay kekleri, ister pastalar ve ister Avrupa \u00e7\u00f6rekleri olsun, dolgular yapmakt\u0131r.<\/li>\n<li>\u00a0Mor patates tozu, s\u00fct aromal\u0131 i\u00e7eceklerde, so\u011fuk i\u00e7eceklerde, s\u0131cak i\u00e7eceklerde, bile\u015fik meyve ve sebze sular\u0131nda, haz\u0131r kat\u0131 i\u00e7eceklerde ve di\u011fer \u00fcr\u00fcnlerde hammadde olarak kullan\u0131labilir.<\/li>\n<\/ol>\n<\/div>\n<div class=\"more-container color_bg_dialog\">\n<div class=\"more color_text_3\" data-protocol=\"\"><\/div>\n<\/div>","protected":false},"excerpt":{"rendered":"<p>\u00dcr\u00fcn ad\u0131: Mor Tatl\u0131 Patates Rengi<\/p>\n<p>G\u00f6r\u00fcn\u00fcm: mor toz<\/p>","protected":false},"featured_media":3692,"template":"","meta":{"_acf_changed":false,"_gspb_post_css":""},"product_brand":[],"product_cat":[120],"product_tag":[],"class_list":{"0":"post-6062","1":"product","2":"type-product","3":"status-publish","4":"has-post-thumbnail","6":"product_cat-food-colorants","8":"first","9":"instock","10":"shipping-taxable","11":"product-type-simple"},"acf":[],"_links":{"self":[{"href":"https:\/\/wpachem.com\/tr\/wp-json\/wp\/v2\/product\/6062","targetHints":{"allow":["GET"]}}],"collection":[{"href":"https:\/\/wpachem.com\/tr\/wp-json\/wp\/v2\/product"}],"about":[{"href":"https:\/\/wpachem.com\/tr\/wp-json\/wp\/v2\/types\/product"}],"version-history":[{"count":0,"href":"https:\/\/wpachem.com\/tr\/wp-json\/wp\/v2\/product\/6062\/revisions"}],"wp:featuredmedia":[{"embeddable":true,"href":"https:\/\/wpachem.com\/tr\/wp-json\/wp\/v2\/media\/3692"}],"wp:attachment":[{"href":"https:\/\/wpachem.com\/tr\/wp-json\/wp\/v2\/media?parent=6062"}],"wp:term":[{"taxonomy":"product_brand","embeddable":true,"href":"https:\/\/wpachem.com\/tr\/wp-json\/wp\/v2\/product_brand?post=6062"},{"taxonomy":"product_cat","embeddable":true,"href":"https:\/\/wpachem.com\/tr\/wp-json\/wp\/v2\/product_cat?post=6062"},{"taxonomy":"product_tag","embeddable":true,"href":"https:\/\/wpachem.com\/tr\/wp-json\/wp\/v2\/product_tag?post=6062"}],"curies":[{"name":"wp","href":"https:\/\/api.w.org\/{rel}","templated":true}]}}