{"id":6067,"date":"2024-02-07T09:51:17","date_gmt":"2024-02-07T09:51:17","guid":{"rendered":"https:\/\/wpachem.com\/?post_type=product&#038;p=6067"},"modified":"2024-02-19T02:28:10","modified_gmt":"2024-02-19T02:28:10","slug":"radish-red-color","status":"publish","type":"product","link":"https:\/\/wpachem.com\/tr\/urun\/radish-red-color\/","title":{"rendered":"Do\u011fal G\u0131da Boyas\u0131 Turp K\u0131rm\u0131z\u0131 Rengi"},"content":{"rendered":"<p><strong>\u00d6zellik<\/strong><\/p>\n<p>Turp k\u0131rm\u0131z\u0131s\u0131 pigmenti, suda \u00e7\u00f6z\u00fcnen bir antosiyanin olan pelargonin&#039;in bir glukozit t\u00fcrevidir. Turp k\u0131rm\u0131z\u0131s\u0131 pigmenti, nemi emmesi kolay, topaklanan koyu k\u0131rm\u0131z\u0131 amorf bir tozdur, ancak genellikle kullan\u0131m etkisini etkilemez. Turp k\u0131rm\u0131z\u0131s\u0131, Ulusal G\u0131da Katk\u0131 Maddesi Standart Komitesi taraf\u0131ndan izin verilen do\u011fal pigmentlerden biridir ve g\u0131da, i\u00e7ecek, kozmetik ve ila\u00e7 end\u00fcstrilerinde geni\u015f bir uygulama yelpazesine sahiptir.<\/p>\n<p><strong>Ba\u015fvuru:<\/strong><\/p>\n<ol>\n<li>G\u0131dada turp k\u0131rm\u0131z\u0131 pigmentinin uygulanmas\u0131: g\u0131dan\u0131n \u00fc\u00e7 unsurundan biri olan renk (renk, aroma, tat), g\u0131dan\u0131n i\u015ftah\u0131n\u0131 iyile\u015ftirmek ve i\u015ftah\u0131 uyarmak i\u00e7in b\u00fcy\u00fck \u00f6neme sahiptir. Havu\u00e7tan turp k\u0131rm\u0131z\u0131 pigmenti kimyasal y\u00f6ntemle \u00e7\u0131kar\u0131ld\u0131 ve g\u0131da katk\u0131 maddesi olarak kullan\u0131ld\u0131, bu da sentetik pigmentin baz\u0131 eksikliklerini iyi bir \u015fekilde \u00e7\u00f6zd\u00fc ve yeni bir ara\u015ft\u0131rma y\u00f6n\u00fc haline geldi. Japonya&#039;da art\u0131k bu alanda \u00e7ok fazla ara\u015ft\u0131rma var, g\u0131da j\u00f6lesi, re\u00e7el, \u015fekerleme ve domates sosu uygulamas\u0131.<\/li>\n<li>\u00a0Turp k\u0131rm\u0131z\u0131 pigmentinin i\u00e7eceklerde kullan\u0131m\u0131 Pigment uygulamas\u0131: \u015earap, gazl\u0131 i\u00e7ecekler ve meyve suyu (aromal\u0131) i\u00e7eceklerinin haz\u0131rlanmas\u0131nda, renklendirici veya tamamlay\u0131c\u0131 rol oynamaktad\u0131r.<\/li>\n<\/ol>","protected":false},"excerpt":{"rendered":"<p>\u00dcr\u00fcn ad\u0131: Turp K\u0131rm\u0131z\u0131 Rengi<\/p>\n<p>G\u00f6r\u00fcn\u00fcm: Koyu k\u0131rm\u0131z\u0131 amorf toz<\/p>","protected":false},"featured_media":3783,"template":"","meta":{"_acf_changed":false,"_gspb_post_css":""},"product_brand":[],"product_cat":[120],"product_tag":[],"class_list":{"0":"post-6067","1":"product","2":"type-product","3":"status-publish","4":"has-post-thumbnail","6":"product_cat-food-colorants","8":"first","9":"instock","10":"shipping-taxable","11":"product-type-simple"},"acf":[],"_links":{"self":[{"href":"https:\/\/wpachem.com\/tr\/wp-json\/wp\/v2\/product\/6067","targetHints":{"allow":["GET"]}}],"collection":[{"href":"https:\/\/wpachem.com\/tr\/wp-json\/wp\/v2\/product"}],"about":[{"href":"https:\/\/wpachem.com\/tr\/wp-json\/wp\/v2\/types\/product"}],"version-history":[{"count":0,"href":"https:\/\/wpachem.com\/tr\/wp-json\/wp\/v2\/product\/6067\/revisions"}],"wp:featuredmedia":[{"embeddable":true,"href":"https:\/\/wpachem.com\/tr\/wp-json\/wp\/v2\/media\/3783"}],"wp:attachment":[{"href":"https:\/\/wpachem.com\/tr\/wp-json\/wp\/v2\/media?parent=6067"}],"wp:term":[{"taxonomy":"product_brand","embeddable":true,"href":"https:\/\/wpachem.com\/tr\/wp-json\/wp\/v2\/product_brand?post=6067"},{"taxonomy":"product_cat","embeddable":true,"href":"https:\/\/wpachem.com\/tr\/wp-json\/wp\/v2\/product_cat?post=6067"},{"taxonomy":"product_tag","embeddable":true,"href":"https:\/\/wpachem.com\/tr\/wp-json\/wp\/v2\/product_tag?post=6067"}],"curies":[{"name":"wp","href":"https:\/\/api.w.org\/{rel}","templated":true}]}}