{"id":6071,"date":"2024-02-07T09:45:33","date_gmt":"2024-02-07T09:45:33","guid":{"rendered":"https:\/\/wpachem.com\/?post_type=product&#038;p=6071"},"modified":"2024-02-07T09:49:27","modified_gmt":"2024-02-07T09:49:27","slug":"betaine-cas-107-43-7","status":"publish","type":"product","link":"https:\/\/wpachem.com\/tr\/urun\/betaine-cas-107-43-7\/","title":{"rendered":"Betain CAS 107-43-7"},"content":{"rendered":"<p><strong>\u00d6zellik<\/strong><\/p>\n<p>Renksiz kristal veya beyaz kristal tozu<\/p>\n<p><strong>Ba\u015fvuru:<\/strong><\/p>\n<p>Biyokimya: Biyokimyasal ara\u015ft\u0131rmalarda betain, proteinlerin ve di\u011fer biyolojik makromolek\u00fcllerin denat\u00fcrasyonunu ve hasar\u0131n\u0131 \u00f6nlemek amac\u0131yla s\u0131kl\u0131kla bir \u00e7\u00f6z\u00fcc\u00fc ve koruyucu madde olarak kullan\u0131l\u0131r.<\/p>\n<p>Ar\u0131tma end\u00fcstrisi: Betain, ar\u0131tma end\u00fcstrisinde indirgeyici madde, renk giderici madde ve antioksidan olarak da kullan\u0131labilir.<\/p>\n<p>\u0130la\u00e7 Sanayi: \u0130la\u00e7 sanayinde betain, ila\u00e7lar\u0131n safla\u015ft\u0131r\u0131lmas\u0131 ve \u00fcretiminde kullan\u0131l\u0131r.<\/p>","protected":false},"excerpt":{"rendered":"<p>\u00dcr\u00fcn ad\u0131: Betain<\/p>\n<p>Cas No: 107-43-7<\/p>\n<p>MF:C5H11NO2<\/p>\n<p>G\u00f6r\u00fcn\u00fcm: Renksiz kristal veya beyaz kristal tozu<\/p>","protected":false},"featured_media":5182,"template":"","meta":{"_acf_changed":false,"_gspb_post_css":""},"product_brand":[],"product_cat":[136,69,24],"product_tag":[],"class_list":{"0":"post-6071","1":"product","2":"type-product","3":"status-publish","4":"has-post-thumbnail","6":"product_cat-repairing","7":"product_cat-more","8":"product_cat-uncategorized","10":"first","11":"instock","12":"shipping-taxable","13":"product-type-simple"},"acf":[],"_links":{"self":[{"href":"https:\/\/wpachem.com\/tr\/wp-json\/wp\/v2\/product\/6071","targetHints":{"allow":["GET"]}}],"collection":[{"href":"https:\/\/wpachem.com\/tr\/wp-json\/wp\/v2\/product"}],"about":[{"href":"https:\/\/wpachem.com\/tr\/wp-json\/wp\/v2\/types\/product"}],"version-history":[{"count":0,"href":"https:\/\/wpachem.com\/tr\/wp-json\/wp\/v2\/product\/6071\/revisions"}],"wp:featuredmedia":[{"embeddable":true,"href":"https:\/\/wpachem.com\/tr\/wp-json\/wp\/v2\/media\/5182"}],"wp:attachment":[{"href":"https:\/\/wpachem.com\/tr\/wp-json\/wp\/v2\/media?parent=6071"}],"wp:term":[{"taxonomy":"product_brand","embeddable":true,"href":"https:\/\/wpachem.com\/tr\/wp-json\/wp\/v2\/product_brand?post=6071"},{"taxonomy":"product_cat","embeddable":true,"href":"https:\/\/wpachem.com\/tr\/wp-json\/wp\/v2\/product_cat?post=6071"},{"taxonomy":"product_tag","embeddable":true,"href":"https:\/\/wpachem.com\/tr\/wp-json\/wp\/v2\/product_tag?post=6071"}],"curies":[{"name":"wp","href":"https:\/\/api.w.org\/{rel}","templated":true}]}}