{"id":6075,"date":"2024-02-08T03:48:49","date_gmt":"2024-02-08T03:48:49","guid":{"rendered":"https:\/\/wpachem.com\/?post_type=product&#038;p=6075"},"modified":"2024-02-19T02:28:01","modified_gmt":"2024-02-19T02:28:01","slug":"grape-skin-red-color","status":"publish","type":"product","link":"https:\/\/wpachem.com\/tr\/urun\/grape-skin-red-color\/","title":{"rendered":"Do\u011fal G\u0131da Boyas\u0131 \u00dcz\u00fcm Kabu\u011fu K\u0131rm\u0131z\u0131 Renk"},"content":{"rendered":"<p><strong>\u00d6zellik<\/strong><\/p>\n<p>Morumsu-k\u0131rm\u0131z\u0131 renkte s\u0131v\u0131 veya toz, suda, etanolde ve propilen glikolde \u00e7\u00f6z\u00fcn\u00fcr, gres ya\u011f\u0131nda \u00e7\u00f6z\u00fcnmez.<\/p>\n<p><strong>Ba\u015fvuru:<\/strong><\/p>\n<p>Dondurulmu\u015f i\u00e7ecekler, re\u00e7el, \u015fekerleme, f\u0131r\u0131nlanm\u0131\u015f yiyecekler, \u015farap haz\u0131rlama, i\u00e7ecek ve di\u011fer alanlarda kullan\u0131labilir. K\u00fcresel g\u0131da ve i\u00e7ecek pazar\u0131nda, \u00fcz\u00fcm kabu\u011fu k\u0131rm\u0131z\u0131 pigmenti i\u00e7eren aktif aromal\u0131 i\u00e7ecekler en b\u00fcy\u00fck orana sahipken, bunu yumu\u015fak \u015fekerlemeler takip etmektedir.<\/p>","protected":false},"excerpt":{"rendered":"<p>\u00dcr\u00fcn ad\u0131: \u00dcz\u00fcm Kabu\u011fu K\u0131rm\u0131z\u0131 Renk<\/p>\n<p>G\u00f6r\u00fcn\u00fcm: Morumsu-k\u0131rm\u0131z\u0131 s\u0131v\u0131 veya toz,<\/p>","protected":false},"featured_media":6077,"template":"","meta":{"_acf_changed":false,"_gspb_post_css":""},"product_brand":[],"product_cat":[120],"product_tag":[],"class_list":{"0":"post-6075","1":"product","2":"type-product","3":"status-publish","4":"has-post-thumbnail","6":"product_cat-food-colorants","8":"first","9":"instock","10":"shipping-taxable","11":"product-type-simple"},"acf":[],"_links":{"self":[{"href":"https:\/\/wpachem.com\/tr\/wp-json\/wp\/v2\/product\/6075","targetHints":{"allow":["GET"]}}],"collection":[{"href":"https:\/\/wpachem.com\/tr\/wp-json\/wp\/v2\/product"}],"about":[{"href":"https:\/\/wpachem.com\/tr\/wp-json\/wp\/v2\/types\/product"}],"version-history":[{"count":0,"href":"https:\/\/wpachem.com\/tr\/wp-json\/wp\/v2\/product\/6075\/revisions"}],"wp:featuredmedia":[{"embeddable":true,"href":"https:\/\/wpachem.com\/tr\/wp-json\/wp\/v2\/media\/6077"}],"wp:attachment":[{"href":"https:\/\/wpachem.com\/tr\/wp-json\/wp\/v2\/media?parent=6075"}],"wp:term":[{"taxonomy":"product_brand","embeddable":true,"href":"https:\/\/wpachem.com\/tr\/wp-json\/wp\/v2\/product_brand?post=6075"},{"taxonomy":"product_cat","embeddable":true,"href":"https:\/\/wpachem.com\/tr\/wp-json\/wp\/v2\/product_cat?post=6075"},{"taxonomy":"product_tag","embeddable":true,"href":"https:\/\/wpachem.com\/tr\/wp-json\/wp\/v2\/product_tag?post=6075"}],"curies":[{"name":"wp","href":"https:\/\/api.w.org\/{rel}","templated":true}]}}