{"id":6080,"date":"2024-02-08T04:17:28","date_gmt":"2024-02-08T04:17:28","guid":{"rendered":"https:\/\/wpachem.com\/?post_type=product&#038;p=6080"},"modified":"2024-02-19T02:27:49","modified_gmt":"2024-02-19T02:27:49","slug":"cabbage-red-color","status":"publish","type":"product","link":"https:\/\/wpachem.com\/tr\/urun\/cabbage-red-color\/","title":{"rendered":"Do\u011fal G\u0131da Boyas\u0131 Lahana K\u0131rm\u0131z\u0131 Rengi"},"content":{"rendered":"<p><strong>\u00d6zellik<\/strong><\/p>\n<p>G\u0131da s\u0131n\u0131f\u0131 lahana k\u0131rm\u0131z\u0131 pigmenti, turpgillerden bir bitki olan mor lahanadan \u00e7\u0131kar\u0131l\u0131r ve rafine edilir. \u00dcr\u00fcn\u00fcn g\u00f6r\u00fcn\u00fcm\u00fc k\u0131rm\u0131z\u0131 ila mor siyah tozdur, suda, etanolde, metanol \u00e7\u00f6zeltisinde kolayca \u00e7\u00f6z\u00fcn\u00fcr, benzen, triklorometan, gres ve di\u011fer polar olmayan \u00e7\u00f6z\u00fcc\u00fclerde \u00e7\u00f6z\u00fcnmez<\/p>\n<p><strong>Ba\u015fvuru:<\/strong><\/p>\n<p>K\u00fcresel pazarda g\u0131da ve i\u00e7ecek kategorilerinde lahana k\u0131rm\u0131z\u0131 pigmenti i\u00e7eren ana uygulama kategorileri at\u0131\u015ft\u0131rmal\u0131k tah\u0131l barlar\u0131nda yo\u011funla\u015fm\u0131\u015ft\u0131r, ancak uygulama e\u011filimi azalm\u0131\u015ft\u0131r ve gazl\u0131 i\u00e7ecekler, meyve aromal\u0131 i\u00e7ecekler, kekler ve at\u0131\u015ft\u0131rmal\u0131klardaki uygulama 2023&#039;te art\u0131\u015f e\u011filimi g\u00f6sterecektir.<\/p>","protected":false},"excerpt":{"rendered":"<p>\u00dcr\u00fcn ad\u0131: Lahana K\u0131rm\u0131z\u0131 Rengi<\/p>\n<p>G\u00f6r\u00fcn\u00fcm: k\u0131rm\u0131z\u0131 ila mor siyah toz,<\/p>","protected":false},"featured_media":6077,"template":"","meta":{"_acf_changed":false,"_gspb_post_css":""},"product_brand":[],"product_cat":[120],"product_tag":[],"class_list":{"0":"post-6080","1":"product","2":"type-product","3":"status-publish","4":"has-post-thumbnail","6":"product_cat-food-colorants","8":"first","9":"instock","10":"shipping-taxable","11":"product-type-simple"},"acf":[],"_links":{"self":[{"href":"https:\/\/wpachem.com\/tr\/wp-json\/wp\/v2\/product\/6080","targetHints":{"allow":["GET"]}}],"collection":[{"href":"https:\/\/wpachem.com\/tr\/wp-json\/wp\/v2\/product"}],"about":[{"href":"https:\/\/wpachem.com\/tr\/wp-json\/wp\/v2\/types\/product"}],"version-history":[{"count":0,"href":"https:\/\/wpachem.com\/tr\/wp-json\/wp\/v2\/product\/6080\/revisions"}],"wp:featuredmedia":[{"embeddable":true,"href":"https:\/\/wpachem.com\/tr\/wp-json\/wp\/v2\/media\/6077"}],"wp:attachment":[{"href":"https:\/\/wpachem.com\/tr\/wp-json\/wp\/v2\/media?parent=6080"}],"wp:term":[{"taxonomy":"product_brand","embeddable":true,"href":"https:\/\/wpachem.com\/tr\/wp-json\/wp\/v2\/product_brand?post=6080"},{"taxonomy":"product_cat","embeddable":true,"href":"https:\/\/wpachem.com\/tr\/wp-json\/wp\/v2\/product_cat?post=6080"},{"taxonomy":"product_tag","embeddable":true,"href":"https:\/\/wpachem.com\/tr\/wp-json\/wp\/v2\/product_tag?post=6080"}],"curies":[{"name":"wp","href":"https:\/\/api.w.org\/{rel}","templated":true}]}}