{"id":6084,"date":"2024-02-08T05:07:24","date_gmt":"2024-02-08T05:07:24","guid":{"rendered":"https:\/\/wpachem.com\/?post_type=product&#038;p=6084"},"modified":"2024-02-08T05:48:43","modified_gmt":"2024-02-08T05:48:43","slug":"l-leucine-cas-61-90-5","status":"publish","type":"product","link":"https:\/\/wpachem.com\/tr\/urun\/l-leucine-cas-61-90-5\/","title":{"rendered":"L-L\u00f6sin CAS 61-90-5"},"content":{"rendered":"<p><strong>\u00d6zellik<\/strong><\/p>\n<p>Renksiz, kristal kat\u0131<\/p>\n<p><strong>Ba\u015fvuru:<\/strong><\/p>\n<p>L-l\u00f6sin ayr\u0131ca g\u0131da end\u00fcstrisinde lezzet artt\u0131r\u0131c\u0131 ve iyile\u015ftirici olarak yayg\u0131n olarak kullan\u0131l\u0131r ve \u00e7e\u015fnilerin, sa\u011fl\u0131kl\u0131 g\u0131dalar\u0131n, i\u00e7eceklerin vb. \u00fcretiminde kullan\u0131labilir.<\/p>","protected":false},"excerpt":{"rendered":"<p>\u00dcr\u00fcn ad\u0131: L-L\u00f6sin<\/p>\n<p>Kasa No:61-90-5<\/p>\n<p>MF:C6H13NO2<\/p>\n<p>G\u00f6r\u00fcn\u00fcm: Renksiz, kristal kat\u0131<\/p>","protected":false},"featured_media":5182,"template":"","meta":{"_acf_changed":false,"_gspb_post_css":""},"product_brand":[],"product_cat":[69,55,103,24],"product_tag":[],"class_list":{"0":"post-6084","1":"product","2":"type-product","3":"status-publish","4":"has-post-thumbnail","6":"product_cat-more","7":"product_cat-food-additives","8":"product_cat-nutrition-enhancer","9":"product_cat-uncategorized","11":"first","12":"instock","13":"shipping-taxable","14":"product-type-simple"},"acf":[],"_links":{"self":[{"href":"https:\/\/wpachem.com\/tr\/wp-json\/wp\/v2\/product\/6084","targetHints":{"allow":["GET"]}}],"collection":[{"href":"https:\/\/wpachem.com\/tr\/wp-json\/wp\/v2\/product"}],"about":[{"href":"https:\/\/wpachem.com\/tr\/wp-json\/wp\/v2\/types\/product"}],"version-history":[{"count":0,"href":"https:\/\/wpachem.com\/tr\/wp-json\/wp\/v2\/product\/6084\/revisions"}],"wp:featuredmedia":[{"embeddable":true,"href":"https:\/\/wpachem.com\/tr\/wp-json\/wp\/v2\/media\/5182"}],"wp:attachment":[{"href":"https:\/\/wpachem.com\/tr\/wp-json\/wp\/v2\/media?parent=6084"}],"wp:term":[{"taxonomy":"product_brand","embeddable":true,"href":"https:\/\/wpachem.com\/tr\/wp-json\/wp\/v2\/product_brand?post=6084"},{"taxonomy":"product_cat","embeddable":true,"href":"https:\/\/wpachem.com\/tr\/wp-json\/wp\/v2\/product_cat?post=6084"},{"taxonomy":"product_tag","embeddable":true,"href":"https:\/\/wpachem.com\/tr\/wp-json\/wp\/v2\/product_tag?post=6084"}],"curies":[{"name":"wp","href":"https:\/\/api.w.org\/{rel}","templated":true}]}}