{"id":6086,"date":"2024-02-08T05:49:06","date_gmt":"2024-02-08T05:49:06","guid":{"rendered":"https:\/\/wpachem.com\/?post_type=product&#038;p=6086"},"modified":"2024-02-08T05:50:49","modified_gmt":"2024-02-08T05:50:49","slug":"l-methionine-cas-63-68-3","status":"publish","type":"product","link":"https:\/\/wpachem.com\/tr\/urun\/l-methionine-cas-63-68-3\/","title":{"rendered":"L-Metionin CAS 63-68-3"},"content":{"rendered":"<p><strong>\u00d6zellik<\/strong><\/p>\n<p>Renksiz, kristal kat\u0131<\/p>\n<p><strong>Ba\u015fvuru:<\/strong><\/p>\n<p>L-metionin, ila\u00e7 ve sa\u011fl\u0131k \u00fcr\u00fcnleri end\u00fcstrilerinde yayg\u0131n olarak kullan\u0131l\u0131r. Kas b\u00fcy\u00fcmesini ve onar\u0131m\u0131n\u0131 iyile\u015ftirmek, ba\u011f\u0131\u015f\u0131kl\u0131k sistemi i\u015flevini geli\u015ftirmek ve yara iyile\u015fmesini desteklemek gibi ama\u00e7lar i\u00e7in besin takviyesi olarak kullan\u0131l\u0131r.<\/p>","protected":false},"excerpt":{"rendered":"<p>\u00dcr\u00fcn ad\u0131:L-Metionin<\/p>\n<p>Kasa No:63-68-3<\/p>\n<p>MF:C5H11NO2S<\/p>\n<p>G\u00f6r\u00fcn\u00fcm: Renksiz, kristal kat\u0131<\/p>","protected":false},"featured_media":5182,"template":"","meta":{"_acf_changed":false,"_gspb_post_css":""},"product_brand":[],"product_cat":[69,55,103,24],"product_tag":[],"class_list":{"0":"post-6086","1":"product","2":"type-product","3":"status-publish","4":"has-post-thumbnail","6":"product_cat-more","7":"product_cat-food-additives","8":"product_cat-nutrition-enhancer","9":"product_cat-uncategorized","11":"first","12":"instock","13":"shipping-taxable","14":"product-type-simple"},"acf":[],"_links":{"self":[{"href":"https:\/\/wpachem.com\/tr\/wp-json\/wp\/v2\/product\/6086","targetHints":{"allow":["GET"]}}],"collection":[{"href":"https:\/\/wpachem.com\/tr\/wp-json\/wp\/v2\/product"}],"about":[{"href":"https:\/\/wpachem.com\/tr\/wp-json\/wp\/v2\/types\/product"}],"version-history":[{"count":0,"href":"https:\/\/wpachem.com\/tr\/wp-json\/wp\/v2\/product\/6086\/revisions"}],"wp:featuredmedia":[{"embeddable":true,"href":"https:\/\/wpachem.com\/tr\/wp-json\/wp\/v2\/media\/5182"}],"wp:attachment":[{"href":"https:\/\/wpachem.com\/tr\/wp-json\/wp\/v2\/media?parent=6086"}],"wp:term":[{"taxonomy":"product_brand","embeddable":true,"href":"https:\/\/wpachem.com\/tr\/wp-json\/wp\/v2\/product_brand?post=6086"},{"taxonomy":"product_cat","embeddable":true,"href":"https:\/\/wpachem.com\/tr\/wp-json\/wp\/v2\/product_cat?post=6086"},{"taxonomy":"product_tag","embeddable":true,"href":"https:\/\/wpachem.com\/tr\/wp-json\/wp\/v2\/product_tag?post=6086"}],"curies":[{"name":"wp","href":"https:\/\/api.w.org\/{rel}","templated":true}]}}