{"id":6088,"date":"2024-02-08T05:50:58","date_gmt":"2024-02-08T05:50:58","guid":{"rendered":"https:\/\/wpachem.com\/?post_type=product&#038;p=6088"},"modified":"2024-02-08T05:53:08","modified_gmt":"2024-02-08T05:53:08","slug":"l-proline-cas-147-85-3","status":"publish","type":"product","link":"https:\/\/wpachem.com\/tr\/urun\/l-proline-cas-147-85-3\/","title":{"rendered":"L-Prolin CAS 147-85-3"},"content":{"rendered":"<p><strong>\u00d6zellik<\/strong><\/p>\n<p>Beyaz kristal toz<\/p>\n<p><strong>Ba\u015fvuru:<\/strong><\/p>\n<p>1. Prolin metabolizmas\u0131n\u0131n bir bile\u015feni olan L-prolin, v\u00fccutta \u00f6nemli bir rol oynar, kolajen sentezine kat\u0131l\u0131r, kas, kemik ve cilt sa\u011fl\u0131\u011f\u0131n\u0131 korur, ba\u011f\u0131\u015f\u0131kl\u0131k d\u00fczenlemesi ve di\u011fer fizyolojik i\u015flevleri yerine getirir.<br \/>\n2. L-prolin ayr\u0131ca farmas\u00f6tik alanda sentetik ila\u00e7lar ve antibiyotikler, imm\u00fcnomod\u00fclat\u00f6rler, antiviral ila\u00e7lar vb. gibi biyolojik ajanlar\u0131n \u00fcretiminde yayg\u0131n olarak kullan\u0131lmaktad\u0131r.<\/p>","protected":false},"excerpt":{"rendered":"<p>\u00dcr\u00fcn ad\u0131: L-Prolin<\/p>\n<p>Kasa Numaras\u0131: 147-85-3<\/p>\n<p>MF:C5H9NO2<\/p>\n<p>G\u00f6r\u00fcn\u00fcm: Beyaz kristal toz<\/p>","protected":false},"featured_media":5182,"template":"","meta":{"_acf_changed":false,"_gspb_post_css":""},"product_brand":[],"product_cat":[69,55,103,24],"product_tag":[],"class_list":{"0":"post-6088","1":"product","2":"type-product","3":"status-publish","4":"has-post-thumbnail","6":"product_cat-more","7":"product_cat-food-additives","8":"product_cat-nutrition-enhancer","9":"product_cat-uncategorized","11":"first","12":"instock","13":"shipping-taxable","14":"product-type-simple"},"acf":[],"_links":{"self":[{"href":"https:\/\/wpachem.com\/tr\/wp-json\/wp\/v2\/product\/6088","targetHints":{"allow":["GET"]}}],"collection":[{"href":"https:\/\/wpachem.com\/tr\/wp-json\/wp\/v2\/product"}],"about":[{"href":"https:\/\/wpachem.com\/tr\/wp-json\/wp\/v2\/types\/product"}],"version-history":[{"count":0,"href":"https:\/\/wpachem.com\/tr\/wp-json\/wp\/v2\/product\/6088\/revisions"}],"wp:featuredmedia":[{"embeddable":true,"href":"https:\/\/wpachem.com\/tr\/wp-json\/wp\/v2\/media\/5182"}],"wp:attachment":[{"href":"https:\/\/wpachem.com\/tr\/wp-json\/wp\/v2\/media?parent=6088"}],"wp:term":[{"taxonomy":"product_brand","embeddable":true,"href":"https:\/\/wpachem.com\/tr\/wp-json\/wp\/v2\/product_brand?post=6088"},{"taxonomy":"product_cat","embeddable":true,"href":"https:\/\/wpachem.com\/tr\/wp-json\/wp\/v2\/product_cat?post=6088"},{"taxonomy":"product_tag","embeddable":true,"href":"https:\/\/wpachem.com\/tr\/wp-json\/wp\/v2\/product_tag?post=6088"}],"curies":[{"name":"wp","href":"https:\/\/api.w.org\/{rel}","templated":true}]}}