{"id":6090,"date":"2024-02-08T05:53:45","date_gmt":"2024-02-08T05:53:45","guid":{"rendered":"https:\/\/wpachem.com\/?post_type=product&#038;p=6090"},"modified":"2024-02-08T05:55:19","modified_gmt":"2024-02-08T05:55:19","slug":"l-tryptophan-cas-73-22-3","status":"publish","type":"product","link":"https:\/\/wpachem.com\/tr\/urun\/l-tryptophan-cas-73-22-3\/","title":{"rendered":"L-Triptofan CAS 73-22-3"},"content":{"rendered":"<p><strong>\u00d6zellik<\/strong><\/p>\n<p>Beyaz veya hafif sar\u0131 kristal toz<\/p>\n<p><strong>Ba\u015fvuru:<\/strong><\/p>\n<p>L-triptofan\u0131n ila\u00e7 ve g\u0131da end\u00fcstrilerinde geni\u015f bir uygulama alan\u0131 vard\u0131r. Antidepresanlar ve uykusuzluk ila\u00e7lar\u0131 gibi baz\u0131 ila\u00e7lar\u0131n haz\u0131rlanmas\u0131nda kullan\u0131l\u0131r. Ayr\u0131ca, g\u0131da aromas\u0131n\u0131 art\u0131rmak i\u00e7in bir tatland\u0131r\u0131c\u0131 madde gibi bir g\u0131da katk\u0131 maddesi olarak kullan\u0131l\u0131r.<\/p>","protected":false},"excerpt":{"rendered":"<p>\u00dcr\u00fcn ad\u0131: L-Triptofan<\/p>\n<p>Kasa Numaras\u0131: 73-22-3<\/p>\n<p>MF:C11H12N2O2<\/p>\n<p>G\u00f6r\u00fcn\u00fcm: Beyaz veya hafif sar\u0131 kristal toz<\/p>","protected":false},"featured_media":5182,"template":"","meta":{"_acf_changed":false,"_gspb_post_css":""},"product_brand":[],"product_cat":[69,55,103,24],"product_tag":[],"class_list":{"0":"post-6090","1":"product","2":"type-product","3":"status-publish","4":"has-post-thumbnail","6":"product_cat-more","7":"product_cat-food-additives","8":"product_cat-nutrition-enhancer","9":"product_cat-uncategorized","11":"first","12":"instock","13":"shipping-taxable","14":"product-type-simple"},"acf":[],"_links":{"self":[{"href":"https:\/\/wpachem.com\/tr\/wp-json\/wp\/v2\/product\/6090","targetHints":{"allow":["GET"]}}],"collection":[{"href":"https:\/\/wpachem.com\/tr\/wp-json\/wp\/v2\/product"}],"about":[{"href":"https:\/\/wpachem.com\/tr\/wp-json\/wp\/v2\/types\/product"}],"version-history":[{"count":0,"href":"https:\/\/wpachem.com\/tr\/wp-json\/wp\/v2\/product\/6090\/revisions"}],"wp:featuredmedia":[{"embeddable":true,"href":"https:\/\/wpachem.com\/tr\/wp-json\/wp\/v2\/media\/5182"}],"wp:attachment":[{"href":"https:\/\/wpachem.com\/tr\/wp-json\/wp\/v2\/media?parent=6090"}],"wp:term":[{"taxonomy":"product_brand","embeddable":true,"href":"https:\/\/wpachem.com\/tr\/wp-json\/wp\/v2\/product_brand?post=6090"},{"taxonomy":"product_cat","embeddable":true,"href":"https:\/\/wpachem.com\/tr\/wp-json\/wp\/v2\/product_cat?post=6090"},{"taxonomy":"product_tag","embeddable":true,"href":"https:\/\/wpachem.com\/tr\/wp-json\/wp\/v2\/product_tag?post=6090"}],"curies":[{"name":"wp","href":"https:\/\/api.w.org\/{rel}","templated":true}]}}