{"id":6092,"date":"2024-02-08T05:55:37","date_gmt":"2024-02-08T05:55:37","guid":{"rendered":"https:\/\/wpachem.com\/?post_type=product&#038;p=6092"},"modified":"2024-02-08T05:57:41","modified_gmt":"2024-02-08T05:57:41","slug":"l-serine-cas-56-45-1","status":"publish","type":"product","link":"https:\/\/wpachem.com\/tr\/urun\/l-serine-cas-56-45-1\/","title":{"rendered":"L-Serin CAS 56-45-1"},"content":{"rendered":"<p><strong>\u00d6zellik<\/strong><\/p>\n<p>Renksiz kristal veya beyaz kristal tozu<\/p>\n<p><strong>Ba\u015fvuru:<\/strong><\/p>\n<p>Amino asit ila\u00e7lar\u0131. Esas olarak amino asit inf\u00fczyonu i\u00e7in kullan\u0131l\u0131r. \u00d6zel nemlendirici \u00f6zelli\u011fi nedeniyle kremlerde ve kozmetiklerde de kullan\u0131l\u0131r.<\/p>","protected":false},"excerpt":{"rendered":"<p>\u00dcr\u00fcn ad\u0131: L-Serin<\/p>\n<p>Kasa No:56-45-1<\/p>\n<p>MF:C3H7NO3<\/p>\n<p>G\u00f6r\u00fcn\u00fcm: Renksiz kristal veya beyaz kristal tozu<\/p>","protected":false},"featured_media":5182,"template":"","meta":{"_acf_changed":false,"_gspb_post_css":""},"product_brand":[],"product_cat":[69,55,103,24],"product_tag":[],"class_list":{"0":"post-6092","1":"product","2":"type-product","3":"status-publish","4":"has-post-thumbnail","6":"product_cat-more","7":"product_cat-food-additives","8":"product_cat-nutrition-enhancer","9":"product_cat-uncategorized","11":"first","12":"instock","13":"shipping-taxable","14":"product-type-simple"},"acf":[],"_links":{"self":[{"href":"https:\/\/wpachem.com\/tr\/wp-json\/wp\/v2\/product\/6092","targetHints":{"allow":["GET"]}}],"collection":[{"href":"https:\/\/wpachem.com\/tr\/wp-json\/wp\/v2\/product"}],"about":[{"href":"https:\/\/wpachem.com\/tr\/wp-json\/wp\/v2\/types\/product"}],"version-history":[{"count":0,"href":"https:\/\/wpachem.com\/tr\/wp-json\/wp\/v2\/product\/6092\/revisions"}],"wp:featuredmedia":[{"embeddable":true,"href":"https:\/\/wpachem.com\/tr\/wp-json\/wp\/v2\/media\/5182"}],"wp:attachment":[{"href":"https:\/\/wpachem.com\/tr\/wp-json\/wp\/v2\/media?parent=6092"}],"wp:term":[{"taxonomy":"product_brand","embeddable":true,"href":"https:\/\/wpachem.com\/tr\/wp-json\/wp\/v2\/product_brand?post=6092"},{"taxonomy":"product_cat","embeddable":true,"href":"https:\/\/wpachem.com\/tr\/wp-json\/wp\/v2\/product_cat?post=6092"},{"taxonomy":"product_tag","embeddable":true,"href":"https:\/\/wpachem.com\/tr\/wp-json\/wp\/v2\/product_tag?post=6092"}],"curies":[{"name":"wp","href":"https:\/\/api.w.org\/{rel}","templated":true}]}}