{"id":6094,"date":"2024-02-08T05:57:50","date_gmt":"2024-02-08T05:57:50","guid":{"rendered":"https:\/\/wpachem.com\/?post_type=product&#038;p=6094"},"modified":"2024-02-08T05:59:56","modified_gmt":"2024-02-08T05:59:56","slug":"l-tyrosine-cas-60-18-4","status":"publish","type":"product","link":"https:\/\/wpachem.com\/tr\/urun\/l-tyrosine-cas-60-18-4\/","title":{"rendered":"L-Tirozin CAS 60-18-4"},"content":{"rendered":"<p><strong>\u00d6zellik<\/strong><\/p>\n<p>Renksiz, kristal kat\u0131<\/p>\n<p><strong>Ba\u015fvuru:<\/strong><\/p>\n<p>1. Bili\u015fselli\u011fi ve dikkati geli\u015ftirin: L-tirozin, n\u00f6rotransmitter dopaminin sentezinin \u00f6nc\u00fcs\u00fcd\u00fcr. Dopamin beyinde \u00f6nemli bir d\u00fczenleyici rol oynar ve bili\u015fsel i\u015flev ve dikkat ile yak\u0131ndan ili\u015fkilidir. Bu nedenle, L-tirozin takviyesi bili\u015fsel yetenekleri ve dikkati iyile\u015ftirebilir ve dikkatsizli\u011fi iyile\u015ftirebilir.<\/p>\n<p>2. Stresi ve kayg\u0131y\u0131 azalt\u0131n: L-tirozin v\u00fccutta norepinefrin ve epinefrine d\u00f6n\u00fc\u015ft\u00fcr\u00fclebilir, her ikisi de stres \u00f6nleyici ve kayg\u0131 \u00f6nleyici etkilere sahiptir. Bu nedenle, L-tirozin takviyesiyle stres ve kayg\u0131 semptomlar\u0131 azalt\u0131labilir ve ruh hali durumlar\u0131 iyile\u015ftirilebilir.<\/p>\n<p>3. Spor performans\u0131n\u0131 art\u0131r\u0131r: L-tirozinin kas sentezini ve g\u00fcc\u00fcn\u00fc art\u0131rd\u0131\u011f\u0131na ve spor performans\u0131n\u0131 destekledi\u011fine inan\u0131l\u0131r. Ayr\u0131ca L-tirozin, enerji metabolizmas\u0131n\u0131 ve v\u00fccut s\u0131cakl\u0131\u011f\u0131 d\u00fczenlemesini d\u00fczenlemede de \u00f6nemli olan tiroid hormonunun sentezinde rol oynar.<\/p>","protected":false},"excerpt":{"rendered":"<p>\u00dcr\u00fcn ad\u0131: L-Tirozin<\/p>\n<p>Kasa No:60-18-4<\/p>\n<p>MF:C9H11NO3<\/p>\n<p>G\u00f6r\u00fcn\u00fcm: Renksiz, kristal kat\u0131<\/p>","protected":false},"featured_media":5182,"template":"","meta":{"_acf_changed":false,"_gspb_post_css":""},"product_brand":[],"product_cat":[69,55,103,24],"product_tag":[],"class_list":{"0":"post-6094","1":"product","2":"type-product","3":"status-publish","4":"has-post-thumbnail","6":"product_cat-more","7":"product_cat-food-additives","8":"product_cat-nutrition-enhancer","9":"product_cat-uncategorized","11":"first","12":"instock","13":"shipping-taxable","14":"product-type-simple"},"acf":[],"_links":{"self":[{"href":"https:\/\/wpachem.com\/tr\/wp-json\/wp\/v2\/product\/6094","targetHints":{"allow":["GET"]}}],"collection":[{"href":"https:\/\/wpachem.com\/tr\/wp-json\/wp\/v2\/product"}],"about":[{"href":"https:\/\/wpachem.com\/tr\/wp-json\/wp\/v2\/types\/product"}],"version-history":[{"count":0,"href":"https:\/\/wpachem.com\/tr\/wp-json\/wp\/v2\/product\/6094\/revisions"}],"wp:featuredmedia":[{"embeddable":true,"href":"https:\/\/wpachem.com\/tr\/wp-json\/wp\/v2\/media\/5182"}],"wp:attachment":[{"href":"https:\/\/wpachem.com\/tr\/wp-json\/wp\/v2\/media?parent=6094"}],"wp:term":[{"taxonomy":"product_brand","embeddable":true,"href":"https:\/\/wpachem.com\/tr\/wp-json\/wp\/v2\/product_brand?post=6094"},{"taxonomy":"product_cat","embeddable":true,"href":"https:\/\/wpachem.com\/tr\/wp-json\/wp\/v2\/product_cat?post=6094"},{"taxonomy":"product_tag","embeddable":true,"href":"https:\/\/wpachem.com\/tr\/wp-json\/wp\/v2\/product_tag?post=6094"}],"curies":[{"name":"wp","href":"https:\/\/api.w.org\/{rel}","templated":true}]}}