{"id":6098,"date":"2024-02-08T06:32:35","date_gmt":"2024-02-08T06:32:35","guid":{"rendered":"https:\/\/wpachem.com\/?post_type=product&#038;p=6098"},"modified":"2024-02-19T02:27:19","modified_gmt":"2024-02-19T02:27:19","slug":"gardenia-blue-color","status":"publish","type":"product","link":"https:\/\/wpachem.com\/tr\/urun\/gardenia-blue-color\/","title":{"rendered":"Do\u011fal G\u0131da Boyas\u0131 Gardenya Mavi Renk"},"content":{"rendered":"<p><strong>\u00d6zellik<\/strong><\/p>\n<p>G\u0131da s\u0131n\u0131f\u0131 Gardenia mavisi, gardenia rubiaceae meyvesinden \u00e7\u0131kar\u0131l\u0131r ve rafine edilir. \u00dcr\u00fcn koyu mavi toz halindedir, suda kolayca \u00e7\u00f6z\u00fcn\u00fcr, ya\u011fda \u00e7\u00f6z\u00fcnmez, sulu \u00e7\u00f6zeltisi parlak mavidir, renk tonu pH&#039;tan etkilenmez, renk tonu kapsam\u0131 geni\u015ftir, asit direnci g\u00fc\u00e7l\u00fcd\u00fcr ve proteinin boyama g\u00fcc\u00fc g\u00fc\u00e7l\u00fcd\u00fcr.<\/p>\n<p><strong>Ba\u015fvuru:<\/strong><\/p>\n<p>Gardenya mavisi dondurulmu\u015f i\u00e7eceklerde (yenilebilir buz hari\u00e7), re\u00e7ellerde, salamura sebzelerde, \u015fekerlemelerde, haz\u0131r pirin\u00e7 ve eri\u015fte \u00fcr\u00fcnlerinde, g\u0131da \u00fcr\u00fcnleri dolgular\u0131nda, hamur i\u015flerinde, f\u0131r\u0131nlanm\u0131\u015f g\u0131da dolgular\u0131nda ve y\u00fczeye as\u0131l\u0131 posalarda, \u00e7e\u015fnilerde (tuz ve tuz yerine ge\u00e7en \u00fcr\u00fcnler hari\u00e7), meyve ve sebze sular\u0131nda, protein i\u00e7eceklerinde vb. kullan\u0131labilir. Aromal\u0131 i\u00e7ecekler (meyve aromal\u0131 i\u00e7ecekler, s\u00fct aromal\u0131 i\u00e7ecekler, \u00e7ay aromal\u0131 kahve aromal\u0131 i\u00e7ecekler ve di\u011fer aromal\u0131 i\u00e7ecekler dahil) (sadece meyve aromal\u0131 i\u00e7ecekler), kat\u0131 i\u00e7ecekler, haz\u0131r \u015faraplar, \u015fi\u015firilmi\u015f yiyecekler vb.<\/p>","protected":false},"excerpt":{"rendered":"<p>\u00dcr\u00fcn ad\u0131: Gardenia Mavi Renk<\/p>\n<p>G\u00f6r\u00fcn\u00fcm: koyu mavi toz<\/p>","protected":false},"featured_media":6100,"template":"","meta":{"_acf_changed":false,"_gspb_post_css":""},"product_brand":[],"product_cat":[120],"product_tag":[],"class_list":{"0":"post-6098","1":"product","2":"type-product","3":"status-publish","4":"has-post-thumbnail","6":"product_cat-food-colorants","8":"first","9":"instock","10":"shipping-taxable","11":"product-type-simple"},"acf":[],"_links":{"self":[{"href":"https:\/\/wpachem.com\/tr\/wp-json\/wp\/v2\/product\/6098","targetHints":{"allow":["GET"]}}],"collection":[{"href":"https:\/\/wpachem.com\/tr\/wp-json\/wp\/v2\/product"}],"about":[{"href":"https:\/\/wpachem.com\/tr\/wp-json\/wp\/v2\/types\/product"}],"version-history":[{"count":0,"href":"https:\/\/wpachem.com\/tr\/wp-json\/wp\/v2\/product\/6098\/revisions"}],"wp:featuredmedia":[{"embeddable":true,"href":"https:\/\/wpachem.com\/tr\/wp-json\/wp\/v2\/media\/6100"}],"wp:attachment":[{"href":"https:\/\/wpachem.com\/tr\/wp-json\/wp\/v2\/media?parent=6098"}],"wp:term":[{"taxonomy":"product_brand","embeddable":true,"href":"https:\/\/wpachem.com\/tr\/wp-json\/wp\/v2\/product_brand?post=6098"},{"taxonomy":"product_cat","embeddable":true,"href":"https:\/\/wpachem.com\/tr\/wp-json\/wp\/v2\/product_cat?post=6098"},{"taxonomy":"product_tag","embeddable":true,"href":"https:\/\/wpachem.com\/tr\/wp-json\/wp\/v2\/product_tag?post=6098"}],"curies":[{"name":"wp","href":"https:\/\/api.w.org\/{rel}","templated":true}]}}