{"id":6101,"date":"2024-02-08T06:21:47","date_gmt":"2024-02-08T06:21:47","guid":{"rendered":"https:\/\/wpachem.com\/?post_type=product&#038;p=6101"},"modified":"2024-02-08T06:23:42","modified_gmt":"2024-02-08T06:23:42","slug":"l-phenylalanine-cas-63-91-2","status":"publish","type":"product","link":"https:\/\/wpachem.com\/tr\/urun\/l-phenylalanine-cas-63-91-2\/","title":{"rendered":"L-Fenilalanin CAS 63-91-2"},"content":{"rendered":"<p><strong>\u00d6zellik<\/strong><\/p>\n<p>Renksiz veya beyaz kristal toz<\/p>\n<p><strong>Ba\u015fvuru:<\/strong><\/p>\n<p>1. G\u0131da ve i\u00e7ecek end\u00fcstrisi: L-fenilalanin, g\u0131dalar\u0131n lezzetini artt\u0131rmak i\u00e7in kullan\u0131labilen do\u011fal bir g\u0131da katk\u0131 maddesidir.<br \/>\n2. \u0130la\u00e7 end\u00fcstrisi: L-fenilalanin, antidepresanlar, peptit ila\u00e7lar vb. gibi baz\u0131 ila\u00e7lar\u0131n haz\u0131rlanmas\u0131nda \u00f6nemli bir hammaddedir.<br \/>\n3. Besin takviyeleri: L-fenilalanin esansiyel bir aminoasit oldu\u011fundan beslenme durumunu iyile\u015ftirmek amac\u0131yla besin takviyesi olarak kullan\u0131labilir.<\/p>","protected":false},"excerpt":{"rendered":"<p>\u00dcr\u00fcn ad\u0131: L-Fenilalanin<\/p>\n<p>Kasa No:63-91-2<\/p>\n<p>MF:C9H11NO2<\/p>\n<p>G\u00f6r\u00fcn\u00fcm: Renksiz veya beyaz kristal toz<\/p>","protected":false},"featured_media":5182,"template":"","meta":{"_acf_changed":false,"_gspb_post_css":""},"product_brand":[],"product_cat":[69,55,103,24],"product_tag":[],"class_list":{"0":"post-6101","1":"product","2":"type-product","3":"status-publish","4":"has-post-thumbnail","6":"product_cat-more","7":"product_cat-food-additives","8":"product_cat-nutrition-enhancer","9":"product_cat-uncategorized","11":"first","12":"instock","13":"shipping-taxable","14":"product-type-simple"},"acf":[],"_links":{"self":[{"href":"https:\/\/wpachem.com\/tr\/wp-json\/wp\/v2\/product\/6101","targetHints":{"allow":["GET"]}}],"collection":[{"href":"https:\/\/wpachem.com\/tr\/wp-json\/wp\/v2\/product"}],"about":[{"href":"https:\/\/wpachem.com\/tr\/wp-json\/wp\/v2\/types\/product"}],"version-history":[{"count":0,"href":"https:\/\/wpachem.com\/tr\/wp-json\/wp\/v2\/product\/6101\/revisions"}],"wp:featuredmedia":[{"embeddable":true,"href":"https:\/\/wpachem.com\/tr\/wp-json\/wp\/v2\/media\/5182"}],"wp:attachment":[{"href":"https:\/\/wpachem.com\/tr\/wp-json\/wp\/v2\/media?parent=6101"}],"wp:term":[{"taxonomy":"product_brand","embeddable":true,"href":"https:\/\/wpachem.com\/tr\/wp-json\/wp\/v2\/product_brand?post=6101"},{"taxonomy":"product_cat","embeddable":true,"href":"https:\/\/wpachem.com\/tr\/wp-json\/wp\/v2\/product_cat?post=6101"},{"taxonomy":"product_tag","embeddable":true,"href":"https:\/\/wpachem.com\/tr\/wp-json\/wp\/v2\/product_tag?post=6101"}],"curies":[{"name":"wp","href":"https:\/\/api.w.org\/{rel}","templated":true}]}}