{"id":6103,"date":"2024-02-08T06:23:52","date_gmt":"2024-02-08T06:23:52","guid":{"rendered":"https:\/\/wpachem.com\/?post_type=product&#038;p=6103"},"modified":"2024-02-08T06:27:53","modified_gmt":"2024-02-08T06:27:53","slug":"l-asparagine-monohydrate-cas-5794-13-8","status":"publish","type":"product","link":"https:\/\/wpachem.com\/tr\/urun\/l-asparagine-monohydrate-cas-5794-13-8\/","title":{"rendered":"L-Asparagin Monohidrat CAS 5794-13-8"},"content":{"rendered":"<p><strong>\u00d6zellik<\/strong><\/p>\n<p>Beyaz kristal tozu<\/p>\n<p><strong>Ba\u015fvuru:<\/strong><\/p>\n<p>1. \u0130la\u00e7lar: Besin takviyeleri ve t\u0131p alan\u0131nda hammadde olarak, entelekt\u00fcel geli\u015fimi ve b\u00fcy\u00fcmeyi te\u015fvik eden \u00e7e\u015fitli antibiyotik ve ila\u00e7lar\u0131n sentezlenmesinde kullan\u0131labilir.<br \/>\n2. Yem: Hayvan yemlerinde aminoasit katk\u0131 maddesi olarak kullan\u0131ld\u0131\u011f\u0131nda hayvanlar\u0131n b\u00fcy\u00fcmesini, geli\u015fmesini ve hastal\u0131klara kar\u015f\u0131 direncini art\u0131rabilir.<br \/>\n3. G\u0131da: G\u0131dalar\u0131n lezzetini ve besin i\u00e7eri\u011fini iyile\u015ftirmek i\u00e7in g\u0131da katk\u0131 maddesi olarak kullan\u0131labilir.<\/p>","protected":false},"excerpt":{"rendered":"<p>\u00dcr\u00fcn ad\u0131: L-Asparagin Monohidrat<\/p>\n<p>Cas No:5794-13-8<\/p>\n<p>MF:C4H10N2O4<\/p>\n<p>G\u00f6r\u00fcn\u00fcm: Beyaz kristal toz<\/p>","protected":false},"featured_media":5182,"template":"","meta":{"_acf_changed":false,"_gspb_post_css":""},"product_brand":[],"product_cat":[69,55,103,24],"product_tag":[],"class_list":{"0":"post-6103","1":"product","2":"type-product","3":"status-publish","4":"has-post-thumbnail","6":"product_cat-more","7":"product_cat-food-additives","8":"product_cat-nutrition-enhancer","9":"product_cat-uncategorized","11":"first","12":"instock","13":"shipping-taxable","14":"product-type-simple"},"acf":[],"_links":{"self":[{"href":"https:\/\/wpachem.com\/tr\/wp-json\/wp\/v2\/product\/6103","targetHints":{"allow":["GET"]}}],"collection":[{"href":"https:\/\/wpachem.com\/tr\/wp-json\/wp\/v2\/product"}],"about":[{"href":"https:\/\/wpachem.com\/tr\/wp-json\/wp\/v2\/types\/product"}],"version-history":[{"count":0,"href":"https:\/\/wpachem.com\/tr\/wp-json\/wp\/v2\/product\/6103\/revisions"}],"wp:featuredmedia":[{"embeddable":true,"href":"https:\/\/wpachem.com\/tr\/wp-json\/wp\/v2\/media\/5182"}],"wp:attachment":[{"href":"https:\/\/wpachem.com\/tr\/wp-json\/wp\/v2\/media?parent=6103"}],"wp:term":[{"taxonomy":"product_brand","embeddable":true,"href":"https:\/\/wpachem.com\/tr\/wp-json\/wp\/v2\/product_brand?post=6103"},{"taxonomy":"product_cat","embeddable":true,"href":"https:\/\/wpachem.com\/tr\/wp-json\/wp\/v2\/product_cat?post=6103"},{"taxonomy":"product_tag","embeddable":true,"href":"https:\/\/wpachem.com\/tr\/wp-json\/wp\/v2\/product_tag?post=6103"}],"curies":[{"name":"wp","href":"https:\/\/api.w.org\/{rel}","templated":true}]}}