{"id":6105,"date":"2024-02-08T06:28:35","date_gmt":"2024-02-08T06:28:35","guid":{"rendered":"https:\/\/wpachem.com\/?post_type=product&#038;p=6105"},"modified":"2024-02-08T06:30:29","modified_gmt":"2024-02-08T06:30:29","slug":"l-threonine-cas-72-19-5","status":"publish","type":"product","link":"https:\/\/wpachem.com\/tr\/urun\/l-threonine-cas-72-19-5\/","title":{"rendered":"L-Treonin CAS 72-19-5"},"content":{"rendered":"<p><strong>\u00d6zellik<\/strong><\/p>\n<p>Renksiz kristal toz<\/p>\n<p><strong>Ba\u015fvuru:<\/strong><\/p>\n<p>L-treonin t\u0131p, g\u0131da, kozmetik ve di\u011fer alanlarda yayg\u0131n olarak kullan\u0131lmaktad\u0131r.<br \/>\nT\u0131pta L-treonin, deoksiribon\u00fckleik asitin (DNA) \u00f6zel bir fermuar kopma ind\u00fckleyicisi olarak kullan\u0131labilir ve baz\u0131 kanserlerin tedavisinde kullan\u0131l\u0131r.<br \/>\nG\u0131da sanayinde L-treonin, bisk\u00fcvi, kurabiye ve pastalar\u0131n aromas\u0131n\u0131 art\u0131rmak gibi g\u0131dalar\u0131n lezzetini artt\u0131rmak i\u00e7in katk\u0131 maddesi olarak kullan\u0131labilir.<br \/>\nKozmetik alan\u0131nda ise L-treonin, cilt bak\u0131m \u00fcr\u00fcnleri ve \u015fampuanlar gibi \u00fcr\u00fcnlerde cildi nemlendirmek ve korumak amac\u0131yla kullan\u0131labiliyor.<\/p>","protected":false},"excerpt":{"rendered":"<p>\u00dcr\u00fcn ad\u0131: L-Treonin<\/p>\n<p>Kasa No:72-19-5<\/p>\n<p>MF:C4H9NO3<\/p>\n<p>G\u00f6r\u00fcn\u00fcm: Renksiz kristal toz<\/p>","protected":false},"featured_media":5182,"template":"","meta":{"_acf_changed":false,"_gspb_post_css":""},"product_brand":[],"product_cat":[69,55,103,24],"product_tag":[],"class_list":{"0":"post-6105","1":"product","2":"type-product","3":"status-publish","4":"has-post-thumbnail","6":"product_cat-more","7":"product_cat-food-additives","8":"product_cat-nutrition-enhancer","9":"product_cat-uncategorized","11":"first","12":"instock","13":"shipping-taxable","14":"product-type-simple"},"acf":[],"_links":{"self":[{"href":"https:\/\/wpachem.com\/tr\/wp-json\/wp\/v2\/product\/6105","targetHints":{"allow":["GET"]}}],"collection":[{"href":"https:\/\/wpachem.com\/tr\/wp-json\/wp\/v2\/product"}],"about":[{"href":"https:\/\/wpachem.com\/tr\/wp-json\/wp\/v2\/types\/product"}],"version-history":[{"count":0,"href":"https:\/\/wpachem.com\/tr\/wp-json\/wp\/v2\/product\/6105\/revisions"}],"wp:featuredmedia":[{"embeddable":true,"href":"https:\/\/wpachem.com\/tr\/wp-json\/wp\/v2\/media\/5182"}],"wp:attachment":[{"href":"https:\/\/wpachem.com\/tr\/wp-json\/wp\/v2\/media?parent=6105"}],"wp:term":[{"taxonomy":"product_brand","embeddable":true,"href":"https:\/\/wpachem.com\/tr\/wp-json\/wp\/v2\/product_brand?post=6105"},{"taxonomy":"product_cat","embeddable":true,"href":"https:\/\/wpachem.com\/tr\/wp-json\/wp\/v2\/product_cat?post=6105"},{"taxonomy":"product_tag","embeddable":true,"href":"https:\/\/wpachem.com\/tr\/wp-json\/wp\/v2\/product_tag?post=6105"}],"curies":[{"name":"wp","href":"https:\/\/api.w.org\/{rel}","templated":true}]}}