{"id":6107,"date":"2024-02-08T06:30:39","date_gmt":"2024-02-08T06:30:39","guid":{"rendered":"https:\/\/wpachem.com\/?post_type=product&#038;p=6107"},"modified":"2024-02-08T06:32:53","modified_gmt":"2024-02-08T06:32:53","slug":"d-aspartic-acid-cas-1783-96-6","status":"publish","type":"product","link":"https:\/\/wpachem.com\/tr\/urun\/d-aspartic-acid-cas-1783-96-6\/","title":{"rendered":"D-Aspartik asit CAS 1783-96-6"},"content":{"rendered":"<p><strong>\u00d6zellik<\/strong><\/p>\n<p>Beyaz kristal veya kristal toz<\/p>\n<p><strong>Ba\u015fvuru:<\/strong><\/p>\n<p>D-aspartik asit organizmalarda \u00f6nemli i\u015flevlere sahiptir, bunlar aras\u0131nda \u015funlar yer al\u0131r:<br \/>\n1. Protein ve peptit sentezine kat\u0131l\u0131r.<br \/>\n2. V\u00fccutta aminoasit metabolizmas\u0131na ve enerji \u00fcretimine kat\u0131l\u0131r.<br \/>\n3. N\u00f6rotransmitter olarak n\u00f6rotransmisyon s\u00fcrecine kat\u0131l\u0131r.<br \/>\n4. Bili\u015fsel i\u015flevlerin art\u0131r\u0131lmas\u0131nda ve yorgunlu\u011fa kar\u015f\u0131 diren\u00e7 sa\u011flanmas\u0131nda belirli bir etkisi olabilir.<\/p>","protected":false},"excerpt":{"rendered":"<p>\u00dcr\u00fcn ad\u0131: D-Aspartik asit<\/p>\n<p>Cas No:1783-96-6<\/p>\n<p>MF:C4H7NO4<\/p>\n<p>G\u00f6r\u00fcn\u00fcm: Beyaz kristal veya kristal toz<\/p>","protected":false},"featured_media":5182,"template":"","meta":{"_acf_changed":false,"_gspb_post_css":""},"product_brand":[],"product_cat":[69,55,103,24],"product_tag":[],"class_list":{"0":"post-6107","1":"product","2":"type-product","3":"status-publish","4":"has-post-thumbnail","6":"product_cat-more","7":"product_cat-food-additives","8":"product_cat-nutrition-enhancer","9":"product_cat-uncategorized","11":"first","12":"instock","13":"shipping-taxable","14":"product-type-simple"},"acf":[],"_links":{"self":[{"href":"https:\/\/wpachem.com\/tr\/wp-json\/wp\/v2\/product\/6107","targetHints":{"allow":["GET"]}}],"collection":[{"href":"https:\/\/wpachem.com\/tr\/wp-json\/wp\/v2\/product"}],"about":[{"href":"https:\/\/wpachem.com\/tr\/wp-json\/wp\/v2\/types\/product"}],"version-history":[{"count":0,"href":"https:\/\/wpachem.com\/tr\/wp-json\/wp\/v2\/product\/6107\/revisions"}],"wp:featuredmedia":[{"embeddable":true,"href":"https:\/\/wpachem.com\/tr\/wp-json\/wp\/v2\/media\/5182"}],"wp:attachment":[{"href":"https:\/\/wpachem.com\/tr\/wp-json\/wp\/v2\/media?parent=6107"}],"wp:term":[{"taxonomy":"product_brand","embeddable":true,"href":"https:\/\/wpachem.com\/tr\/wp-json\/wp\/v2\/product_brand?post=6107"},{"taxonomy":"product_cat","embeddable":true,"href":"https:\/\/wpachem.com\/tr\/wp-json\/wp\/v2\/product_cat?post=6107"},{"taxonomy":"product_tag","embeddable":true,"href":"https:\/\/wpachem.com\/tr\/wp-json\/wp\/v2\/product_tag?post=6107"}],"curies":[{"name":"wp","href":"https:\/\/api.w.org\/{rel}","templated":true}]}}