{"id":6110,"date":"2024-02-08T06:33:04","date_gmt":"2024-02-08T06:33:04","guid":{"rendered":"https:\/\/wpachem.com\/?post_type=product&#038;p=6110"},"modified":"2024-02-08T06:35:16","modified_gmt":"2024-02-08T06:35:16","slug":"l-glutamic-acid-cas-56-86-0","status":"publish","type":"product","link":"https:\/\/wpachem.com\/tr\/urun\/l-glutamic-acid-cas-56-86-0\/","title":{"rendered":"L-Glutamik asit CAS 56-86-0"},"content":{"rendered":"<p><strong>\u00d6zellik<\/strong><\/p>\n<p>Beyaz kristal tozu<\/p>\n<p><strong>Ba\u015fvuru:<\/strong><\/p>\n<p>L-Glutamik asit, g\u0131da, i\u00e7ecek ve \u00e7e\u015fnilerde lezzet katmak ve g\u0131dan\u0131n tad\u0131n\u0131 geli\u015ftirmek i\u00e7in bir katk\u0131 maddesi olarak yayg\u0131n olarak kullan\u0131l\u0131r. Ek olarak, glutamik asit organik sentez reaksiyonlar\u0131, biyokimyasal ara\u015ft\u0131rmalar ve ila\u00e7 geli\u015ftirme i\u00e7in kataliz\u00f6rlerin haz\u0131rlanmas\u0131nda da kullan\u0131l\u0131r.<\/p>","protected":false},"excerpt":{"rendered":"<p>\u00dcr\u00fcn ad\u0131: L-Glutamik asit<\/p>\n<p>Kasa No:56-86-0<\/p>\n<p>MF:C5H9NO4<\/p>\n<p>G\u00f6r\u00fcn\u00fcm: Beyaz kristal toz<\/p>","protected":false},"featured_media":5182,"template":"","meta":{"_acf_changed":false,"_gspb_post_css":""},"product_brand":[],"product_cat":[69,55,103,24],"product_tag":[],"class_list":{"0":"post-6110","1":"product","2":"type-product","3":"status-publish","4":"has-post-thumbnail","6":"product_cat-more","7":"product_cat-food-additives","8":"product_cat-nutrition-enhancer","9":"product_cat-uncategorized","11":"first","12":"instock","13":"shipping-taxable","14":"product-type-simple"},"acf":[],"_links":{"self":[{"href":"https:\/\/wpachem.com\/tr\/wp-json\/wp\/v2\/product\/6110","targetHints":{"allow":["GET"]}}],"collection":[{"href":"https:\/\/wpachem.com\/tr\/wp-json\/wp\/v2\/product"}],"about":[{"href":"https:\/\/wpachem.com\/tr\/wp-json\/wp\/v2\/types\/product"}],"version-history":[{"count":0,"href":"https:\/\/wpachem.com\/tr\/wp-json\/wp\/v2\/product\/6110\/revisions"}],"wp:featuredmedia":[{"embeddable":true,"href":"https:\/\/wpachem.com\/tr\/wp-json\/wp\/v2\/media\/5182"}],"wp:attachment":[{"href":"https:\/\/wpachem.com\/tr\/wp-json\/wp\/v2\/media?parent=6110"}],"wp:term":[{"taxonomy":"product_brand","embeddable":true,"href":"https:\/\/wpachem.com\/tr\/wp-json\/wp\/v2\/product_brand?post=6110"},{"taxonomy":"product_cat","embeddable":true,"href":"https:\/\/wpachem.com\/tr\/wp-json\/wp\/v2\/product_cat?post=6110"},{"taxonomy":"product_tag","embeddable":true,"href":"https:\/\/wpachem.com\/tr\/wp-json\/wp\/v2\/product_tag?post=6110"}],"curies":[{"name":"wp","href":"https:\/\/api.w.org\/{rel}","templated":true}]}}