{"id":6111,"date":"2024-01-12T07:16:07","date_gmt":"2024-01-12T07:16:07","guid":{"rendered":"https:\/\/wpapigments.com\/?post_type=product&#038;p=6111"},"modified":"2024-04-07T08:31:01","modified_gmt":"2024-04-07T08:31:01","slug":"pigment-blue-27-pigment-yellow-42-iron-oxide-green-835-p-b-27p-y-42","status":"publish","type":"product","link":"https:\/\/wpachem.com\/tr\/urun\/pigment-blue-27-pigment-yellow-42-iron-oxide-green-835-p-b-27p-y-42\/","title":{"rendered":"Pigment Mavi 27&amp; Pigment Sar\u0131 42 (Demir Oksit Ye\u015fil 835)\/PB27&amp;P.Y.42"},"content":{"rendered":"<p><strong>\u00d6zellik<\/strong><\/p>\n<p><strong><b>Anne<\/b><\/strong><strong><b>Ben<\/b><\/strong><strong><b>n \u00d6zellikleri<\/b><\/strong>: kahverengi toz<\/p>\n<p><strong><b>Ba\u015fvuru:<\/b><\/strong><\/p>\n<ul>\n<li>Boya Kullan\u0131m\u0131:End\u00fcstriyel Boya,Bina kaplamalar\u0131\/malzemeleri<\/li>\n<li>Plastik Kullan\u0131m\u0131: PVC,<\/li>\n<\/ul>","protected":false},"excerpt":{"rendered":"<p><strong><b>\u00dcr\u00fcn Ad\u0131<\/b><\/strong><strong><b>:<\/b><\/strong><strong>\u00a0<\/strong>Demir Oksit Ye\u015fil 835<\/p>\n<p><strong>Renk \u0130ndeksi:<\/strong>\u00a0PB27 ve P.Y.42<\/p>\n<p><strong>D\u0131\u015f g\u00f6r\u00fcn\u00fc\u015f:<\/strong>\u00a0ye\u015fil toz<\/p>","protected":false},"featured_media":7655,"template":"","meta":{"_acf_changed":false,"_gspb_post_css":""},"product_brand":[],"product_cat":[166,54],"product_tag":[],"class_list":{"0":"post-6111","1":"product","2":"type-product","3":"status-publish","4":"has-post-thumbnail","6":"product_cat-iron-oxide","7":"product_cat-inorganic-pigments","9":"first","10":"instock","11":"shipping-taxable","12":"product-type-simple"},"acf":[],"_links":{"self":[{"href":"https:\/\/wpachem.com\/tr\/wp-json\/wp\/v2\/product\/6111","targetHints":{"allow":["GET"]}}],"collection":[{"href":"https:\/\/wpachem.com\/tr\/wp-json\/wp\/v2\/product"}],"about":[{"href":"https:\/\/wpachem.com\/tr\/wp-json\/wp\/v2\/types\/product"}],"version-history":[{"count":0,"href":"https:\/\/wpachem.com\/tr\/wp-json\/wp\/v2\/product\/6111\/revisions"}],"wp:featuredmedia":[{"embeddable":true,"href":"https:\/\/wpachem.com\/tr\/wp-json\/wp\/v2\/media\/7655"}],"wp:attachment":[{"href":"https:\/\/wpachem.com\/tr\/wp-json\/wp\/v2\/media?parent=6111"}],"wp:term":[{"taxonomy":"product_brand","embeddable":true,"href":"https:\/\/wpachem.com\/tr\/wp-json\/wp\/v2\/product_brand?post=6111"},{"taxonomy":"product_cat","embeddable":true,"href":"https:\/\/wpachem.com\/tr\/wp-json\/wp\/v2\/product_cat?post=6111"},{"taxonomy":"product_tag","embeddable":true,"href":"https:\/\/wpachem.com\/tr\/wp-json\/wp\/v2\/product_tag?post=6111"}],"curies":[{"name":"wp","href":"https:\/\/api.w.org\/{rel}","templated":true}]}}