{"id":6113,"date":"2024-02-08T06:35:37","date_gmt":"2024-02-08T06:35:37","guid":{"rendered":"https:\/\/wpachem.com\/?post_type=product&#038;p=6113"},"modified":"2024-02-08T06:37:14","modified_gmt":"2024-02-08T06:37:14","slug":"l-lysine-cas-56-87-1","status":"publish","type":"product","link":"https:\/\/wpachem.com\/tr\/urun\/l-lysine-cas-56-87-1\/","title":{"rendered":"L-Lizin CAS 56-87-1"},"content":{"rendered":"<p><strong>\u00d6zellik<\/strong><\/p>\n<p>Beyaz kristal toz<\/p>\n<p><strong>Ba\u015fvuru:<\/strong><\/p>\n<p>L-Lizin&#039;in ila\u00e7 ve g\u0131da end\u00fcstrisinde geni\u015f kullan\u0131m alan\u0131 vard\u0131r.<\/p>\n<p>T\u0131pta, karaci\u011fer fonksiyonlar\u0131n\u0131 ve ba\u011f\u0131\u015f\u0131kl\u0131\u011f\u0131 iyile\u015ftirmek, karaci\u011fer hastal\u0131\u011f\u0131 ve diyabet gibi hastal\u0131klar\u0131 \u00f6nlemek amac\u0131yla besin takviyesi olarak s\u0131kl\u0131kla kullan\u0131l\u0131r.<\/p>\n<p>G\u0131da end\u00fcstrisinde L-lizin, MSG&#039;nin lezzet verici etkisini artt\u0131rmak amac\u0131yla s\u0131kl\u0131kla ham madde olarak kullan\u0131l\u0131r.<\/p>\n<p>L-lizin ayr\u0131ca bebek s\u00fct tozu, bisk\u00fcvi, maya k\u00fclt\u00fcrleri, eri\u015fte, ha\u015flanm\u0131\u015f yiyecekler ve di\u011fer yiyeceklerin tad\u0131n\u0131 ve aromas\u0131n\u0131 art\u0131rmak i\u00e7in kullan\u0131l\u0131r.<\/p>","protected":false},"excerpt":{"rendered":"<p>\u00dcr\u00fcn ad\u0131: L-Lizin<\/p>\n<p>Kasa No:56-87-1<\/p>\n<p>MF:C6H14N2O2<\/p>\n<p>G\u00f6r\u00fcn\u00fcm: Beyaz kristal toz<\/p>","protected":false},"featured_media":5182,"template":"","meta":{"_acf_changed":false,"_gspb_post_css":""},"product_brand":[],"product_cat":[69,55,103,24],"product_tag":[],"class_list":{"0":"post-6113","1":"product","2":"type-product","3":"status-publish","4":"has-post-thumbnail","6":"product_cat-more","7":"product_cat-food-additives","8":"product_cat-nutrition-enhancer","9":"product_cat-uncategorized","11":"first","12":"instock","13":"shipping-taxable","14":"product-type-simple"},"acf":[],"_links":{"self":[{"href":"https:\/\/wpachem.com\/tr\/wp-json\/wp\/v2\/product\/6113","targetHints":{"allow":["GET"]}}],"collection":[{"href":"https:\/\/wpachem.com\/tr\/wp-json\/wp\/v2\/product"}],"about":[{"href":"https:\/\/wpachem.com\/tr\/wp-json\/wp\/v2\/types\/product"}],"version-history":[{"count":0,"href":"https:\/\/wpachem.com\/tr\/wp-json\/wp\/v2\/product\/6113\/revisions"}],"wp:featuredmedia":[{"embeddable":true,"href":"https:\/\/wpachem.com\/tr\/wp-json\/wp\/v2\/media\/5182"}],"wp:attachment":[{"href":"https:\/\/wpachem.com\/tr\/wp-json\/wp\/v2\/media?parent=6113"}],"wp:term":[{"taxonomy":"product_brand","embeddable":true,"href":"https:\/\/wpachem.com\/tr\/wp-json\/wp\/v2\/product_brand?post=6113"},{"taxonomy":"product_cat","embeddable":true,"href":"https:\/\/wpachem.com\/tr\/wp-json\/wp\/v2\/product_cat?post=6113"},{"taxonomy":"product_tag","embeddable":true,"href":"https:\/\/wpachem.com\/tr\/wp-json\/wp\/v2\/product_tag?post=6113"}],"curies":[{"name":"wp","href":"https:\/\/api.w.org\/{rel}","templated":true}]}}