{"id":6115,"date":"2024-02-08T06:37:30","date_gmt":"2024-02-08T06:37:30","guid":{"rendered":"https:\/\/wpachem.com\/?post_type=product&#038;p=6115"},"modified":"2024-02-08T06:39:08","modified_gmt":"2024-02-08T06:39:08","slug":"l-arginine-cas-74-79-3","status":"publish","type":"product","link":"https:\/\/wpachem.com\/tr\/urun\/l-arginine-cas-74-79-3\/","title":{"rendered":"L-Arginin CAS 74-79-3"},"content":{"rendered":"<p><strong>\u00d6zellik<\/strong><\/p>\n<p>Renksiz kristal<\/p>\n<p><strong>Ba\u015fvuru:<\/strong><\/p>\n<p>1. L-arginin v\u00fccutta metiyoninle reaksiyona girerek enerji metabolizmas\u0131 s\u00fcrecinde rol alan koenzim A&#039;y\u0131 \u00fcretir.<br \/>\n2. L-arginin kas k\u00fctlesini ve g\u00fcc\u00fcn\u00fc art\u0131rmak i\u00e7in besin takviyesi olarak kullan\u0131labilir ve fiziksel egzersiz ve kas iyile\u015fmesinde yayg\u0131n olarak kullan\u0131l\u0131r.<br \/>\n3. L-arginin ayr\u0131ca kardiyovask\u00fcler hastal\u0131k, obstr\u00fcktif akci\u011fer hastal\u0131\u011f\u0131 ve psikiyatrik bozukluklar\u0131n tedavisinde de kullan\u0131labilir.<\/p>","protected":false},"excerpt":{"rendered":"<p>\u00dcr\u00fcn ad\u0131: L-Arginin<\/p>\n<p>Kasa Numaras\u0131: 74-79-3<\/p>\n<p>MF:C6H14N4O2<\/p>\n<p>G\u00f6r\u00fcn\u00fcm: Renksiz kristal<\/p>","protected":false},"featured_media":5182,"template":"","meta":{"_acf_changed":false,"_gspb_post_css":""},"product_brand":[],"product_cat":[69,55,103,24],"product_tag":[],"class_list":{"0":"post-6115","1":"product","2":"type-product","3":"status-publish","4":"has-post-thumbnail","6":"product_cat-more","7":"product_cat-food-additives","8":"product_cat-nutrition-enhancer","9":"product_cat-uncategorized","11":"first","12":"instock","13":"shipping-taxable","14":"product-type-simple"},"acf":[],"_links":{"self":[{"href":"https:\/\/wpachem.com\/tr\/wp-json\/wp\/v2\/product\/6115","targetHints":{"allow":["GET"]}}],"collection":[{"href":"https:\/\/wpachem.com\/tr\/wp-json\/wp\/v2\/product"}],"about":[{"href":"https:\/\/wpachem.com\/tr\/wp-json\/wp\/v2\/types\/product"}],"version-history":[{"count":0,"href":"https:\/\/wpachem.com\/tr\/wp-json\/wp\/v2\/product\/6115\/revisions"}],"wp:featuredmedia":[{"embeddable":true,"href":"https:\/\/wpachem.com\/tr\/wp-json\/wp\/v2\/media\/5182"}],"wp:attachment":[{"href":"https:\/\/wpachem.com\/tr\/wp-json\/wp\/v2\/media?parent=6115"}],"wp:term":[{"taxonomy":"product_brand","embeddable":true,"href":"https:\/\/wpachem.com\/tr\/wp-json\/wp\/v2\/product_brand?post=6115"},{"taxonomy":"product_cat","embeddable":true,"href":"https:\/\/wpachem.com\/tr\/wp-json\/wp\/v2\/product_cat?post=6115"},{"taxonomy":"product_tag","embeddable":true,"href":"https:\/\/wpachem.com\/tr\/wp-json\/wp\/v2\/product_tag?post=6115"}],"curies":[{"name":"wp","href":"https:\/\/api.w.org\/{rel}","templated":true}]}}