{"id":6117,"date":"2024-02-08T06:39:12","date_gmt":"2024-02-08T06:39:12","guid":{"rendered":"https:\/\/wpachem.com\/?post_type=product&#038;p=6117"},"modified":"2024-02-08T06:40:59","modified_gmt":"2024-02-08T06:40:59","slug":"l-histidine-cas-71-00-1","status":"publish","type":"product","link":"https:\/\/wpachem.com\/tr\/urun\/l-histidine-cas-71-00-1\/","title":{"rendered":"L-Histidin CAS 71-00-1"},"content":{"rendered":"<p><strong>\u00d6zellik<\/strong><\/p>\n<p>Beyaz kristal toz<\/p>\n<p><strong>Ba\u015fvuru:<\/strong><\/p>\n<p>Amino asit ila\u00e7lar\u0131. Amino asit inf\u00fczyonunun ve kapsaml\u0131 amino asit preparatlar\u0131n\u0131n ana bile\u015feni. Kullan\u0131m ve dozaj: Mide \u00fclseri, anemi, alerjiler vb. tedavisinde kullan\u0131l\u0131r. 5 mL 4% sol\u00fcsyonunu deri alt\u0131na veya kas i\u00e7ine enjekte edin.<\/p>\n<p>G\u0131da katk\u0131 maddeleri lezzet artt\u0131r\u0131c\u0131 ve besin takviyeleri olarak kullan\u0131l\u0131r. Ekmek \u00fcretiminde eklendi\u011finde lezzet iyile\u015ftirilebilir. Bebek mamalar\u0131nda ve ameliyat sonras\u0131 hastalar i\u00e7in mamalarda kullan\u0131l\u0131rlar.<\/p>","protected":false},"excerpt":{"rendered":"<p>\u00dcr\u00fcn ad\u0131: L-Histidin<\/p>\n<p>Kasa No:71-00-1<\/p>\n<p>MF:C6H9N3O2<\/p>\n<p>G\u00f6r\u00fcn\u00fcm: Beyaz kristal toz<\/p>","protected":false},"featured_media":5182,"template":"","meta":{"_acf_changed":false,"_gspb_post_css":""},"product_brand":[],"product_cat":[69,55,103,24],"product_tag":[],"class_list":{"0":"post-6117","1":"product","2":"type-product","3":"status-publish","4":"has-post-thumbnail","6":"product_cat-more","7":"product_cat-food-additives","8":"product_cat-nutrition-enhancer","9":"product_cat-uncategorized","11":"first","12":"instock","13":"shipping-taxable","14":"product-type-simple"},"acf":[],"_links":{"self":[{"href":"https:\/\/wpachem.com\/tr\/wp-json\/wp\/v2\/product\/6117","targetHints":{"allow":["GET"]}}],"collection":[{"href":"https:\/\/wpachem.com\/tr\/wp-json\/wp\/v2\/product"}],"about":[{"href":"https:\/\/wpachem.com\/tr\/wp-json\/wp\/v2\/types\/product"}],"version-history":[{"count":0,"href":"https:\/\/wpachem.com\/tr\/wp-json\/wp\/v2\/product\/6117\/revisions"}],"wp:featuredmedia":[{"embeddable":true,"href":"https:\/\/wpachem.com\/tr\/wp-json\/wp\/v2\/media\/5182"}],"wp:attachment":[{"href":"https:\/\/wpachem.com\/tr\/wp-json\/wp\/v2\/media?parent=6117"}],"wp:term":[{"taxonomy":"product_brand","embeddable":true,"href":"https:\/\/wpachem.com\/tr\/wp-json\/wp\/v2\/product_brand?post=6117"},{"taxonomy":"product_cat","embeddable":true,"href":"https:\/\/wpachem.com\/tr\/wp-json\/wp\/v2\/product_cat?post=6117"},{"taxonomy":"product_tag","embeddable":true,"href":"https:\/\/wpachem.com\/tr\/wp-json\/wp\/v2\/product_tag?post=6117"}],"curies":[{"name":"wp","href":"https:\/\/api.w.org\/{rel}","templated":true}]}}