{"id":6119,"date":"2024-02-08T06:45:45","date_gmt":"2024-02-08T06:45:45","guid":{"rendered":"https:\/\/wpachem.com\/?post_type=product&#038;p=6119"},"modified":"2024-02-19T02:27:03","modified_gmt":"2024-02-19T02:27:03","slug":"soirulina-extract-cas-11016-15-2","status":"publish","type":"product","link":"https:\/\/wpachem.com\/tr\/urun\/soirulina-extract-cas-11016-15-2\/","title":{"rendered":"Do\u011fal G\u0131da Boyas\u0131 Soirulina \u00d6z\u00fc CAS 11016-15-2"},"content":{"rendered":"<p><strong>\u00d6zellik<\/strong><\/p>\n<p>Spirulina&#039;dan elde edilen ve rafine edilen do\u011fal yenilebilir mavi bir pigmenttir. Ana bile\u015fen fikosiyanindir. \u00c7\u0131kar\u0131lan fikosiyanin g\u00f6r\u00fcn\u00fcm\u00fc mavi ila koyu mavi tozdur. Suda kolayca \u00e7\u00f6z\u00fcn\u00fcr, \u00e7\u00f6zelti ayn\u0131 zamanda parlak mavi ila koyu mavidir; \u00dcr\u00fcn \u0131\u015f\u0131k ve \u0131s\u0131ya kar\u015f\u0131 iyi bir stabiliteye sahiptir ve sentetik pigmentler aras\u0131ndaki fark, alg mavisinin boya i\u00e7ermemesi ve t\u00fcketildikten sonra dilde mavi leke b\u0131rakmamas\u0131d\u0131r. pH deneyinde, 4,5-8,0 aras\u0131ndaki alg mavisinin kararl\u0131 sulu \u00e7\u00f6zeltisinin parlak g\u00f6k mavisi oldu\u011fu ve rengin nispeten saf, g\u00f6ky\u00fcz\u00fcn\u00fcn ve denizin mavisine yak\u0131n oldu\u011fu bulundu. \u015eu anda dondurulmu\u015f i\u00e7eceklere (03.04 yenilebilir buz hari\u00e7), \u015fekerlemelere, aromal\u0131 i\u00e7eceklere, j\u00f6lelere ve di\u011fer bir\u00e7ok alana uygulanabilir.<\/p>\n<p><strong>Ba\u015fvuru:<\/strong><\/p>\n<p>\u015eu anda dondurulmu\u015f i\u00e7eceklerde (03.04 yenilebilir buz hari\u00e7), \u015fekerlemelerde, aromal\u0131 i\u00e7eceklerde, j\u00f6lelerde ve daha bir\u00e7ok alanda uygulanabilmektedir.<\/p>","protected":false},"excerpt":{"rendered":"<p>\u00dcr\u00fcn ad\u0131: Soirulina \u00d6z\u00fct\u00fc<\/p>\n<p>G\u00f6r\u00fcn\u00fcm: mavi ila koyu mavi toz<\/p>","protected":false},"featured_media":6100,"template":"","meta":{"_acf_changed":false,"_gspb_post_css":""},"product_brand":[],"product_cat":[120],"product_tag":[],"class_list":{"0":"post-6119","1":"product","2":"type-product","3":"status-publish","4":"has-post-thumbnail","6":"product_cat-food-colorants","8":"first","9":"instock","10":"shipping-taxable","11":"product-type-simple"},"acf":[],"_links":{"self":[{"href":"https:\/\/wpachem.com\/tr\/wp-json\/wp\/v2\/product\/6119","targetHints":{"allow":["GET"]}}],"collection":[{"href":"https:\/\/wpachem.com\/tr\/wp-json\/wp\/v2\/product"}],"about":[{"href":"https:\/\/wpachem.com\/tr\/wp-json\/wp\/v2\/types\/product"}],"version-history":[{"count":0,"href":"https:\/\/wpachem.com\/tr\/wp-json\/wp\/v2\/product\/6119\/revisions"}],"wp:featuredmedia":[{"embeddable":true,"href":"https:\/\/wpachem.com\/tr\/wp-json\/wp\/v2\/media\/6100"}],"wp:attachment":[{"href":"https:\/\/wpachem.com\/tr\/wp-json\/wp\/v2\/media?parent=6119"}],"wp:term":[{"taxonomy":"product_brand","embeddable":true,"href":"https:\/\/wpachem.com\/tr\/wp-json\/wp\/v2\/product_brand?post=6119"},{"taxonomy":"product_cat","embeddable":true,"href":"https:\/\/wpachem.com\/tr\/wp-json\/wp\/v2\/product_cat?post=6119"},{"taxonomy":"product_tag","embeddable":true,"href":"https:\/\/wpachem.com\/tr\/wp-json\/wp\/v2\/product_tag?post=6119"}],"curies":[{"name":"wp","href":"https:\/\/api.w.org\/{rel}","templated":true}]}}