{"id":6121,"date":"2024-02-08T06:41:13","date_gmt":"2024-02-08T06:41:13","guid":{"rendered":"https:\/\/wpachem.com\/?post_type=product&#038;p=6121"},"modified":"2024-02-08T06:47:45","modified_gmt":"2024-02-08T06:47:45","slug":"enoki-mushroom-extract","status":"publish","type":"product","link":"https:\/\/wpachem.com\/tr\/urun\/enoki-mushroom-extract\/","title":{"rendered":"Enoki mantar \u00f6z\u00fct\u00fc"},"content":{"rendered":"<p><strong>\u00d6zellik<\/strong><\/p>\n<p>Kahverengi sar\u0131 toz<\/p>\n<p><strong>Ba\u015fvuru:<\/strong><\/p>\n<p>Zay\u0131flama, t\u00fcm\u00f6r kar\u015f\u0131t\u0131, imm\u00fcnomod\u00fclat\u00f6r, kan bas\u0131nc\u0131n\u0131 d\u00fc\u015f\u00fcrme, haf\u0131za fonksiyonunu iyile\u015ftirme, antioksidan<\/p>","protected":false},"excerpt":{"rendered":"<p>\u00dcr\u00fcn ad\u0131: Enoki mantar \u00f6z\u00fct\u00fc<\/p>\n<p>G\u00f6r\u00fcn\u00fcm: Kahverengi sar\u0131 toz<\/p>","protected":false},"featured_media":5830,"template":"","meta":{"_acf_changed":false,"_gspb_post_css":""},"product_brand":[],"product_cat":[69,124,123,122,24],"product_tag":[],"class_list":{"0":"post-6121","1":"product","2":"type-product","3":"status-publish","4":"has-post-thumbnail","6":"product_cat-more","7":"product_cat-food-additives-plant-extract","8":"product_cat-health-product-raw-materials","9":"product_cat-plant-extract","10":"product_cat-uncategorized","12":"first","13":"instock","14":"shipping-taxable","15":"product-type-simple"},"acf":[],"_links":{"self":[{"href":"https:\/\/wpachem.com\/tr\/wp-json\/wp\/v2\/product\/6121","targetHints":{"allow":["GET"]}}],"collection":[{"href":"https:\/\/wpachem.com\/tr\/wp-json\/wp\/v2\/product"}],"about":[{"href":"https:\/\/wpachem.com\/tr\/wp-json\/wp\/v2\/types\/product"}],"version-history":[{"count":0,"href":"https:\/\/wpachem.com\/tr\/wp-json\/wp\/v2\/product\/6121\/revisions"}],"wp:featuredmedia":[{"embeddable":true,"href":"https:\/\/wpachem.com\/tr\/wp-json\/wp\/v2\/media\/5830"}],"wp:attachment":[{"href":"https:\/\/wpachem.com\/tr\/wp-json\/wp\/v2\/media?parent=6121"}],"wp:term":[{"taxonomy":"product_brand","embeddable":true,"href":"https:\/\/wpachem.com\/tr\/wp-json\/wp\/v2\/product_brand?post=6121"},{"taxonomy":"product_cat","embeddable":true,"href":"https:\/\/wpachem.com\/tr\/wp-json\/wp\/v2\/product_cat?post=6121"},{"taxonomy":"product_tag","embeddable":true,"href":"https:\/\/wpachem.com\/tr\/wp-json\/wp\/v2\/product_tag?post=6121"}],"curies":[{"name":"wp","href":"https:\/\/api.w.org\/{rel}","templated":true}]}}